{"id":23153,"date":"2026-04-07T22:31:19","date_gmt":"2026-04-07T20:31:19","guid":{"rendered":"https:\/\/www.skydiveinterlaken.ch\/?page_id=23153"},"modified":"2026-04-07T22:31:19","modified_gmt":"2026-04-07T20:31:19","slug":"a-propos-de-nous","status":"publish","type":"page","link":"https:\/\/www.skydiveinterlaken.ch\/fr\/a-propos-de-nous\/","title":{"rendered":"\u00c0 propos de nous"},"content":{"rendered":"","protected":false},"excerpt":{"rendered":"<p>En savoir plus sur Skydive Interlaken, notre \u00e9quipe, nos dropzones et pourquoi le saut en h\u00e9licopt\u00e8re offre une exp\u00e9rience inoubliable en Suisse.<\/p>\n","protected":false},"author":2,"featured_media":0,"parent":0,"menu_order":56,"comment_status":"closed","ping_status":"closed","template":"page-templates\/about-us-new.php","meta":{"_acf_changed":false,"inline_featured_image":false,"footnotes":""},"class_list":["post-23153","page","type-page","status-publish","hentry"],"acf":[],"yoast_head":"<!-- This site is optimized with the Yoast SEO plugin v26.0 - https:\/\/yoast.com\/wordpress\/plugins\/seo\/ -->\n<title>\u00c0 propos de Skydive Interlaken | \u00c9quipe, lieux et exp\u00e9rience<\/title>\n<meta name=\"description\" content=\"D\u00e9couvrez Skydive Interlaken, l\u2019\u00e9quipe derri\u00e8re des sauts en h\u00e9licopt\u00e8re et vols panoramiques inoubliables au c\u0153ur des Alpes suisses.\" \/>\n<meta name=\"robots\" content=\"index, follow, max-snippet:-1, max-image-preview:large, max-video-preview:-1\" \/>\n<link rel=\"canonical\" href=\"https:\/\/www.skydiveinterlaken.ch\/fr\/a-propos-de-nous\/\" \/>\n<meta property=\"og:locale\" content=\"fr_FR\" \/>\n<meta property=\"og:type\" content=\"article\" \/>\n<meta property=\"og:title\" content=\"\u00c0 propos de Skydive Interlaken | \u00c9quipe, lieux et exp\u00e9rience\" \/>\n<meta property=\"og:description\" content=\"D\u00e9couvrez Skydive Interlaken, l\u2019\u00e9quipe derri\u00e8re des sauts en h\u00e9licopt\u00e8re et vols panoramiques inoubliables au c\u0153ur des Alpes suisses.\" \/>\n<meta property=\"og:url\" content=\"https:\/\/www.skydiveinterlaken.ch\/fr\/a-propos-de-nous\/\" \/>\n<meta property=\"og:site_name\" content=\"Skydive Interlaken\" \/>\n<meta name=\"twitter:card\" content=\"summary_large_image\" \/>\n<script type=\"application\/ld+json\" class=\"yoast-schema-graph\">{\"@context\":\"https:\/\/schema.org\",\"@graph\":[{\"@type\":\"WebPage\",\"@id\":\"https:\/\/www.skydiveinterlaken.ch\/fr\/a-propos-de-nous\/\",\"url\":\"https:\/\/www.skydiveinterlaken.ch\/fr\/a-propos-de-nous\/\",\"name\":\"\u00c0 propos de Skydive Interlaken | \u00c9quipe, lieux et exp\u00e9rience\",\"isPartOf\":{\"@id\":\"https:\/\/www.skydiveinterlaken.ch\/#website\"},\"datePublished\":\"2026-04-07T20:31:19+00:00\",\"description\":\"D\u00e9couvrez Skydive Interlaken, l\u2019\u00e9quipe derri\u00e8re des sauts en h\u00e9licopt\u00e8re et vols panoramiques inoubliables au c\u0153ur des Alpes suisses.\",\"breadcrumb\":{\"@id\":\"https:\/\/www.skydiveinterlaken.ch\/fr\/a-propos-de-nous\/#breadcrumb\"},\"inLanguage\":\"fr-FR\",\"potentialAction\":[{\"@type\":\"ReadAction\",\"target\":[\"https:\/\/www.skydiveinterlaken.ch\/fr\/a-propos-de-nous\/\"]}]},{\"@type\":\"BreadcrumbList\",\"@id\":\"https:\/\/www.skydiveinterlaken.ch\/fr\/a-propos-de-nous\/#breadcrumb\",\"itemListElement\":[{\"@type\":\"ListItem\",\"position\":1,\"name\":\"Home\",\"item\":\"https:\/\/www.skydiveinterlaken.ch\/\"},{\"@type\":\"ListItem\",\"position\":2,\"name\":\"\u00c0 propos de nous\"}]},{\"@type\":\"WebSite\",\"@id\":\"https:\/\/www.skydiveinterlaken.ch\/#website\",\"url\":\"https:\/\/www.skydiveinterlaken.ch\/\",\"name\":\"Skydive Interlaken\",\"description\":\"\",\"publisher\":{\"@id\":\"https:\/\/www.skydiveinterlaken.ch\/#organization\"},\"potentialAction\":[{\"@type\":\"SearchAction\",\"target\":{\"@type\":\"EntryPoint\",\"urlTemplate\":\"https:\/\/www.skydiveinterlaken.ch\/?s={search_term_string}\"},\"query-input\":{\"@type\":\"PropertyValueSpecification\",\"valueRequired\":true,\"valueName\":\"search_term_string\"}}],\"inLanguage\":\"fr-FR\"},{\"@type\":\"Organization\",\"@id\":\"https:\/\/www.skydiveinterlaken.ch\/#organization\",\"name\":\"Skydive Interlaken\",\"url\":\"https:\/\/www.skydiveinterlaken.ch\/\",\"logo\":{\"@type\":\"ImageObject\",\"inLanguage\":\"fr-FR\",\"@id\":\"https:\/\/www.skydiveinterlaken.ch\/#\/schema\/logo\/image\/\",\"url\":\"https:\/\/www.skydiveinterlaken.ch\/wp-content\/uploads\/2025\/07\/google-icon.png\",\"contentUrl\":\"https:\/\/www.skydiveinterlaken.ch\/wp-content\/uploads\/2025\/07\/google-icon.png\",\"width\":512,\"height\":512,\"caption\":\"Skydive Interlaken\"},\"image\":{\"@id\":\"https:\/\/www.skydiveinterlaken.ch\/#\/schema\/logo\/image\/\"}}]}<\/script>\n<!-- \/ Yoast SEO plugin. -->","yoast_head_json":{"title":"\u00c0 propos de Skydive Interlaken | \u00c9quipe, lieux et exp\u00e9rience","description":"D\u00e9couvrez Skydive Interlaken, l\u2019\u00e9quipe derri\u00e8re des sauts en h\u00e9licopt\u00e8re et vols panoramiques inoubliables au c\u0153ur des Alpes suisses.","robots":{"index":"index","follow":"follow","max-snippet":"max-snippet:-1","max-image-preview":"max-image-preview:large","max-video-preview":"max-video-preview:-1"},"canonical":"https:\/\/www.skydiveinterlaken.ch\/fr\/a-propos-de-nous\/","og_locale":"fr_FR","og_type":"article","og_title":"\u00c0 propos de Skydive Interlaken | \u00c9quipe, lieux et exp\u00e9rience","og_description":"D\u00e9couvrez Skydive Interlaken, l\u2019\u00e9quipe derri\u00e8re des sauts en h\u00e9licopt\u00e8re et vols panoramiques inoubliables au c\u0153ur des Alpes suisses.","og_url":"https:\/\/www.skydiveinterlaken.ch\/fr\/a-propos-de-nous\/","og_site_name":"Skydive Interlaken","twitter_card":"summary_large_image","schema":{"@context":"https:\/\/schema.org","@graph":[{"@type":"WebPage","@id":"https:\/\/www.skydiveinterlaken.ch\/fr\/a-propos-de-nous\/","url":"https:\/\/www.skydiveinterlaken.ch\/fr\/a-propos-de-nous\/","name":"\u00c0 propos de Skydive Interlaken | \u00c9quipe, lieux et exp\u00e9rience","isPartOf":{"@id":"https:\/\/www.skydiveinterlaken.ch\/#website"},"datePublished":"2026-04-07T20:31:19+00:00","description":"D\u00e9couvrez Skydive Interlaken, l\u2019\u00e9quipe derri\u00e8re des sauts en h\u00e9licopt\u00e8re et vols panoramiques inoubliables au c\u0153ur des Alpes suisses.","breadcrumb":{"@id":"https:\/\/www.skydiveinterlaken.ch\/fr\/a-propos-de-nous\/#breadcrumb"},"inLanguage":"fr-FR","potentialAction":[{"@type":"ReadAction","target":["https:\/\/www.skydiveinterlaken.ch\/fr\/a-propos-de-nous\/"]}]},{"@type":"BreadcrumbList","@id":"https:\/\/www.skydiveinterlaken.ch\/fr\/a-propos-de-nous\/#breadcrumb","itemListElement":[{"@type":"ListItem","position":1,"name":"Home","item":"https:\/\/www.skydiveinterlaken.ch\/"},{"@type":"ListItem","position":2,"name":"\u00c0 propos de nous"}]},{"@type":"WebSite","@id":"https:\/\/www.skydiveinterlaken.ch\/#website","url":"https:\/\/www.skydiveinterlaken.ch\/","name":"Skydive Interlaken","description":"","publisher":{"@id":"https:\/\/www.skydiveinterlaken.ch\/#organization"},"potentialAction":[{"@type":"SearchAction","target":{"@type":"EntryPoint","urlTemplate":"https:\/\/www.skydiveinterlaken.ch\/?s={search_term_string}"},"query-input":{"@type":"PropertyValueSpecification","valueRequired":true,"valueName":"search_term_string"}}],"inLanguage":"fr-FR"},{"@type":"Organization","@id":"https:\/\/www.skydiveinterlaken.ch\/#organization","name":"Skydive Interlaken","url":"https:\/\/www.skydiveinterlaken.ch\/","logo":{"@type":"ImageObject","inLanguage":"fr-FR","@id":"https:\/\/www.skydiveinterlaken.ch\/#\/schema\/logo\/image\/","url":"https:\/\/www.skydiveinterlaken.ch\/wp-content\/uploads\/2025\/07\/google-icon.png","contentUrl":"https:\/\/www.skydiveinterlaken.ch\/wp-content\/uploads\/2025\/07\/google-icon.png","width":512,"height":512,"caption":"Skydive Interlaken"},"image":{"@id":"https:\/\/www.skydiveinterlaken.ch\/#\/schema\/logo\/image\/"}}]}},"_links":{"self":[{"href":"https:\/\/www.skydiveinterlaken.ch\/fr\/wp-json\/wp\/v2\/pages\/23153","targetHints":{"allow":["GET"]}}],"collection":[{"href":"https:\/\/www.skydiveinterlaken.ch\/fr\/wp-json\/wp\/v2\/pages"}],"about":[{"href":"https:\/\/www.skydiveinterlaken.ch\/fr\/wp-json\/wp\/v2\/types\/page"}],"author":[{"embeddable":true,"href":"https:\/\/www.skydiveinterlaken.ch\/fr\/wp-json\/wp\/v2\/users\/2"}],"replies":[{"embeddable":true,"href":"https:\/\/www.skydiveinterlaken.ch\/fr\/wp-json\/wp\/v2\/comments?post=23153"}],"version-history":[{"count":5,"href":"https:\/\/www.skydiveinterlaken.ch\/fr\/wp-json\/wp\/v2\/pages\/23153\/revisions"}],"predecessor-version":[{"id":24016,"href":"https:\/\/www.skydiveinterlaken.ch\/fr\/wp-json\/wp\/v2\/pages\/23153\/revisions\/24016"}],"wp:attachment":[{"href":"https:\/\/www.skydiveinterlaken.ch\/fr\/wp-json\/wp\/v2\/media?parent=23153"}],"curies":[{"name":"wp","href":"https:\/\/api.w.org\/{rel}","templated":true}]}}