{"id":19308,"date":"2026-02-07T04:19:17","date_gmt":"2026-02-07T03:19:17","guid":{"rendered":"https:\/\/www.skydiveinterlaken.ch\/?page_id=19308"},"modified":"2026-04-20T11:56:31","modified_gmt":"2026-04-20T09:56:31","slug":"parachutisme-bons-interlaken","status":"publish","type":"page","link":"https:\/\/www.skydiveinterlaken.ch\/fr\/parachutisme-bons-interlaken\/","title":{"rendered":"Bons Cadeaux de saut en parachute \u00e0 Interlaken"},"content":{"rendered":"","protected":false},"excerpt":{"rendered":"<p>Un cadeau inoubliable \u00e0 Interlaken : offrez un saut ou un vol panoramique, ou optez pour un bon \u00e0 montant libre et d\u00e9cidez plus tard.<\/p>\n","protected":false},"author":2,"featured_media":0,"parent":0,"menu_order":8,"comment_status":"closed","ping_status":"closed","template":"page-templates\/page-voucher-new.php","meta":{"_acf_changed":false,"inline_featured_image":false,"footnotes":""},"class_list":["post-19308","page","type-page","status-publish","hentry"],"acf":[],"yoast_head":"<!-- This site is optimized with the Yoast SEO plugin v27.4 - https:\/\/yoast.com\/product\/yoast-seo-wordpress\/ -->\n<title>Bons cadeaux parachute \u00e0 Interlaken | Skydive Interlaken<\/title>\n<meta name=\"description\" content=\"Offrez un bon cadeau Skydive Interlaken : saut en parachute ou vol panoramique \u2013 ou choisissez un montant personnalis\u00e9.\" \/>\n<meta name=\"robots\" content=\"index, follow, max-snippet:-1, max-image-preview:large, max-video-preview:-1\" \/>\n<link rel=\"canonical\" href=\"https:\/\/www.skydiveinterlaken.ch\/fr\/parachutisme-bons-interlaken\/\" \/>\n<meta property=\"og:locale\" content=\"fr_FR\" \/>\n<meta property=\"og:type\" content=\"article\" \/>\n<meta property=\"og:title\" content=\"Bons cadeaux parachute \u00e0 Interlaken | Skydive Interlaken\" \/>\n<meta property=\"og:description\" content=\"Offrez un bon cadeau Skydive Interlaken : saut en parachute ou vol panoramique \u2013 ou choisissez un montant personnalis\u00e9.\" \/>\n<meta property=\"og:url\" content=\"https:\/\/www.skydiveinterlaken.ch\/fr\/parachutisme-bons-interlaken\/\" \/>\n<meta property=\"og:site_name\" content=\"Skydive Interlaken\" \/>\n<meta property=\"article:modified_time\" content=\"2026-04-20T09:56:31+00:00\" \/>\n<meta name=\"twitter:card\" content=\"summary_large_image\" \/>\n<script type=\"application\/ld+json\" class=\"yoast-schema-graph\">{\"@context\":\"https:\\\/\\\/schema.org\",\"@graph\":[{\"@type\":\"WebPage\",\"@id\":\"https:\\\/\\\/www.skydiveinterlaken.ch\\\/fr\\\/parachutisme-bons-interlaken\\\/\",\"url\":\"https:\\\/\\\/www.skydiveinterlaken.ch\\\/fr\\\/parachutisme-bons-interlaken\\\/\",\"name\":\"Bons cadeaux parachute \u00e0 Interlaken | Skydive Interlaken\",\"isPartOf\":{\"@id\":\"https:\\\/\\\/www.skydiveinterlaken.ch\\\/#website\"},\"datePublished\":\"2026-02-07T03:19:17+00:00\",\"dateModified\":\"2026-04-20T09:56:31+00:00\",\"description\":\"Offrez un bon cadeau Skydive Interlaken : saut en parachute ou vol panoramique \u2013 ou choisissez un montant personnalis\u00e9.\",\"breadcrumb\":{\"@id\":\"https:\\\/\\\/www.skydiveinterlaken.ch\\\/fr\\\/parachutisme-bons-interlaken\\\/#breadcrumb\"},\"inLanguage\":\"fr-FR\",\"potentialAction\":[{\"@type\":\"ReadAction\",\"target\":[\"https:\\\/\\\/www.skydiveinterlaken.ch\\\/fr\\\/parachutisme-bons-interlaken\\\/\"]}]},{\"@type\":\"BreadcrumbList\",\"@id\":\"https:\\\/\\\/www.skydiveinterlaken.ch\\\/fr\\\/parachutisme-bons-interlaken\\\/#breadcrumb\",\"itemListElement\":[{\"@type\":\"ListItem\",\"position\":1,\"name\":\"Home\",\"item\":\"https:\\\/\\\/www.skydiveinterlaken.ch\\\/fr\\\/\"},{\"@type\":\"ListItem\",\"position\":2,\"name\":\"Bons Cadeaux de saut en parachute \u00e0 Interlaken\"}]},{\"@type\":\"WebSite\",\"@id\":\"https:\\\/\\\/www.skydiveinterlaken.ch\\\/#website\",\"url\":\"https:\\\/\\\/www.skydiveinterlaken.ch\\\/\",\"name\":\"Skydive Interlaken\",\"description\":\"\",\"publisher\":{\"@id\":\"https:\\\/\\\/www.skydiveinterlaken.ch\\\/#organization\"},\"potentialAction\":[{\"@type\":\"SearchAction\",\"target\":{\"@type\":\"EntryPoint\",\"urlTemplate\":\"https:\\\/\\\/www.skydiveinterlaken.ch\\\/?s={search_term_string}\"},\"query-input\":{\"@type\":\"PropertyValueSpecification\",\"valueRequired\":true,\"valueName\":\"search_term_string\"}}],\"inLanguage\":\"fr-FR\"},{\"@type\":\"Organization\",\"@id\":\"https:\\\/\\\/www.skydiveinterlaken.ch\\\/#organization\",\"name\":\"Skydive Interlaken\",\"url\":\"https:\\\/\\\/www.skydiveinterlaken.ch\\\/\",\"logo\":{\"@type\":\"ImageObject\",\"inLanguage\":\"fr-FR\",\"@id\":\"https:\\\/\\\/www.skydiveinterlaken.ch\\\/#\\\/schema\\\/logo\\\/image\\\/\",\"url\":\"https:\\\/\\\/www.skydiveinterlaken.ch\\\/wp-content\\\/uploads\\\/2025\\\/07\\\/google-icon.png\",\"contentUrl\":\"https:\\\/\\\/www.skydiveinterlaken.ch\\\/wp-content\\\/uploads\\\/2025\\\/07\\\/google-icon.png\",\"width\":512,\"height\":512,\"caption\":\"Skydive Interlaken\"},\"image\":{\"@id\":\"https:\\\/\\\/www.skydiveinterlaken.ch\\\/#\\\/schema\\\/logo\\\/image\\\/\"}}]}<\/script>\n<!-- \/ Yoast SEO plugin. -->","yoast_head_json":{"title":"Bons cadeaux parachute \u00e0 Interlaken | Skydive Interlaken","description":"Offrez un bon cadeau Skydive Interlaken : saut en parachute ou vol panoramique \u2013 ou choisissez un montant personnalis\u00e9.","robots":{"index":"index","follow":"follow","max-snippet":"max-snippet:-1","max-image-preview":"max-image-preview:large","max-video-preview":"max-video-preview:-1"},"canonical":"https:\/\/www.skydiveinterlaken.ch\/fr\/parachutisme-bons-interlaken\/","og_locale":"fr_FR","og_type":"article","og_title":"Bons cadeaux parachute \u00e0 Interlaken | Skydive Interlaken","og_description":"Offrez un bon cadeau Skydive Interlaken : saut en parachute ou vol panoramique \u2013 ou choisissez un montant personnalis\u00e9.","og_url":"https:\/\/www.skydiveinterlaken.ch\/fr\/parachutisme-bons-interlaken\/","og_site_name":"Skydive Interlaken","article_modified_time":"2026-04-20T09:56:31+00:00","twitter_card":"summary_large_image","schema":{"@context":"https:\/\/schema.org","@graph":[{"@type":"WebPage","@id":"https:\/\/www.skydiveinterlaken.ch\/fr\/parachutisme-bons-interlaken\/","url":"https:\/\/www.skydiveinterlaken.ch\/fr\/parachutisme-bons-interlaken\/","name":"Bons cadeaux parachute \u00e0 Interlaken | Skydive Interlaken","isPartOf":{"@id":"https:\/\/www.skydiveinterlaken.ch\/#website"},"datePublished":"2026-02-07T03:19:17+00:00","dateModified":"2026-04-20T09:56:31+00:00","description":"Offrez un bon cadeau Skydive Interlaken : saut en parachute ou vol panoramique \u2013 ou choisissez un montant personnalis\u00e9.","breadcrumb":{"@id":"https:\/\/www.skydiveinterlaken.ch\/fr\/parachutisme-bons-interlaken\/#breadcrumb"},"inLanguage":"fr-FR","potentialAction":[{"@type":"ReadAction","target":["https:\/\/www.skydiveinterlaken.ch\/fr\/parachutisme-bons-interlaken\/"]}]},{"@type":"BreadcrumbList","@id":"https:\/\/www.skydiveinterlaken.ch\/fr\/parachutisme-bons-interlaken\/#breadcrumb","itemListElement":[{"@type":"ListItem","position":1,"name":"Home","item":"https:\/\/www.skydiveinterlaken.ch\/fr\/"},{"@type":"ListItem","position":2,"name":"Bons Cadeaux de saut en parachute \u00e0 Interlaken"}]},{"@type":"WebSite","@id":"https:\/\/www.skydiveinterlaken.ch\/#website","url":"https:\/\/www.skydiveinterlaken.ch\/","name":"Skydive Interlaken","description":"","publisher":{"@id":"https:\/\/www.skydiveinterlaken.ch\/#organization"},"potentialAction":[{"@type":"SearchAction","target":{"@type":"EntryPoint","urlTemplate":"https:\/\/www.skydiveinterlaken.ch\/?s={search_term_string}"},"query-input":{"@type":"PropertyValueSpecification","valueRequired":true,"valueName":"search_term_string"}}],"inLanguage":"fr-FR"},{"@type":"Organization","@id":"https:\/\/www.skydiveinterlaken.ch\/#organization","name":"Skydive Interlaken","url":"https:\/\/www.skydiveinterlaken.ch\/","logo":{"@type":"ImageObject","inLanguage":"fr-FR","@id":"https:\/\/www.skydiveinterlaken.ch\/#\/schema\/logo\/image\/","url":"https:\/\/www.skydiveinterlaken.ch\/wp-content\/uploads\/2025\/07\/google-icon.png","contentUrl":"https:\/\/www.skydiveinterlaken.ch\/wp-content\/uploads\/2025\/07\/google-icon.png","width":512,"height":512,"caption":"Skydive Interlaken"},"image":{"@id":"https:\/\/www.skydiveinterlaken.ch\/#\/schema\/logo\/image\/"}}]}},"_links":{"self":[{"href":"https:\/\/www.skydiveinterlaken.ch\/fr\/wp-json\/wp\/v2\/pages\/19308","targetHints":{"allow":["GET"]}}],"collection":[{"href":"https:\/\/www.skydiveinterlaken.ch\/fr\/wp-json\/wp\/v2\/pages"}],"about":[{"href":"https:\/\/www.skydiveinterlaken.ch\/fr\/wp-json\/wp\/v2\/types\/page"}],"author":[{"embeddable":true,"href":"https:\/\/www.skydiveinterlaken.ch\/fr\/wp-json\/wp\/v2\/users\/2"}],"replies":[{"embeddable":true,"href":"https:\/\/www.skydiveinterlaken.ch\/fr\/wp-json\/wp\/v2\/comments?post=19308"}],"version-history":[{"count":7,"href":"https:\/\/www.skydiveinterlaken.ch\/fr\/wp-json\/wp\/v2\/pages\/19308\/revisions"}],"predecessor-version":[{"id":24411,"href":"https:\/\/www.skydiveinterlaken.ch\/fr\/wp-json\/wp\/v2\/pages\/19308\/revisions\/24411"}],"wp:attachment":[{"href":"https:\/\/www.skydiveinterlaken.ch\/fr\/wp-json\/wp\/v2\/media?parent=19308"}],"curies":[{"name":"wp","href":"https:\/\/api.w.org\/{rel}","templated":true}]}}