{"id":12846,"date":"2024-09-02T07:10:19","date_gmt":"2024-09-02T05:10:19","guid":{"rendered":"https:\/\/www.skydiveinterlaken.ch\/?page_id=12846"},"modified":"2025-10-21T14:55:02","modified_gmt":"2025-10-21T12:55:02","slug":"destinations-region-jungfrau-suisse","status":"publish","type":"page","link":"https:\/\/www.skydiveinterlaken.ch\/fr\/destinations-region-jungfrau-suisse\/","title":{"rendered":"La r\u00e9gion de la Jungfrau"},"content":{"rendered":"","protected":false},"excerpt":{"rendered":"<p>D\u00e9couvrez Interlaken, Lauterbrunnen et Grindelwald dans la r\u00e9gion de la Jungfrau. Profitez de vols panoramiques, de sauts en parachute et explorez les magnifiques paysages suisses avec Skydive Interlaken !<\/p>\n","protected":false},"author":10,"featured_media":13634,"parent":0,"menu_order":0,"comment_status":"closed","ping_status":"closed","template":"page-templates\/page-destination-main.php","meta":{"_acf_changed":false,"inline_featured_image":false,"footnotes":""},"class_list":["post-12846","page","type-page","status-publish","has-post-thumbnail","hentry"],"acf":[],"yoast_head":"<!-- This site is optimized with the Yoast SEO plugin v27.4 - https:\/\/yoast.com\/product\/yoast-seo-wordpress\/ -->\n<title>R\u00e9gion Jungfrau : Interlaken, Grindelwald et Lauterbrunnen !<\/title>\n<meta name=\"description\" content=\"D\u00e9couvrez les vols panoramiques et sauts en parachute dans la r\u00e9gion Jungfrau : Interlaken, Lauterbrunnen et Grindelwald avec Skydive Interlaken !\" \/>\n<meta name=\"robots\" content=\"index, follow, max-snippet:-1, max-image-preview:large, max-video-preview:-1\" \/>\n<link rel=\"canonical\" href=\"https:\/\/www.skydiveinterlaken.ch\/fr\/destinations-region-jungfrau-suisse\/\" \/>\n<meta property=\"og:locale\" content=\"fr_FR\" \/>\n<meta property=\"og:type\" content=\"article\" \/>\n<meta property=\"og:title\" content=\"R\u00e9gion Jungfrau : Interlaken, Grindelwald et Lauterbrunnen !\" \/>\n<meta property=\"og:description\" content=\"D\u00e9couvrez les vols panoramiques et sauts en parachute dans la r\u00e9gion Jungfrau : Interlaken, Lauterbrunnen et Grindelwald avec Skydive Interlaken !\" \/>\n<meta property=\"og:url\" content=\"https:\/\/www.skydiveinterlaken.ch\/fr\/destinations-region-jungfrau-suisse\/\" \/>\n<meta property=\"og:site_name\" content=\"Skydive Interlaken\" \/>\n<meta property=\"article:modified_time\" content=\"2025-10-21T12:55:02+00:00\" \/>\n<meta property=\"og:image\" content=\"https:\/\/www.skydiveinterlaken.ch\/wp-content\/uploads\/2025\/03\/Mountain-Swoop-Eiger-Skydive-Interlaken.webp\" \/>\n\t<meta property=\"og:image:width\" content=\"1920\" \/>\n\t<meta property=\"og:image:height\" content=\"1280\" \/>\n\t<meta property=\"og:image:type\" content=\"image\/webp\" \/>\n<meta name=\"twitter:card\" content=\"summary_large_image\" \/>\n<meta name=\"twitter:label1\" content=\"Dur\u00e9e de lecture estim\u00e9e\" \/>\n\t<meta name=\"twitter:data1\" content=\"1 minute\" \/>\n<script type=\"application\/ld+json\" class=\"yoast-schema-graph\">{\"@context\":\"https:\\\/\\\/schema.org\",\"@graph\":[{\"@type\":\"WebPage\",\"@id\":\"https:\\\/\\\/www.skydiveinterlaken.ch\\\/fr\\\/destinations-region-jungfrau-suisse\\\/\",\"url\":\"https:\\\/\\\/www.skydiveinterlaken.ch\\\/fr\\\/destinations-region-jungfrau-suisse\\\/\",\"name\":\"R\u00e9gion Jungfrau : Interlaken, Grindelwald et Lauterbrunnen !\",\"isPartOf\":{\"@id\":\"https:\\\/\\\/www.skydiveinterlaken.ch\\\/#website\"},\"primaryImageOfPage\":{\"@id\":\"https:\\\/\\\/www.skydiveinterlaken.ch\\\/fr\\\/destinations-region-jungfrau-suisse\\\/#primaryimage\"},\"image\":{\"@id\":\"https:\\\/\\\/www.skydiveinterlaken.ch\\\/fr\\\/destinations-region-jungfrau-suisse\\\/#primaryimage\"},\"thumbnailUrl\":\"https:\\\/\\\/www.skydiveinterlaken.ch\\\/wp-content\\\/uploads\\\/2025\\\/03\\\/Mountain-Swoop-Eiger-Skydive-Interlaken.webp\",\"datePublished\":\"2024-09-02T05:10:19+00:00\",\"dateModified\":\"2025-10-21T12:55:02+00:00\",\"description\":\"D\u00e9couvrez les vols panoramiques et sauts en parachute dans la r\u00e9gion Jungfrau : Interlaken, Lauterbrunnen et Grindelwald avec Skydive Interlaken !\",\"breadcrumb\":{\"@id\":\"https:\\\/\\\/www.skydiveinterlaken.ch\\\/fr\\\/destinations-region-jungfrau-suisse\\\/#breadcrumb\"},\"inLanguage\":\"fr-FR\",\"potentialAction\":[{\"@type\":\"ReadAction\",\"target\":[\"https:\\\/\\\/www.skydiveinterlaken.ch\\\/fr\\\/destinations-region-jungfrau-suisse\\\/\"]}]},{\"@type\":\"ImageObject\",\"inLanguage\":\"fr-FR\",\"@id\":\"https:\\\/\\\/www.skydiveinterlaken.ch\\\/fr\\\/destinations-region-jungfrau-suisse\\\/#primaryimage\",\"url\":\"https:\\\/\\\/www.skydiveinterlaken.ch\\\/wp-content\\\/uploads\\\/2025\\\/03\\\/Mountain-Swoop-Eiger-Skydive-Interlaken.webp\",\"contentUrl\":\"https:\\\/\\\/www.skydiveinterlaken.ch\\\/wp-content\\\/uploads\\\/2025\\\/03\\\/Mountain-Swoop-Eiger-Skydive-Interlaken.webp\",\"width\":1920,\"height\":1280,\"caption\":\"Exclusive Mountain Swoop Jump with Skydive Interlaken\"},{\"@type\":\"BreadcrumbList\",\"@id\":\"https:\\\/\\\/www.skydiveinterlaken.ch\\\/fr\\\/destinations-region-jungfrau-suisse\\\/#breadcrumb\",\"itemListElement\":[{\"@type\":\"ListItem\",\"position\":1,\"name\":\"Home\",\"item\":\"https:\\\/\\\/www.skydiveinterlaken.ch\\\/fr\\\/\"},{\"@type\":\"ListItem\",\"position\":2,\"name\":\"La r\u00e9gion de la Jungfrau\"}]},{\"@type\":\"WebSite\",\"@id\":\"https:\\\/\\\/www.skydiveinterlaken.ch\\\/#website\",\"url\":\"https:\\\/\\\/www.skydiveinterlaken.ch\\\/\",\"name\":\"Skydive Interlaken\",\"description\":\"\",\"publisher\":{\"@id\":\"https:\\\/\\\/www.skydiveinterlaken.ch\\\/#organization\"},\"potentialAction\":[{\"@type\":\"SearchAction\",\"target\":{\"@type\":\"EntryPoint\",\"urlTemplate\":\"https:\\\/\\\/www.skydiveinterlaken.ch\\\/?s={search_term_string}\"},\"query-input\":{\"@type\":\"PropertyValueSpecification\",\"valueRequired\":true,\"valueName\":\"search_term_string\"}}],\"inLanguage\":\"fr-FR\"},{\"@type\":\"Organization\",\"@id\":\"https:\\\/\\\/www.skydiveinterlaken.ch\\\/#organization\",\"name\":\"Skydive Interlaken\",\"url\":\"https:\\\/\\\/www.skydiveinterlaken.ch\\\/\",\"logo\":{\"@type\":\"ImageObject\",\"inLanguage\":\"fr-FR\",\"@id\":\"https:\\\/\\\/www.skydiveinterlaken.ch\\\/#\\\/schema\\\/logo\\\/image\\\/\",\"url\":\"https:\\\/\\\/www.skydiveinterlaken.ch\\\/wp-content\\\/uploads\\\/2025\\\/07\\\/google-icon.png\",\"contentUrl\":\"https:\\\/\\\/www.skydiveinterlaken.ch\\\/wp-content\\\/uploads\\\/2025\\\/07\\\/google-icon.png\",\"width\":512,\"height\":512,\"caption\":\"Skydive Interlaken\"},\"image\":{\"@id\":\"https:\\\/\\\/www.skydiveinterlaken.ch\\\/#\\\/schema\\\/logo\\\/image\\\/\"}}]}<\/script>\n<!-- \/ Yoast SEO plugin. -->","yoast_head_json":{"title":"R\u00e9gion Jungfrau : Interlaken, Grindelwald et Lauterbrunnen !","description":"D\u00e9couvrez les vols panoramiques et sauts en parachute dans la r\u00e9gion Jungfrau : Interlaken, Lauterbrunnen et Grindelwald avec Skydive Interlaken !","robots":{"index":"index","follow":"follow","max-snippet":"max-snippet:-1","max-image-preview":"max-image-preview:large","max-video-preview":"max-video-preview:-1"},"canonical":"https:\/\/www.skydiveinterlaken.ch\/fr\/destinations-region-jungfrau-suisse\/","og_locale":"fr_FR","og_type":"article","og_title":"R\u00e9gion Jungfrau : Interlaken, Grindelwald et Lauterbrunnen !","og_description":"D\u00e9couvrez les vols panoramiques et sauts en parachute dans la r\u00e9gion Jungfrau : Interlaken, Lauterbrunnen et Grindelwald avec Skydive Interlaken !","og_url":"https:\/\/www.skydiveinterlaken.ch\/fr\/destinations-region-jungfrau-suisse\/","og_site_name":"Skydive Interlaken","article_modified_time":"2025-10-21T12:55:02+00:00","og_image":[{"width":1920,"height":1280,"url":"https:\/\/www.skydiveinterlaken.ch\/wp-content\/uploads\/2025\/03\/Mountain-Swoop-Eiger-Skydive-Interlaken.webp","type":"image\/webp"}],"twitter_card":"summary_large_image","twitter_misc":{"Dur\u00e9e de lecture estim\u00e9e":"1 minute"},"schema":{"@context":"https:\/\/schema.org","@graph":[{"@type":"WebPage","@id":"https:\/\/www.skydiveinterlaken.ch\/fr\/destinations-region-jungfrau-suisse\/","url":"https:\/\/www.skydiveinterlaken.ch\/fr\/destinations-region-jungfrau-suisse\/","name":"R\u00e9gion Jungfrau : Interlaken, Grindelwald et Lauterbrunnen !","isPartOf":{"@id":"https:\/\/www.skydiveinterlaken.ch\/#website"},"primaryImageOfPage":{"@id":"https:\/\/www.skydiveinterlaken.ch\/fr\/destinations-region-jungfrau-suisse\/#primaryimage"},"image":{"@id":"https:\/\/www.skydiveinterlaken.ch\/fr\/destinations-region-jungfrau-suisse\/#primaryimage"},"thumbnailUrl":"https:\/\/www.skydiveinterlaken.ch\/wp-content\/uploads\/2025\/03\/Mountain-Swoop-Eiger-Skydive-Interlaken.webp","datePublished":"2024-09-02T05:10:19+00:00","dateModified":"2025-10-21T12:55:02+00:00","description":"D\u00e9couvrez les vols panoramiques et sauts en parachute dans la r\u00e9gion Jungfrau : Interlaken, Lauterbrunnen et Grindelwald avec Skydive Interlaken !","breadcrumb":{"@id":"https:\/\/www.skydiveinterlaken.ch\/fr\/destinations-region-jungfrau-suisse\/#breadcrumb"},"inLanguage":"fr-FR","potentialAction":[{"@type":"ReadAction","target":["https:\/\/www.skydiveinterlaken.ch\/fr\/destinations-region-jungfrau-suisse\/"]}]},{"@type":"ImageObject","inLanguage":"fr-FR","@id":"https:\/\/www.skydiveinterlaken.ch\/fr\/destinations-region-jungfrau-suisse\/#primaryimage","url":"https:\/\/www.skydiveinterlaken.ch\/wp-content\/uploads\/2025\/03\/Mountain-Swoop-Eiger-Skydive-Interlaken.webp","contentUrl":"https:\/\/www.skydiveinterlaken.ch\/wp-content\/uploads\/2025\/03\/Mountain-Swoop-Eiger-Skydive-Interlaken.webp","width":1920,"height":1280,"caption":"Exclusive Mountain Swoop Jump with Skydive Interlaken"},{"@type":"BreadcrumbList","@id":"https:\/\/www.skydiveinterlaken.ch\/fr\/destinations-region-jungfrau-suisse\/#breadcrumb","itemListElement":[{"@type":"ListItem","position":1,"name":"Home","item":"https:\/\/www.skydiveinterlaken.ch\/fr\/"},{"@type":"ListItem","position":2,"name":"La r\u00e9gion de la Jungfrau"}]},{"@type":"WebSite","@id":"https:\/\/www.skydiveinterlaken.ch\/#website","url":"https:\/\/www.skydiveinterlaken.ch\/","name":"Skydive Interlaken","description":"","publisher":{"@id":"https:\/\/www.skydiveinterlaken.ch\/#organization"},"potentialAction":[{"@type":"SearchAction","target":{"@type":"EntryPoint","urlTemplate":"https:\/\/www.skydiveinterlaken.ch\/?s={search_term_string}"},"query-input":{"@type":"PropertyValueSpecification","valueRequired":true,"valueName":"search_term_string"}}],"inLanguage":"fr-FR"},{"@type":"Organization","@id":"https:\/\/www.skydiveinterlaken.ch\/#organization","name":"Skydive Interlaken","url":"https:\/\/www.skydiveinterlaken.ch\/","logo":{"@type":"ImageObject","inLanguage":"fr-FR","@id":"https:\/\/www.skydiveinterlaken.ch\/#\/schema\/logo\/image\/","url":"https:\/\/www.skydiveinterlaken.ch\/wp-content\/uploads\/2025\/07\/google-icon.png","contentUrl":"https:\/\/www.skydiveinterlaken.ch\/wp-content\/uploads\/2025\/07\/google-icon.png","width":512,"height":512,"caption":"Skydive Interlaken"},"image":{"@id":"https:\/\/www.skydiveinterlaken.ch\/#\/schema\/logo\/image\/"}}]}},"_links":{"self":[{"href":"https:\/\/www.skydiveinterlaken.ch\/fr\/wp-json\/wp\/v2\/pages\/12846","targetHints":{"allow":["GET"]}}],"collection":[{"href":"https:\/\/www.skydiveinterlaken.ch\/fr\/wp-json\/wp\/v2\/pages"}],"about":[{"href":"https:\/\/www.skydiveinterlaken.ch\/fr\/wp-json\/wp\/v2\/types\/page"}],"author":[{"embeddable":true,"href":"https:\/\/www.skydiveinterlaken.ch\/fr\/wp-json\/wp\/v2\/users\/10"}],"replies":[{"embeddable":true,"href":"https:\/\/www.skydiveinterlaken.ch\/fr\/wp-json\/wp\/v2\/comments?post=12846"}],"version-history":[{"count":5,"href":"https:\/\/www.skydiveinterlaken.ch\/fr\/wp-json\/wp\/v2\/pages\/12846\/revisions"}],"predecessor-version":[{"id":17096,"href":"https:\/\/www.skydiveinterlaken.ch\/fr\/wp-json\/wp\/v2\/pages\/12846\/revisions\/17096"}],"wp:featuredmedia":[{"embeddable":true,"href":"https:\/\/www.skydiveinterlaken.ch\/fr\/wp-json\/wp\/v2\/media\/13634"}],"wp:attachment":[{"href":"https:\/\/www.skydiveinterlaken.ch\/fr\/wp-json\/wp\/v2\/media?parent=12846"}],"curies":[{"name":"wp","href":"https:\/\/api.w.org\/{rel}","templated":true}]}}