{"id":11364,"date":"2024-06-29T08:02:43","date_gmt":"2024-06-29T06:02:43","guid":{"rendered":"https:\/\/www.skydiveinterlaken.ch\/?page_id=11364"},"modified":"2026-04-28T20:21:36","modified_gmt":"2026-04-28T18:21:36","slug":"activites-a-faire-a-grindelwald","status":"publish","type":"page","link":"https:\/\/www.skydiveinterlaken.ch\/fr\/activites-a-faire-a-grindelwald\/","title":{"rendered":"Activit\u00e9s \u00e0 faire \u00e0 Grindelwald"},"content":{"rendered":"","protected":false},"excerpt":{"rendered":"<p>D\u00e9couvrez le charmant Grindelwald, nich\u00e9 au c\u0153ur des majestueuses Alpes. Du parachutisme aux festivals enchanteurs, en passant par des merveilles naturelles \u00e0 couper le souffle, plongez dans des activit\u00e9s riches en adr\u00e9naline, d\u00e9couvrez les attractions \u00e0 proximit\u00e9 et trouvez l&rsquo;h\u00e9bergement id\u00e9al pour votre escapade alpine.<\/p>\n","protected":false},"author":12,"featured_media":24801,"parent":0,"menu_order":0,"comment_status":"closed","ping_status":"closed","template":"page-templates\/page-destination.php","meta":{"_acf_changed":false,"inline_featured_image":false,"footnotes":""},"class_list":["post-11364","page","type-page","status-publish","has-post-thumbnail","hentry"],"acf":[],"yoast_head":"<!-- This site is optimized with the Yoast SEO plugin v27.4 - https:\/\/yoast.com\/product\/yoast-seo-wordpress\/ -->\n<title>Activit\u00e9s \u00e0 Grindelwald - Tourisme, Aventures et Plus !<\/title>\n<meta name=\"description\" content=\"Explorez le tourisme \u00e0 Grindelwald : Parachutisme, vols panoramiques et frissons ! D\u00e9couvrez l&#039;aventure dans le joyau alpin de la Suisse.\" \/>\n<meta name=\"robots\" content=\"index, follow, max-snippet:-1, max-image-preview:large, max-video-preview:-1\" \/>\n<link rel=\"canonical\" href=\"https:\/\/www.skydiveinterlaken.ch\/fr\/activites-a-faire-a-grindelwald\/\" \/>\n<meta property=\"og:locale\" content=\"fr_FR\" \/>\n<meta property=\"og:type\" content=\"article\" \/>\n<meta property=\"og:title\" content=\"Activit\u00e9s \u00e0 Grindelwald - Tourisme, Aventures et Plus !\" \/>\n<meta property=\"og:description\" content=\"Explorez le tourisme \u00e0 Grindelwald : Parachutisme, vols panoramiques et frissons ! D\u00e9couvrez l&#039;aventure dans le joyau alpin de la Suisse.\" \/>\n<meta property=\"og:url\" content=\"https:\/\/www.skydiveinterlaken.ch\/fr\/activites-a-faire-a-grindelwald\/\" \/>\n<meta property=\"og:site_name\" content=\"Skydive Interlaken\" \/>\n<meta property=\"article:modified_time\" content=\"2026-04-28T18:21:36+00:00\" \/>\n<meta property=\"og:image\" content=\"https:\/\/www.skydiveinterlaken.ch\/wp-content\/uploads\/2026\/04\/Grindelwald-Banner-Summer.webp\" \/>\n\t<meta property=\"og:image:width\" content=\"1920\" \/>\n\t<meta property=\"og:image:height\" content=\"540\" \/>\n\t<meta property=\"og:image:type\" content=\"image\/webp\" \/>\n<meta name=\"twitter:card\" content=\"summary_large_image\" \/>\n<meta name=\"twitter:label1\" content=\"Dur\u00e9e de lecture estim\u00e9e\" \/>\n\t<meta name=\"twitter:data1\" content=\"1 minute\" \/>\n<script type=\"application\/ld+json\" class=\"yoast-schema-graph\">{\"@context\":\"https:\\\/\\\/schema.org\",\"@graph\":[{\"@type\":\"WebPage\",\"@id\":\"https:\\\/\\\/www.skydiveinterlaken.ch\\\/fr\\\/activites-a-faire-a-grindelwald\\\/\",\"url\":\"https:\\\/\\\/www.skydiveinterlaken.ch\\\/fr\\\/activites-a-faire-a-grindelwald\\\/\",\"name\":\"Activit\u00e9s \u00e0 Grindelwald - Tourisme, Aventures et Plus !\",\"isPartOf\":{\"@id\":\"https:\\\/\\\/www.skydiveinterlaken.ch\\\/#website\"},\"primaryImageOfPage\":{\"@id\":\"https:\\\/\\\/www.skydiveinterlaken.ch\\\/fr\\\/activites-a-faire-a-grindelwald\\\/#primaryimage\"},\"image\":{\"@id\":\"https:\\\/\\\/www.skydiveinterlaken.ch\\\/fr\\\/activites-a-faire-a-grindelwald\\\/#primaryimage\"},\"thumbnailUrl\":\"https:\\\/\\\/www.skydiveinterlaken.ch\\\/wp-content\\\/uploads\\\/2026\\\/04\\\/Grindelwald-Banner-Summer.webp\",\"datePublished\":\"2024-06-29T06:02:43+00:00\",\"dateModified\":\"2026-04-28T18:21:36+00:00\",\"description\":\"Explorez le tourisme \u00e0 Grindelwald : Parachutisme, vols panoramiques et frissons ! D\u00e9couvrez l'aventure dans le joyau alpin de la Suisse.\",\"breadcrumb\":{\"@id\":\"https:\\\/\\\/www.skydiveinterlaken.ch\\\/fr\\\/activites-a-faire-a-grindelwald\\\/#breadcrumb\"},\"inLanguage\":\"fr-FR\",\"potentialAction\":[{\"@type\":\"ReadAction\",\"target\":[\"https:\\\/\\\/www.skydiveinterlaken.ch\\\/fr\\\/activites-a-faire-a-grindelwald\\\/\"]}]},{\"@type\":\"ImageObject\",\"inLanguage\":\"fr-FR\",\"@id\":\"https:\\\/\\\/www.skydiveinterlaken.ch\\\/fr\\\/activites-a-faire-a-grindelwald\\\/#primaryimage\",\"url\":\"https:\\\/\\\/www.skydiveinterlaken.ch\\\/wp-content\\\/uploads\\\/2026\\\/04\\\/Grindelwald-Banner-Summer.webp\",\"contentUrl\":\"https:\\\/\\\/www.skydiveinterlaken.ch\\\/wp-content\\\/uploads\\\/2026\\\/04\\\/Grindelwald-Banner-Summer.webp\",\"width\":1920,\"height\":540,\"caption\":\"Grindelwald Bachalpsee during summer\"},{\"@type\":\"BreadcrumbList\",\"@id\":\"https:\\\/\\\/www.skydiveinterlaken.ch\\\/fr\\\/activites-a-faire-a-grindelwald\\\/#breadcrumb\",\"itemListElement\":[{\"@type\":\"ListItem\",\"position\":1,\"name\":\"Home\",\"item\":\"https:\\\/\\\/www.skydiveinterlaken.ch\\\/fr\\\/\"},{\"@type\":\"ListItem\",\"position\":2,\"name\":\"Activit\u00e9s \u00e0 faire \u00e0 Grindelwald\"}]},{\"@type\":\"WebSite\",\"@id\":\"https:\\\/\\\/www.skydiveinterlaken.ch\\\/#website\",\"url\":\"https:\\\/\\\/www.skydiveinterlaken.ch\\\/\",\"name\":\"Skydive Interlaken\",\"description\":\"\",\"publisher\":{\"@id\":\"https:\\\/\\\/www.skydiveinterlaken.ch\\\/#organization\"},\"potentialAction\":[{\"@type\":\"SearchAction\",\"target\":{\"@type\":\"EntryPoint\",\"urlTemplate\":\"https:\\\/\\\/www.skydiveinterlaken.ch\\\/?s={search_term_string}\"},\"query-input\":{\"@type\":\"PropertyValueSpecification\",\"valueRequired\":true,\"valueName\":\"search_term_string\"}}],\"inLanguage\":\"fr-FR\"},{\"@type\":\"Organization\",\"@id\":\"https:\\\/\\\/www.skydiveinterlaken.ch\\\/#organization\",\"name\":\"Skydive Interlaken\",\"url\":\"https:\\\/\\\/www.skydiveinterlaken.ch\\\/\",\"logo\":{\"@type\":\"ImageObject\",\"inLanguage\":\"fr-FR\",\"@id\":\"https:\\\/\\\/www.skydiveinterlaken.ch\\\/#\\\/schema\\\/logo\\\/image\\\/\",\"url\":\"https:\\\/\\\/www.skydiveinterlaken.ch\\\/wp-content\\\/uploads\\\/2025\\\/07\\\/google-icon.png\",\"contentUrl\":\"https:\\\/\\\/www.skydiveinterlaken.ch\\\/wp-content\\\/uploads\\\/2025\\\/07\\\/google-icon.png\",\"width\":512,\"height\":512,\"caption\":\"Skydive Interlaken\"},\"image\":{\"@id\":\"https:\\\/\\\/www.skydiveinterlaken.ch\\\/#\\\/schema\\\/logo\\\/image\\\/\"}}]}<\/script>\n<!-- \/ Yoast SEO plugin. -->","yoast_head_json":{"title":"Activit\u00e9s \u00e0 Grindelwald - Tourisme, Aventures et Plus !","description":"Explorez le tourisme \u00e0 Grindelwald : Parachutisme, vols panoramiques et frissons ! D\u00e9couvrez l'aventure dans le joyau alpin de la Suisse.","robots":{"index":"index","follow":"follow","max-snippet":"max-snippet:-1","max-image-preview":"max-image-preview:large","max-video-preview":"max-video-preview:-1"},"canonical":"https:\/\/www.skydiveinterlaken.ch\/fr\/activites-a-faire-a-grindelwald\/","og_locale":"fr_FR","og_type":"article","og_title":"Activit\u00e9s \u00e0 Grindelwald - Tourisme, Aventures et Plus !","og_description":"Explorez le tourisme \u00e0 Grindelwald : Parachutisme, vols panoramiques et frissons ! D\u00e9couvrez l'aventure dans le joyau alpin de la Suisse.","og_url":"https:\/\/www.skydiveinterlaken.ch\/fr\/activites-a-faire-a-grindelwald\/","og_site_name":"Skydive Interlaken","article_modified_time":"2026-04-28T18:21:36+00:00","og_image":[{"width":1920,"height":540,"url":"https:\/\/www.skydiveinterlaken.ch\/wp-content\/uploads\/2026\/04\/Grindelwald-Banner-Summer.webp","type":"image\/webp"}],"twitter_card":"summary_large_image","twitter_misc":{"Dur\u00e9e de lecture estim\u00e9e":"1 minute"},"schema":{"@context":"https:\/\/schema.org","@graph":[{"@type":"WebPage","@id":"https:\/\/www.skydiveinterlaken.ch\/fr\/activites-a-faire-a-grindelwald\/","url":"https:\/\/www.skydiveinterlaken.ch\/fr\/activites-a-faire-a-grindelwald\/","name":"Activit\u00e9s \u00e0 Grindelwald - Tourisme, Aventures et Plus !","isPartOf":{"@id":"https:\/\/www.skydiveinterlaken.ch\/#website"},"primaryImageOfPage":{"@id":"https:\/\/www.skydiveinterlaken.ch\/fr\/activites-a-faire-a-grindelwald\/#primaryimage"},"image":{"@id":"https:\/\/www.skydiveinterlaken.ch\/fr\/activites-a-faire-a-grindelwald\/#primaryimage"},"thumbnailUrl":"https:\/\/www.skydiveinterlaken.ch\/wp-content\/uploads\/2026\/04\/Grindelwald-Banner-Summer.webp","datePublished":"2024-06-29T06:02:43+00:00","dateModified":"2026-04-28T18:21:36+00:00","description":"Explorez le tourisme \u00e0 Grindelwald : Parachutisme, vols panoramiques et frissons ! D\u00e9couvrez l'aventure dans le joyau alpin de la Suisse.","breadcrumb":{"@id":"https:\/\/www.skydiveinterlaken.ch\/fr\/activites-a-faire-a-grindelwald\/#breadcrumb"},"inLanguage":"fr-FR","potentialAction":[{"@type":"ReadAction","target":["https:\/\/www.skydiveinterlaken.ch\/fr\/activites-a-faire-a-grindelwald\/"]}]},{"@type":"ImageObject","inLanguage":"fr-FR","@id":"https:\/\/www.skydiveinterlaken.ch\/fr\/activites-a-faire-a-grindelwald\/#primaryimage","url":"https:\/\/www.skydiveinterlaken.ch\/wp-content\/uploads\/2026\/04\/Grindelwald-Banner-Summer.webp","contentUrl":"https:\/\/www.skydiveinterlaken.ch\/wp-content\/uploads\/2026\/04\/Grindelwald-Banner-Summer.webp","width":1920,"height":540,"caption":"Grindelwald Bachalpsee during summer"},{"@type":"BreadcrumbList","@id":"https:\/\/www.skydiveinterlaken.ch\/fr\/activites-a-faire-a-grindelwald\/#breadcrumb","itemListElement":[{"@type":"ListItem","position":1,"name":"Home","item":"https:\/\/www.skydiveinterlaken.ch\/fr\/"},{"@type":"ListItem","position":2,"name":"Activit\u00e9s \u00e0 faire \u00e0 Grindelwald"}]},{"@type":"WebSite","@id":"https:\/\/www.skydiveinterlaken.ch\/#website","url":"https:\/\/www.skydiveinterlaken.ch\/","name":"Skydive Interlaken","description":"","publisher":{"@id":"https:\/\/www.skydiveinterlaken.ch\/#organization"},"potentialAction":[{"@type":"SearchAction","target":{"@type":"EntryPoint","urlTemplate":"https:\/\/www.skydiveinterlaken.ch\/?s={search_term_string}"},"query-input":{"@type":"PropertyValueSpecification","valueRequired":true,"valueName":"search_term_string"}}],"inLanguage":"fr-FR"},{"@type":"Organization","@id":"https:\/\/www.skydiveinterlaken.ch\/#organization","name":"Skydive Interlaken","url":"https:\/\/www.skydiveinterlaken.ch\/","logo":{"@type":"ImageObject","inLanguage":"fr-FR","@id":"https:\/\/www.skydiveinterlaken.ch\/#\/schema\/logo\/image\/","url":"https:\/\/www.skydiveinterlaken.ch\/wp-content\/uploads\/2025\/07\/google-icon.png","contentUrl":"https:\/\/www.skydiveinterlaken.ch\/wp-content\/uploads\/2025\/07\/google-icon.png","width":512,"height":512,"caption":"Skydive Interlaken"},"image":{"@id":"https:\/\/www.skydiveinterlaken.ch\/#\/schema\/logo\/image\/"}}]}},"_links":{"self":[{"href":"https:\/\/www.skydiveinterlaken.ch\/fr\/wp-json\/wp\/v2\/pages\/11364","targetHints":{"allow":["GET"]}}],"collection":[{"href":"https:\/\/www.skydiveinterlaken.ch\/fr\/wp-json\/wp\/v2\/pages"}],"about":[{"href":"https:\/\/www.skydiveinterlaken.ch\/fr\/wp-json\/wp\/v2\/types\/page"}],"author":[{"embeddable":true,"href":"https:\/\/www.skydiveinterlaken.ch\/fr\/wp-json\/wp\/v2\/users\/12"}],"replies":[{"embeddable":true,"href":"https:\/\/www.skydiveinterlaken.ch\/fr\/wp-json\/wp\/v2\/comments?post=11364"}],"version-history":[{"count":6,"href":"https:\/\/www.skydiveinterlaken.ch\/fr\/wp-json\/wp\/v2\/pages\/11364\/revisions"}],"predecessor-version":[{"id":24807,"href":"https:\/\/www.skydiveinterlaken.ch\/fr\/wp-json\/wp\/v2\/pages\/11364\/revisions\/24807"}],"wp:featuredmedia":[{"embeddable":true,"href":"https:\/\/www.skydiveinterlaken.ch\/fr\/wp-json\/wp\/v2\/media\/24801"}],"wp:attachment":[{"href":"https:\/\/www.skydiveinterlaken.ch\/fr\/wp-json\/wp\/v2\/media?parent=11364"}],"curies":[{"name":"wp","href":"https:\/\/api.w.org\/{rel}","templated":true}]}}