{"id":10596,"date":"2024-02-21T04:01:40","date_gmt":"2024-02-21T03:01:40","guid":{"rendered":"https:\/\/www.skydiveinterlaken.ch\/?page_id=10596"},"modified":"2026-04-28T20:37:42","modified_gmt":"2026-04-28T18:37:42","slug":"saut-en-parachute-suisse","status":"publish","type":"page","link":"https:\/\/www.skydiveinterlaken.ch\/fr\/saut-en-parachute-suisse\/","title":{"rendered":"Exp\u00e9rience de Parachutisme"},"content":{"rendered":"","protected":false},"excerpt":{"rendered":"<p>Vivez des sensations fortes inoubliables avec Skydive Interlaken. Sautez au-dessus d\u2019Interlaken, de Lauterbrunnen ou de Grindelwald et profitez d\u2019un saut en parachute en h\u00e9licopt\u00e8re au c\u0153ur des Alpes suisses. Chaque saut est un m\u00e9lange unique d\u2019adr\u00e9naline et de panoramas de montagne \u00e0 couper le souffle.<\/p>\n","protected":false},"author":10,"featured_media":13045,"parent":0,"menu_order":0,"comment_status":"closed","ping_status":"closed","template":"page-templates\/page-skydive-and-scenic-flight-page.php","meta":{"_acf_changed":false,"inline_featured_image":false,"footnotes":""},"class_list":["post-10596","page","type-page","status-publish","has-post-thumbnail","hentry"],"acf":[],"yoast_head":"<!-- This site is optimized with the Yoast SEO plugin v27.4 - https:\/\/yoast.com\/product\/yoast-seo-wordpress\/ -->\n<title>Parachutisme en H\u00e9licopt\u00e8re Suisse : Vos Experts en Skydive Suisses<\/title>\n<meta name=\"description\" content=\"Vivez l&#039;ultime frisson avec un saut en parachute chez Skydive Interlaken, vol panoramique inclus. Visitez notre site pour plus d&#039;infos !\" \/>\n<meta name=\"robots\" content=\"index, follow, max-snippet:-1, max-image-preview:large, max-video-preview:-1\" \/>\n<link rel=\"canonical\" href=\"https:\/\/www.skydiveinterlaken.ch\/fr\/saut-en-parachute-suisse\/\" \/>\n<meta property=\"og:locale\" content=\"fr_FR\" \/>\n<meta property=\"og:type\" content=\"article\" \/>\n<meta property=\"og:title\" content=\"Parachutisme en H\u00e9licopt\u00e8re Suisse : Vos Experts en Skydive Suisses\" \/>\n<meta property=\"og:description\" content=\"Vivez l&#039;ultime frisson avec un saut en parachute chez Skydive Interlaken, vol panoramique inclus. Visitez notre site pour plus d&#039;infos !\" \/>\n<meta property=\"og:url\" content=\"https:\/\/www.skydiveinterlaken.ch\/fr\/saut-en-parachute-suisse\/\" \/>\n<meta property=\"og:site_name\" content=\"Skydive Interlaken\" \/>\n<meta property=\"article:modified_time\" content=\"2026-04-28T18:37:42+00:00\" \/>\n<meta property=\"og:image\" content=\"https:\/\/www.skydiveinterlaken.ch\/wp-content\/uploads\/2024\/09\/skydive-interlaken-jungfrau-jump-lauterbrunnen-valley.webp\" \/>\n\t<meta property=\"og:image:width\" content=\"1920\" \/>\n\t<meta property=\"og:image:height\" content=\"1280\" \/>\n\t<meta property=\"og:image:type\" content=\"image\/webp\" \/>\n<meta name=\"twitter:card\" content=\"summary_large_image\" \/>\n<meta name=\"twitter:label1\" content=\"Dur\u00e9e de lecture estim\u00e9e\" \/>\n\t<meta name=\"twitter:data1\" content=\"1 minute\" \/>\n<script type=\"application\/ld+json\" class=\"yoast-schema-graph\">{\"@context\":\"https:\\\/\\\/schema.org\",\"@graph\":[{\"@type\":\"WebPage\",\"@id\":\"https:\\\/\\\/www.skydiveinterlaken.ch\\\/fr\\\/saut-en-parachute-suisse\\\/\",\"url\":\"https:\\\/\\\/www.skydiveinterlaken.ch\\\/fr\\\/saut-en-parachute-suisse\\\/\",\"name\":\"Parachutisme en H\u00e9licopt\u00e8re Suisse : Vos Experts en Skydive Suisses\",\"isPartOf\":{\"@id\":\"https:\\\/\\\/www.skydiveinterlaken.ch\\\/#website\"},\"primaryImageOfPage\":{\"@id\":\"https:\\\/\\\/www.skydiveinterlaken.ch\\\/fr\\\/saut-en-parachute-suisse\\\/#primaryimage\"},\"image\":{\"@id\":\"https:\\\/\\\/www.skydiveinterlaken.ch\\\/fr\\\/saut-en-parachute-suisse\\\/#primaryimage\"},\"thumbnailUrl\":\"https:\\\/\\\/www.skydiveinterlaken.ch\\\/wp-content\\\/uploads\\\/2024\\\/09\\\/skydive-interlaken-jungfrau-jump-lauterbrunnen-valley.webp\",\"datePublished\":\"2024-02-21T03:01:40+00:00\",\"dateModified\":\"2026-04-28T18:37:42+00:00\",\"description\":\"Vivez l'ultime frisson avec un saut en parachute chez Skydive Interlaken, vol panoramique inclus. Visitez notre site pour plus d'infos !\",\"breadcrumb\":{\"@id\":\"https:\\\/\\\/www.skydiveinterlaken.ch\\\/fr\\\/saut-en-parachute-suisse\\\/#breadcrumb\"},\"inLanguage\":\"fr-FR\",\"potentialAction\":[{\"@type\":\"ReadAction\",\"target\":[\"https:\\\/\\\/www.skydiveinterlaken.ch\\\/fr\\\/saut-en-parachute-suisse\\\/\"]}]},{\"@type\":\"ImageObject\",\"inLanguage\":\"fr-FR\",\"@id\":\"https:\\\/\\\/www.skydiveinterlaken.ch\\\/fr\\\/saut-en-parachute-suisse\\\/#primaryimage\",\"url\":\"https:\\\/\\\/www.skydiveinterlaken.ch\\\/wp-content\\\/uploads\\\/2024\\\/09\\\/skydive-interlaken-jungfrau-jump-lauterbrunnen-valley.webp\",\"contentUrl\":\"https:\\\/\\\/www.skydiveinterlaken.ch\\\/wp-content\\\/uploads\\\/2024\\\/09\\\/skydive-interlaken-jungfrau-jump-lauterbrunnen-valley.webp\",\"width\":1920,\"height\":1280,\"caption\":\"Jungfrau Jump in Lauterbrunnen - Skydive Interlaken\"},{\"@type\":\"BreadcrumbList\",\"@id\":\"https:\\\/\\\/www.skydiveinterlaken.ch\\\/fr\\\/saut-en-parachute-suisse\\\/#breadcrumb\",\"itemListElement\":[{\"@type\":\"ListItem\",\"position\":1,\"name\":\"Home\",\"item\":\"https:\\\/\\\/www.skydiveinterlaken.ch\\\/fr\\\/\"},{\"@type\":\"ListItem\",\"position\":2,\"name\":\"Exp\u00e9rience de Parachutisme\"}]},{\"@type\":\"WebSite\",\"@id\":\"https:\\\/\\\/www.skydiveinterlaken.ch\\\/#website\",\"url\":\"https:\\\/\\\/www.skydiveinterlaken.ch\\\/\",\"name\":\"Skydive Interlaken\",\"description\":\"\",\"publisher\":{\"@id\":\"https:\\\/\\\/www.skydiveinterlaken.ch\\\/#organization\"},\"potentialAction\":[{\"@type\":\"SearchAction\",\"target\":{\"@type\":\"EntryPoint\",\"urlTemplate\":\"https:\\\/\\\/www.skydiveinterlaken.ch\\\/?s={search_term_string}\"},\"query-input\":{\"@type\":\"PropertyValueSpecification\",\"valueRequired\":true,\"valueName\":\"search_term_string\"}}],\"inLanguage\":\"fr-FR\"},{\"@type\":\"Organization\",\"@id\":\"https:\\\/\\\/www.skydiveinterlaken.ch\\\/#organization\",\"name\":\"Skydive Interlaken\",\"url\":\"https:\\\/\\\/www.skydiveinterlaken.ch\\\/\",\"logo\":{\"@type\":\"ImageObject\",\"inLanguage\":\"fr-FR\",\"@id\":\"https:\\\/\\\/www.skydiveinterlaken.ch\\\/#\\\/schema\\\/logo\\\/image\\\/\",\"url\":\"https:\\\/\\\/www.skydiveinterlaken.ch\\\/wp-content\\\/uploads\\\/2025\\\/07\\\/google-icon.png\",\"contentUrl\":\"https:\\\/\\\/www.skydiveinterlaken.ch\\\/wp-content\\\/uploads\\\/2025\\\/07\\\/google-icon.png\",\"width\":512,\"height\":512,\"caption\":\"Skydive Interlaken\"},\"image\":{\"@id\":\"https:\\\/\\\/www.skydiveinterlaken.ch\\\/#\\\/schema\\\/logo\\\/image\\\/\"}}]}<\/script>\n<!-- \/ Yoast SEO plugin. -->","yoast_head_json":{"title":"Parachutisme en H\u00e9licopt\u00e8re Suisse : Vos Experts en Skydive Suisses","description":"Vivez l'ultime frisson avec un saut en parachute chez Skydive Interlaken, vol panoramique inclus. Visitez notre site pour plus d'infos !","robots":{"index":"index","follow":"follow","max-snippet":"max-snippet:-1","max-image-preview":"max-image-preview:large","max-video-preview":"max-video-preview:-1"},"canonical":"https:\/\/www.skydiveinterlaken.ch\/fr\/saut-en-parachute-suisse\/","og_locale":"fr_FR","og_type":"article","og_title":"Parachutisme en H\u00e9licopt\u00e8re Suisse : Vos Experts en Skydive Suisses","og_description":"Vivez l'ultime frisson avec un saut en parachute chez Skydive Interlaken, vol panoramique inclus. Visitez notre site pour plus d'infos !","og_url":"https:\/\/www.skydiveinterlaken.ch\/fr\/saut-en-parachute-suisse\/","og_site_name":"Skydive Interlaken","article_modified_time":"2026-04-28T18:37:42+00:00","og_image":[{"width":1920,"height":1280,"url":"https:\/\/www.skydiveinterlaken.ch\/wp-content\/uploads\/2024\/09\/skydive-interlaken-jungfrau-jump-lauterbrunnen-valley.webp","type":"image\/webp"}],"twitter_card":"summary_large_image","twitter_misc":{"Dur\u00e9e de lecture estim\u00e9e":"1 minute"},"schema":{"@context":"https:\/\/schema.org","@graph":[{"@type":"WebPage","@id":"https:\/\/www.skydiveinterlaken.ch\/fr\/saut-en-parachute-suisse\/","url":"https:\/\/www.skydiveinterlaken.ch\/fr\/saut-en-parachute-suisse\/","name":"Parachutisme en H\u00e9licopt\u00e8re Suisse : Vos Experts en Skydive Suisses","isPartOf":{"@id":"https:\/\/www.skydiveinterlaken.ch\/#website"},"primaryImageOfPage":{"@id":"https:\/\/www.skydiveinterlaken.ch\/fr\/saut-en-parachute-suisse\/#primaryimage"},"image":{"@id":"https:\/\/www.skydiveinterlaken.ch\/fr\/saut-en-parachute-suisse\/#primaryimage"},"thumbnailUrl":"https:\/\/www.skydiveinterlaken.ch\/wp-content\/uploads\/2024\/09\/skydive-interlaken-jungfrau-jump-lauterbrunnen-valley.webp","datePublished":"2024-02-21T03:01:40+00:00","dateModified":"2026-04-28T18:37:42+00:00","description":"Vivez l'ultime frisson avec un saut en parachute chez Skydive Interlaken, vol panoramique inclus. Visitez notre site pour plus d'infos !","breadcrumb":{"@id":"https:\/\/www.skydiveinterlaken.ch\/fr\/saut-en-parachute-suisse\/#breadcrumb"},"inLanguage":"fr-FR","potentialAction":[{"@type":"ReadAction","target":["https:\/\/www.skydiveinterlaken.ch\/fr\/saut-en-parachute-suisse\/"]}]},{"@type":"ImageObject","inLanguage":"fr-FR","@id":"https:\/\/www.skydiveinterlaken.ch\/fr\/saut-en-parachute-suisse\/#primaryimage","url":"https:\/\/www.skydiveinterlaken.ch\/wp-content\/uploads\/2024\/09\/skydive-interlaken-jungfrau-jump-lauterbrunnen-valley.webp","contentUrl":"https:\/\/www.skydiveinterlaken.ch\/wp-content\/uploads\/2024\/09\/skydive-interlaken-jungfrau-jump-lauterbrunnen-valley.webp","width":1920,"height":1280,"caption":"Jungfrau Jump in Lauterbrunnen - Skydive Interlaken"},{"@type":"BreadcrumbList","@id":"https:\/\/www.skydiveinterlaken.ch\/fr\/saut-en-parachute-suisse\/#breadcrumb","itemListElement":[{"@type":"ListItem","position":1,"name":"Home","item":"https:\/\/www.skydiveinterlaken.ch\/fr\/"},{"@type":"ListItem","position":2,"name":"Exp\u00e9rience de Parachutisme"}]},{"@type":"WebSite","@id":"https:\/\/www.skydiveinterlaken.ch\/#website","url":"https:\/\/www.skydiveinterlaken.ch\/","name":"Skydive Interlaken","description":"","publisher":{"@id":"https:\/\/www.skydiveinterlaken.ch\/#organization"},"potentialAction":[{"@type":"SearchAction","target":{"@type":"EntryPoint","urlTemplate":"https:\/\/www.skydiveinterlaken.ch\/?s={search_term_string}"},"query-input":{"@type":"PropertyValueSpecification","valueRequired":true,"valueName":"search_term_string"}}],"inLanguage":"fr-FR"},{"@type":"Organization","@id":"https:\/\/www.skydiveinterlaken.ch\/#organization","name":"Skydive Interlaken","url":"https:\/\/www.skydiveinterlaken.ch\/","logo":{"@type":"ImageObject","inLanguage":"fr-FR","@id":"https:\/\/www.skydiveinterlaken.ch\/#\/schema\/logo\/image\/","url":"https:\/\/www.skydiveinterlaken.ch\/wp-content\/uploads\/2025\/07\/google-icon.png","contentUrl":"https:\/\/www.skydiveinterlaken.ch\/wp-content\/uploads\/2025\/07\/google-icon.png","width":512,"height":512,"caption":"Skydive Interlaken"},"image":{"@id":"https:\/\/www.skydiveinterlaken.ch\/#\/schema\/logo\/image\/"}}]}},"_links":{"self":[{"href":"https:\/\/www.skydiveinterlaken.ch\/fr\/wp-json\/wp\/v2\/pages\/10596","targetHints":{"allow":["GET"]}}],"collection":[{"href":"https:\/\/www.skydiveinterlaken.ch\/fr\/wp-json\/wp\/v2\/pages"}],"about":[{"href":"https:\/\/www.skydiveinterlaken.ch\/fr\/wp-json\/wp\/v2\/types\/page"}],"author":[{"embeddable":true,"href":"https:\/\/www.skydiveinterlaken.ch\/fr\/wp-json\/wp\/v2\/users\/10"}],"replies":[{"embeddable":true,"href":"https:\/\/www.skydiveinterlaken.ch\/fr\/wp-json\/wp\/v2\/comments?post=10596"}],"version-history":[{"count":10,"href":"https:\/\/www.skydiveinterlaken.ch\/fr\/wp-json\/wp\/v2\/pages\/10596\/revisions"}],"predecessor-version":[{"id":24820,"href":"https:\/\/www.skydiveinterlaken.ch\/fr\/wp-json\/wp\/v2\/pages\/10596\/revisions\/24820"}],"wp:featuredmedia":[{"embeddable":true,"href":"https:\/\/www.skydiveinterlaken.ch\/fr\/wp-json\/wp\/v2\/media\/13045"}],"wp:attachment":[{"href":"https:\/\/www.skydiveinterlaken.ch\/fr\/wp-json\/wp\/v2\/media?parent=10596"}],"curies":[{"name":"wp","href":"https:\/\/api.w.org\/{rel}","templated":true}]}}