{"id":23156,"date":"2026-04-07T22:39:51","date_gmt":"2026-04-07T20:39:51","guid":{"rendered":"https:\/\/www.skydiveinterlaken.ch\/?page_id=23156"},"modified":"2026-04-07T22:39:51","modified_gmt":"2026-04-07T20:39:51","slug":"sobre-nosotros","status":"publish","type":"page","link":"https:\/\/www.skydiveinterlaken.ch\/es\/sobre-nosotros\/","title":{"rendered":"Sobre Nosotros"},"content":{"rendered":"","protected":false},"excerpt":{"rendered":"<p>Conoce m\u00e1s sobre Skydive Interlaken, nuestro equipo, nuestras zonas de aterrizaje y por qu\u00e9 el salto en helic\u00f3ptero es tan especial en Suiza.<\/p>\n","protected":false},"author":2,"featured_media":0,"parent":0,"menu_order":56,"comment_status":"closed","ping_status":"closed","template":"page-templates\/about-us-new.php","meta":{"_acf_changed":false,"inline_featured_image":false,"footnotes":""},"class_list":["post-23156","page","type-page","status-publish","hentry"],"acf":[],"yoast_head":"<!-- This site is optimized with the Yoast SEO plugin v26.0 - https:\/\/yoast.com\/wordpress\/plugins\/seo\/ -->\n<title>Sobre Skydive Interlaken | Equipo, ubicaciones y experiencia<\/title>\n<meta name=\"description\" content=\"Descubre Skydive Interlaken, el equipo detr\u00e1s de inolvidables saltos en helic\u00f3ptero y vuelos panor\u00e1micos en los Alpes suizos.\" \/>\n<meta name=\"robots\" content=\"index, follow, max-snippet:-1, max-image-preview:large, max-video-preview:-1\" \/>\n<link rel=\"canonical\" href=\"https:\/\/www.skydiveinterlaken.ch\/es\/sobre-nosotros\/\" \/>\n<meta property=\"og:locale\" content=\"es_ES\" \/>\n<meta property=\"og:type\" content=\"article\" \/>\n<meta property=\"og:title\" content=\"Sobre Skydive Interlaken | Equipo, ubicaciones y experiencia\" \/>\n<meta property=\"og:description\" content=\"Descubre Skydive Interlaken, el equipo detr\u00e1s de inolvidables saltos en helic\u00f3ptero y vuelos panor\u00e1micos en los Alpes suizos.\" \/>\n<meta property=\"og:url\" content=\"https:\/\/www.skydiveinterlaken.ch\/es\/sobre-nosotros\/\" \/>\n<meta property=\"og:site_name\" content=\"Skydive Interlaken\" \/>\n<meta name=\"twitter:card\" content=\"summary_large_image\" \/>\n<script type=\"application\/ld+json\" class=\"yoast-schema-graph\">{\"@context\":\"https:\/\/schema.org\",\"@graph\":[{\"@type\":\"WebPage\",\"@id\":\"https:\/\/www.skydiveinterlaken.ch\/es\/sobre-nosotros\/\",\"url\":\"https:\/\/www.skydiveinterlaken.ch\/es\/sobre-nosotros\/\",\"name\":\"Sobre Skydive Interlaken | Equipo, ubicaciones y experiencia\",\"isPartOf\":{\"@id\":\"https:\/\/www.skydiveinterlaken.ch\/#website\"},\"datePublished\":\"2026-04-07T20:39:51+00:00\",\"description\":\"Descubre Skydive Interlaken, el equipo detr\u00e1s de inolvidables saltos en helic\u00f3ptero y vuelos panor\u00e1micos en los Alpes suizos.\",\"breadcrumb\":{\"@id\":\"https:\/\/www.skydiveinterlaken.ch\/es\/sobre-nosotros\/#breadcrumb\"},\"inLanguage\":\"es\",\"potentialAction\":[{\"@type\":\"ReadAction\",\"target\":[\"https:\/\/www.skydiveinterlaken.ch\/es\/sobre-nosotros\/\"]}]},{\"@type\":\"BreadcrumbList\",\"@id\":\"https:\/\/www.skydiveinterlaken.ch\/es\/sobre-nosotros\/#breadcrumb\",\"itemListElement\":[{\"@type\":\"ListItem\",\"position\":1,\"name\":\"Home\",\"item\":\"https:\/\/www.skydiveinterlaken.ch\/es\/\"},{\"@type\":\"ListItem\",\"position\":2,\"name\":\"Sobre Nosotros\"}]},{\"@type\":\"WebSite\",\"@id\":\"https:\/\/www.skydiveinterlaken.ch\/#website\",\"url\":\"https:\/\/www.skydiveinterlaken.ch\/\",\"name\":\"Skydive Interlaken\",\"description\":\"\",\"publisher\":{\"@id\":\"https:\/\/www.skydiveinterlaken.ch\/#organization\"},\"potentialAction\":[{\"@type\":\"SearchAction\",\"target\":{\"@type\":\"EntryPoint\",\"urlTemplate\":\"https:\/\/www.skydiveinterlaken.ch\/?s={search_term_string}\"},\"query-input\":{\"@type\":\"PropertyValueSpecification\",\"valueRequired\":true,\"valueName\":\"search_term_string\"}}],\"inLanguage\":\"es\"},{\"@type\":\"Organization\",\"@id\":\"https:\/\/www.skydiveinterlaken.ch\/#organization\",\"name\":\"Skydive Interlaken\",\"url\":\"https:\/\/www.skydiveinterlaken.ch\/\",\"logo\":{\"@type\":\"ImageObject\",\"inLanguage\":\"es\",\"@id\":\"https:\/\/www.skydiveinterlaken.ch\/#\/schema\/logo\/image\/\",\"url\":\"https:\/\/www.skydiveinterlaken.ch\/wp-content\/uploads\/2025\/07\/google-icon.png\",\"contentUrl\":\"https:\/\/www.skydiveinterlaken.ch\/wp-content\/uploads\/2025\/07\/google-icon.png\",\"width\":512,\"height\":512,\"caption\":\"Skydive Interlaken\"},\"image\":{\"@id\":\"https:\/\/www.skydiveinterlaken.ch\/#\/schema\/logo\/image\/\"}}]}<\/script>\n<!-- \/ Yoast SEO plugin. -->","yoast_head_json":{"title":"Sobre Skydive Interlaken | Equipo, ubicaciones y experiencia","description":"Descubre Skydive Interlaken, el equipo detr\u00e1s de inolvidables saltos en helic\u00f3ptero y vuelos panor\u00e1micos en los Alpes suizos.","robots":{"index":"index","follow":"follow","max-snippet":"max-snippet:-1","max-image-preview":"max-image-preview:large","max-video-preview":"max-video-preview:-1"},"canonical":"https:\/\/www.skydiveinterlaken.ch\/es\/sobre-nosotros\/","og_locale":"es_ES","og_type":"article","og_title":"Sobre Skydive Interlaken | Equipo, ubicaciones y experiencia","og_description":"Descubre Skydive Interlaken, el equipo detr\u00e1s de inolvidables saltos en helic\u00f3ptero y vuelos panor\u00e1micos en los Alpes suizos.","og_url":"https:\/\/www.skydiveinterlaken.ch\/es\/sobre-nosotros\/","og_site_name":"Skydive Interlaken","twitter_card":"summary_large_image","schema":{"@context":"https:\/\/schema.org","@graph":[{"@type":"WebPage","@id":"https:\/\/www.skydiveinterlaken.ch\/es\/sobre-nosotros\/","url":"https:\/\/www.skydiveinterlaken.ch\/es\/sobre-nosotros\/","name":"Sobre Skydive Interlaken | Equipo, ubicaciones y experiencia","isPartOf":{"@id":"https:\/\/www.skydiveinterlaken.ch\/#website"},"datePublished":"2026-04-07T20:39:51+00:00","description":"Descubre Skydive Interlaken, el equipo detr\u00e1s de inolvidables saltos en helic\u00f3ptero y vuelos panor\u00e1micos en los Alpes suizos.","breadcrumb":{"@id":"https:\/\/www.skydiveinterlaken.ch\/es\/sobre-nosotros\/#breadcrumb"},"inLanguage":"es","potentialAction":[{"@type":"ReadAction","target":["https:\/\/www.skydiveinterlaken.ch\/es\/sobre-nosotros\/"]}]},{"@type":"BreadcrumbList","@id":"https:\/\/www.skydiveinterlaken.ch\/es\/sobre-nosotros\/#breadcrumb","itemListElement":[{"@type":"ListItem","position":1,"name":"Home","item":"https:\/\/www.skydiveinterlaken.ch\/es\/"},{"@type":"ListItem","position":2,"name":"Sobre Nosotros"}]},{"@type":"WebSite","@id":"https:\/\/www.skydiveinterlaken.ch\/#website","url":"https:\/\/www.skydiveinterlaken.ch\/","name":"Skydive Interlaken","description":"","publisher":{"@id":"https:\/\/www.skydiveinterlaken.ch\/#organization"},"potentialAction":[{"@type":"SearchAction","target":{"@type":"EntryPoint","urlTemplate":"https:\/\/www.skydiveinterlaken.ch\/?s={search_term_string}"},"query-input":{"@type":"PropertyValueSpecification","valueRequired":true,"valueName":"search_term_string"}}],"inLanguage":"es"},{"@type":"Organization","@id":"https:\/\/www.skydiveinterlaken.ch\/#organization","name":"Skydive Interlaken","url":"https:\/\/www.skydiveinterlaken.ch\/","logo":{"@type":"ImageObject","inLanguage":"es","@id":"https:\/\/www.skydiveinterlaken.ch\/#\/schema\/logo\/image\/","url":"https:\/\/www.skydiveinterlaken.ch\/wp-content\/uploads\/2025\/07\/google-icon.png","contentUrl":"https:\/\/www.skydiveinterlaken.ch\/wp-content\/uploads\/2025\/07\/google-icon.png","width":512,"height":512,"caption":"Skydive Interlaken"},"image":{"@id":"https:\/\/www.skydiveinterlaken.ch\/#\/schema\/logo\/image\/"}}]}},"_links":{"self":[{"href":"https:\/\/www.skydiveinterlaken.ch\/es\/wp-json\/wp\/v2\/pages\/23156","targetHints":{"allow":["GET"]}}],"collection":[{"href":"https:\/\/www.skydiveinterlaken.ch\/es\/wp-json\/wp\/v2\/pages"}],"about":[{"href":"https:\/\/www.skydiveinterlaken.ch\/es\/wp-json\/wp\/v2\/types\/page"}],"author":[{"embeddable":true,"href":"https:\/\/www.skydiveinterlaken.ch\/es\/wp-json\/wp\/v2\/users\/2"}],"replies":[{"embeddable":true,"href":"https:\/\/www.skydiveinterlaken.ch\/es\/wp-json\/wp\/v2\/comments?post=23156"}],"version-history":[{"count":5,"href":"https:\/\/www.skydiveinterlaken.ch\/es\/wp-json\/wp\/v2\/pages\/23156\/revisions"}],"predecessor-version":[{"id":24023,"href":"https:\/\/www.skydiveinterlaken.ch\/es\/wp-json\/wp\/v2\/pages\/23156\/revisions\/24023"}],"wp:attachment":[{"href":"https:\/\/www.skydiveinterlaken.ch\/es\/wp-json\/wp\/v2\/media?parent=23156"}],"curies":[{"name":"wp","href":"https:\/\/api.w.org\/{rel}","templated":true}]}}