{"id":16651,"date":"2023-09-23T05:28:04","date_gmt":"2023-09-23T03:28:04","guid":{"rendered":"https:\/\/www.skydiveinterlaken.ch\/activities-in-lauterbrunnen\/"},"modified":"2025-10-31T16:24:46","modified_gmt":"2025-10-31T15:24:46","slug":"cosas-que-hacer-lauterbrunnen","status":"publish","type":"page","link":"https:\/\/www.skydiveinterlaken.ch\/es\/cosas-que-hacer-lauterbrunnen\/","title":{"rendered":"Cosas que hacer en Lauterbrunnen"},"content":{"rendered":"","protected":false},"excerpt":{"rendered":"<p>Descubre el encantador pueblo suizo de Lauterbrunnen, en el coraz\u00f3n de los majestuosos Alpes. Desde saltos en paraca\u00eddas y vuelos panor\u00e1micos hasta festivales y paisajes naturales impresionantes, vive una experiencia llena de adrenalina y belleza alpina.<\/p>\n","protected":false},"author":10,"featured_media":17109,"parent":0,"menu_order":0,"comment_status":"closed","ping_status":"closed","template":"page-templates\/page-destination.php","meta":{"_acf_changed":false,"inline_featured_image":false,"footnotes":""},"class_list":["post-16651","page","type-page","status-publish","has-post-thumbnail","hentry"],"acf":[],"yoast_head":"<!-- This site is optimized with the Yoast SEO plugin v26.0 - https:\/\/yoast.com\/wordpress\/plugins\/seo\/ -->\n<title>Cosas que hacer en Lauterbrunnen: Paracaidismo, vuelos y m\u00e1s<\/title>\n<meta name=\"description\" content=\"Explora la belleza de Lauterbrunnen: \u00a1paracaidismo, vuelos panor\u00e1micos y aventuras te esperan en esta joya alpina de Suiza!\" \/>\n<meta name=\"robots\" content=\"index, follow, max-snippet:-1, max-image-preview:large, max-video-preview:-1\" \/>\n<link rel=\"canonical\" href=\"https:\/\/www.skydiveinterlaken.ch\/es\/cosas-que-hacer-lauterbrunnen\/\" \/>\n<meta property=\"og:locale\" content=\"es_ES\" \/>\n<meta property=\"og:type\" content=\"article\" \/>\n<meta property=\"og:title\" content=\"Cosas que hacer en Lauterbrunnen: Paracaidismo, vuelos y m\u00e1s\" \/>\n<meta property=\"og:description\" content=\"Explora la belleza de Lauterbrunnen: \u00a1paracaidismo, vuelos panor\u00e1micos y aventuras te esperan en esta joya alpina de Suiza!\" \/>\n<meta property=\"og:url\" content=\"https:\/\/www.skydiveinterlaken.ch\/es\/cosas-que-hacer-lauterbrunnen\/\" \/>\n<meta property=\"og:site_name\" content=\"Skydive Interlaken\" \/>\n<meta property=\"article:modified_time\" content=\"2025-10-31T15:24:46+00:00\" \/>\n<meta property=\"og:image\" content=\"https:\/\/www.skydiveinterlaken.ch\/wp-content\/uploads\/2024\/10\/Header-Banner-Lauterbrunnen-Winter.webp\" \/>\n\t<meta property=\"og:image:width\" content=\"1920\" \/>\n\t<meta property=\"og:image:height\" content=\"882\" \/>\n\t<meta property=\"og:image:type\" content=\"image\/webp\" \/>\n<meta name=\"twitter:card\" content=\"summary_large_image\" \/>\n<meta name=\"twitter:label1\" content=\"Tiempo de lectura\" \/>\n\t<meta name=\"twitter:data1\" content=\"1 minuto\" \/>\n<script type=\"application\/ld+json\" class=\"yoast-schema-graph\">{\"@context\":\"https:\/\/schema.org\",\"@graph\":[{\"@type\":\"WebPage\",\"@id\":\"https:\/\/www.skydiveinterlaken.ch\/es\/cosas-que-hacer-lauterbrunnen\/\",\"url\":\"https:\/\/www.skydiveinterlaken.ch\/es\/cosas-que-hacer-lauterbrunnen\/\",\"name\":\"Cosas que hacer en Lauterbrunnen: Paracaidismo, vuelos y m\u00e1s\",\"isPartOf\":{\"@id\":\"https:\/\/www.skydiveinterlaken.ch\/#website\"},\"primaryImageOfPage\":{\"@id\":\"https:\/\/www.skydiveinterlaken.ch\/es\/cosas-que-hacer-lauterbrunnen\/#primaryimage\"},\"image\":{\"@id\":\"https:\/\/www.skydiveinterlaken.ch\/es\/cosas-que-hacer-lauterbrunnen\/#primaryimage\"},\"thumbnailUrl\":\"https:\/\/www.skydiveinterlaken.ch\/wp-content\/uploads\/2024\/10\/Header-Banner-Lauterbrunnen-Winter.webp\",\"datePublished\":\"2023-09-23T03:28:04+00:00\",\"dateModified\":\"2025-10-31T15:24:46+00:00\",\"description\":\"Explora la belleza de Lauterbrunnen: \u00a1paracaidismo, vuelos panor\u00e1micos y aventuras te esperan en esta joya alpina de Suiza!\",\"breadcrumb\":{\"@id\":\"https:\/\/www.skydiveinterlaken.ch\/es\/cosas-que-hacer-lauterbrunnen\/#breadcrumb\"},\"inLanguage\":\"es\",\"potentialAction\":[{\"@type\":\"ReadAction\",\"target\":[\"https:\/\/www.skydiveinterlaken.ch\/es\/cosas-que-hacer-lauterbrunnen\/\"]}]},{\"@type\":\"ImageObject\",\"inLanguage\":\"es\",\"@id\":\"https:\/\/www.skydiveinterlaken.ch\/es\/cosas-que-hacer-lauterbrunnen\/#primaryimage\",\"url\":\"https:\/\/www.skydiveinterlaken.ch\/wp-content\/uploads\/2024\/10\/Header-Banner-Lauterbrunnen-Winter.webp\",\"contentUrl\":\"https:\/\/www.skydiveinterlaken.ch\/wp-content\/uploads\/2024\/10\/Header-Banner-Lauterbrunnen-Winter.webp\",\"width\":1920,\"height\":882,\"caption\":\"Lauterbrunnen, Switzerland - Winter\"},{\"@type\":\"BreadcrumbList\",\"@id\":\"https:\/\/www.skydiveinterlaken.ch\/es\/cosas-que-hacer-lauterbrunnen\/#breadcrumb\",\"itemListElement\":[{\"@type\":\"ListItem\",\"position\":1,\"name\":\"Home\",\"item\":\"https:\/\/www.skydiveinterlaken.ch\/es\/\"},{\"@type\":\"ListItem\",\"position\":2,\"name\":\"Cosas que hacer en Lauterbrunnen\"}]},{\"@type\":\"WebSite\",\"@id\":\"https:\/\/www.skydiveinterlaken.ch\/#website\",\"url\":\"https:\/\/www.skydiveinterlaken.ch\/\",\"name\":\"Skydive Interlaken\",\"description\":\"\",\"publisher\":{\"@id\":\"https:\/\/www.skydiveinterlaken.ch\/#organization\"},\"potentialAction\":[{\"@type\":\"SearchAction\",\"target\":{\"@type\":\"EntryPoint\",\"urlTemplate\":\"https:\/\/www.skydiveinterlaken.ch\/?s={search_term_string}\"},\"query-input\":{\"@type\":\"PropertyValueSpecification\",\"valueRequired\":true,\"valueName\":\"search_term_string\"}}],\"inLanguage\":\"es\"},{\"@type\":\"Organization\",\"@id\":\"https:\/\/www.skydiveinterlaken.ch\/#organization\",\"name\":\"Skydive Interlaken\",\"url\":\"https:\/\/www.skydiveinterlaken.ch\/\",\"logo\":{\"@type\":\"ImageObject\",\"inLanguage\":\"es\",\"@id\":\"https:\/\/www.skydiveinterlaken.ch\/#\/schema\/logo\/image\/\",\"url\":\"https:\/\/www.skydiveinterlaken.ch\/wp-content\/uploads\/2025\/07\/google-icon.png\",\"contentUrl\":\"https:\/\/www.skydiveinterlaken.ch\/wp-content\/uploads\/2025\/07\/google-icon.png\",\"width\":512,\"height\":512,\"caption\":\"Skydive Interlaken\"},\"image\":{\"@id\":\"https:\/\/www.skydiveinterlaken.ch\/#\/schema\/logo\/image\/\"}}]}<\/script>\n<!-- \/ Yoast SEO plugin. -->","yoast_head_json":{"title":"Cosas que hacer en Lauterbrunnen: Paracaidismo, vuelos y m\u00e1s","description":"Explora la belleza de Lauterbrunnen: \u00a1paracaidismo, vuelos panor\u00e1micos y aventuras te esperan en esta joya alpina de Suiza!","robots":{"index":"index","follow":"follow","max-snippet":"max-snippet:-1","max-image-preview":"max-image-preview:large","max-video-preview":"max-video-preview:-1"},"canonical":"https:\/\/www.skydiveinterlaken.ch\/es\/cosas-que-hacer-lauterbrunnen\/","og_locale":"es_ES","og_type":"article","og_title":"Cosas que hacer en Lauterbrunnen: Paracaidismo, vuelos y m\u00e1s","og_description":"Explora la belleza de Lauterbrunnen: \u00a1paracaidismo, vuelos panor\u00e1micos y aventuras te esperan en esta joya alpina de Suiza!","og_url":"https:\/\/www.skydiveinterlaken.ch\/es\/cosas-que-hacer-lauterbrunnen\/","og_site_name":"Skydive Interlaken","article_modified_time":"2025-10-31T15:24:46+00:00","og_image":[{"width":1920,"height":882,"url":"https:\/\/www.skydiveinterlaken.ch\/wp-content\/uploads\/2024\/10\/Header-Banner-Lauterbrunnen-Winter.webp","type":"image\/webp"}],"twitter_card":"summary_large_image","twitter_misc":{"Tiempo de lectura":"1 minuto"},"schema":{"@context":"https:\/\/schema.org","@graph":[{"@type":"WebPage","@id":"https:\/\/www.skydiveinterlaken.ch\/es\/cosas-que-hacer-lauterbrunnen\/","url":"https:\/\/www.skydiveinterlaken.ch\/es\/cosas-que-hacer-lauterbrunnen\/","name":"Cosas que hacer en Lauterbrunnen: Paracaidismo, vuelos y m\u00e1s","isPartOf":{"@id":"https:\/\/www.skydiveinterlaken.ch\/#website"},"primaryImageOfPage":{"@id":"https:\/\/www.skydiveinterlaken.ch\/es\/cosas-que-hacer-lauterbrunnen\/#primaryimage"},"image":{"@id":"https:\/\/www.skydiveinterlaken.ch\/es\/cosas-que-hacer-lauterbrunnen\/#primaryimage"},"thumbnailUrl":"https:\/\/www.skydiveinterlaken.ch\/wp-content\/uploads\/2024\/10\/Header-Banner-Lauterbrunnen-Winter.webp","datePublished":"2023-09-23T03:28:04+00:00","dateModified":"2025-10-31T15:24:46+00:00","description":"Explora la belleza de Lauterbrunnen: \u00a1paracaidismo, vuelos panor\u00e1micos y aventuras te esperan en esta joya alpina de Suiza!","breadcrumb":{"@id":"https:\/\/www.skydiveinterlaken.ch\/es\/cosas-que-hacer-lauterbrunnen\/#breadcrumb"},"inLanguage":"es","potentialAction":[{"@type":"ReadAction","target":["https:\/\/www.skydiveinterlaken.ch\/es\/cosas-que-hacer-lauterbrunnen\/"]}]},{"@type":"ImageObject","inLanguage":"es","@id":"https:\/\/www.skydiveinterlaken.ch\/es\/cosas-que-hacer-lauterbrunnen\/#primaryimage","url":"https:\/\/www.skydiveinterlaken.ch\/wp-content\/uploads\/2024\/10\/Header-Banner-Lauterbrunnen-Winter.webp","contentUrl":"https:\/\/www.skydiveinterlaken.ch\/wp-content\/uploads\/2024\/10\/Header-Banner-Lauterbrunnen-Winter.webp","width":1920,"height":882,"caption":"Lauterbrunnen, Switzerland - Winter"},{"@type":"BreadcrumbList","@id":"https:\/\/www.skydiveinterlaken.ch\/es\/cosas-que-hacer-lauterbrunnen\/#breadcrumb","itemListElement":[{"@type":"ListItem","position":1,"name":"Home","item":"https:\/\/www.skydiveinterlaken.ch\/es\/"},{"@type":"ListItem","position":2,"name":"Cosas que hacer en Lauterbrunnen"}]},{"@type":"WebSite","@id":"https:\/\/www.skydiveinterlaken.ch\/#website","url":"https:\/\/www.skydiveinterlaken.ch\/","name":"Skydive Interlaken","description":"","publisher":{"@id":"https:\/\/www.skydiveinterlaken.ch\/#organization"},"potentialAction":[{"@type":"SearchAction","target":{"@type":"EntryPoint","urlTemplate":"https:\/\/www.skydiveinterlaken.ch\/?s={search_term_string}"},"query-input":{"@type":"PropertyValueSpecification","valueRequired":true,"valueName":"search_term_string"}}],"inLanguage":"es"},{"@type":"Organization","@id":"https:\/\/www.skydiveinterlaken.ch\/#organization","name":"Skydive Interlaken","url":"https:\/\/www.skydiveinterlaken.ch\/","logo":{"@type":"ImageObject","inLanguage":"es","@id":"https:\/\/www.skydiveinterlaken.ch\/#\/schema\/logo\/image\/","url":"https:\/\/www.skydiveinterlaken.ch\/wp-content\/uploads\/2025\/07\/google-icon.png","contentUrl":"https:\/\/www.skydiveinterlaken.ch\/wp-content\/uploads\/2025\/07\/google-icon.png","width":512,"height":512,"caption":"Skydive Interlaken"},"image":{"@id":"https:\/\/www.skydiveinterlaken.ch\/#\/schema\/logo\/image\/"}}]}},"_links":{"self":[{"href":"https:\/\/www.skydiveinterlaken.ch\/es\/wp-json\/wp\/v2\/pages\/16651","targetHints":{"allow":["GET"]}}],"collection":[{"href":"https:\/\/www.skydiveinterlaken.ch\/es\/wp-json\/wp\/v2\/pages"}],"about":[{"href":"https:\/\/www.skydiveinterlaken.ch\/es\/wp-json\/wp\/v2\/types\/page"}],"author":[{"embeddable":true,"href":"https:\/\/www.skydiveinterlaken.ch\/es\/wp-json\/wp\/v2\/users\/10"}],"replies":[{"embeddable":true,"href":"https:\/\/www.skydiveinterlaken.ch\/es\/wp-json\/wp\/v2\/comments?post=16651"}],"version-history":[{"count":2,"href":"https:\/\/www.skydiveinterlaken.ch\/es\/wp-json\/wp\/v2\/pages\/16651\/revisions"}],"predecessor-version":[{"id":17372,"href":"https:\/\/www.skydiveinterlaken.ch\/es\/wp-json\/wp\/v2\/pages\/16651\/revisions\/17372"}],"wp:featuredmedia":[{"embeddable":true,"href":"https:\/\/www.skydiveinterlaken.ch\/es\/wp-json\/wp\/v2\/media\/17109"}],"wp:attachment":[{"href":"https:\/\/www.skydiveinterlaken.ch\/es\/wp-json\/wp\/v2\/media?parent=16651"}],"curies":[{"name":"wp","href":"https:\/\/api.w.org\/{rel}","templated":true}]}}