{"id":16641,"date":"2023-11-27T23:57:51","date_gmt":"2023-11-27T22:57:51","guid":{"rendered":"https:\/\/www.skydiveinterlaken.ch\/switzerland-helicopter-tours\/"},"modified":"2026-03-23T20:09:34","modified_gmt":"2026-03-23T19:09:34","slug":"vuelos-panoramicos-suiza","status":"publish","type":"page","link":"https:\/\/www.skydiveinterlaken.ch\/es\/vuelos-panoramicos-suiza\/","title":{"rendered":"Vuelos Panor\u00e1micos en Suiza"},"content":{"rendered":"","protected":false},"excerpt":{"rendered":"<p>Explora la regi\u00f3n m\u00e1s hermosa de los Alpes Suizos con nuestros vuelos panor\u00e1micos en helic\u00f3ptero. Reserva tu aventura con Skydive Interlaken y disfruta de vistas \u00fanicas de Interlaken y Lauterbrunnen desde el cielo.<\/p>\n","protected":false},"author":2,"featured_media":16812,"parent":0,"menu_order":0,"comment_status":"closed","ping_status":"closed","template":"page-templates\/page-skydive-and-scenic-flight-page.php","meta":{"_acf_changed":false,"inline_featured_image":false,"footnotes":""},"class_list":["post-16641","page","type-page","status-publish","has-post-thumbnail","hentry"],"acf":[],"yoast_head":"<!-- This site is optimized with the Yoast SEO plugin v26.0 - https:\/\/yoast.com\/wordpress\/plugins\/seo\/ -->\n<title>Vuelos Panor\u00e1micos en Helic\u00f3ptero | Skydive Interlaken<\/title>\n<meta name=\"description\" content=\"Descubre los Alpes Suizos con nuestros vuelos panor\u00e1micos en helic\u00f3ptero. Reserva tu aventura y contempla Suiza desde nuevas alturas.\" \/>\n<meta name=\"robots\" content=\"index, follow, max-snippet:-1, max-image-preview:large, max-video-preview:-1\" \/>\n<link rel=\"canonical\" href=\"https:\/\/www.skydiveinterlaken.ch\/es\/vuelos-panoramicos-suiza\/\" \/>\n<meta property=\"og:locale\" content=\"es_ES\" \/>\n<meta property=\"og:type\" content=\"article\" \/>\n<meta property=\"og:title\" content=\"Vuelos Panor\u00e1micos en Helic\u00f3ptero | Skydive Interlaken\" \/>\n<meta property=\"og:description\" content=\"Descubre los Alpes Suizos con nuestros vuelos panor\u00e1micos en helic\u00f3ptero. Reserva tu aventura y contempla Suiza desde nuevas alturas.\" \/>\n<meta property=\"og:url\" content=\"https:\/\/www.skydiveinterlaken.ch\/es\/vuelos-panoramicos-suiza\/\" \/>\n<meta property=\"og:site_name\" content=\"Skydive Interlaken\" \/>\n<meta property=\"article:modified_time\" content=\"2026-03-23T19:09:34+00:00\" \/>\n<meta property=\"og:image\" content=\"https:\/\/www.skydiveinterlaken.ch\/wp-content\/uploads\/2023\/12\/Scenic-Flight-Interlaken-in-Winter-SDI.webp\" \/>\n\t<meta property=\"og:image:width\" content=\"1920\" \/>\n\t<meta property=\"og:image:height\" content=\"1280\" \/>\n\t<meta property=\"og:image:type\" content=\"image\/webp\" \/>\n<meta name=\"twitter:card\" content=\"summary_large_image\" \/>\n<meta name=\"twitter:label1\" content=\"Tiempo de lectura\" \/>\n\t<meta name=\"twitter:data1\" content=\"1 minuto\" \/>\n<script type=\"application\/ld+json\" class=\"yoast-schema-graph\">{\"@context\":\"https:\/\/schema.org\",\"@graph\":[{\"@type\":\"WebPage\",\"@id\":\"https:\/\/www.skydiveinterlaken.ch\/es\/vuelos-panoramicos-suiza\/\",\"url\":\"https:\/\/www.skydiveinterlaken.ch\/es\/vuelos-panoramicos-suiza\/\",\"name\":\"Vuelos Panor\u00e1micos en Helic\u00f3ptero | Skydive Interlaken\",\"isPartOf\":{\"@id\":\"https:\/\/www.skydiveinterlaken.ch\/#website\"},\"primaryImageOfPage\":{\"@id\":\"https:\/\/www.skydiveinterlaken.ch\/es\/vuelos-panoramicos-suiza\/#primaryimage\"},\"image\":{\"@id\":\"https:\/\/www.skydiveinterlaken.ch\/es\/vuelos-panoramicos-suiza\/#primaryimage\"},\"thumbnailUrl\":\"https:\/\/www.skydiveinterlaken.ch\/wp-content\/uploads\/2023\/12\/Scenic-Flight-Interlaken-in-Winter-SDI.webp\",\"datePublished\":\"2023-11-27T22:57:51+00:00\",\"dateModified\":\"2026-03-23T19:09:34+00:00\",\"description\":\"Descubre los Alpes Suizos con nuestros vuelos panor\u00e1micos en helic\u00f3ptero. Reserva tu aventura y contempla Suiza desde nuevas alturas.\",\"breadcrumb\":{\"@id\":\"https:\/\/www.skydiveinterlaken.ch\/es\/vuelos-panoramicos-suiza\/#breadcrumb\"},\"inLanguage\":\"es\",\"potentialAction\":[{\"@type\":\"ReadAction\",\"target\":[\"https:\/\/www.skydiveinterlaken.ch\/es\/vuelos-panoramicos-suiza\/\"]}]},{\"@type\":\"ImageObject\",\"inLanguage\":\"es\",\"@id\":\"https:\/\/www.skydiveinterlaken.ch\/es\/vuelos-panoramicos-suiza\/#primaryimage\",\"url\":\"https:\/\/www.skydiveinterlaken.ch\/wp-content\/uploads\/2023\/12\/Scenic-Flight-Interlaken-in-Winter-SDI.webp\",\"contentUrl\":\"https:\/\/www.skydiveinterlaken.ch\/wp-content\/uploads\/2023\/12\/Scenic-Flight-Interlaken-in-Winter-SDI.webp\",\"width\":1920,\"height\":1280,\"caption\":\"Scenic Flight Interlaken in Winter with Skydive Interlaken\"},{\"@type\":\"BreadcrumbList\",\"@id\":\"https:\/\/www.skydiveinterlaken.ch\/es\/vuelos-panoramicos-suiza\/#breadcrumb\",\"itemListElement\":[{\"@type\":\"ListItem\",\"position\":1,\"name\":\"Home\",\"item\":\"https:\/\/www.skydiveinterlaken.ch\/es\/\"},{\"@type\":\"ListItem\",\"position\":2,\"name\":\"Vuelos Panor\u00e1micos en Suiza\"}]},{\"@type\":\"WebSite\",\"@id\":\"https:\/\/www.skydiveinterlaken.ch\/#website\",\"url\":\"https:\/\/www.skydiveinterlaken.ch\/\",\"name\":\"Skydive Interlaken\",\"description\":\"\",\"publisher\":{\"@id\":\"https:\/\/www.skydiveinterlaken.ch\/#organization\"},\"potentialAction\":[{\"@type\":\"SearchAction\",\"target\":{\"@type\":\"EntryPoint\",\"urlTemplate\":\"https:\/\/www.skydiveinterlaken.ch\/?s={search_term_string}\"},\"query-input\":{\"@type\":\"PropertyValueSpecification\",\"valueRequired\":true,\"valueName\":\"search_term_string\"}}],\"inLanguage\":\"es\"},{\"@type\":\"Organization\",\"@id\":\"https:\/\/www.skydiveinterlaken.ch\/#organization\",\"name\":\"Skydive Interlaken\",\"url\":\"https:\/\/www.skydiveinterlaken.ch\/\",\"logo\":{\"@type\":\"ImageObject\",\"inLanguage\":\"es\",\"@id\":\"https:\/\/www.skydiveinterlaken.ch\/#\/schema\/logo\/image\/\",\"url\":\"https:\/\/www.skydiveinterlaken.ch\/wp-content\/uploads\/2025\/07\/google-icon.png\",\"contentUrl\":\"https:\/\/www.skydiveinterlaken.ch\/wp-content\/uploads\/2025\/07\/google-icon.png\",\"width\":512,\"height\":512,\"caption\":\"Skydive Interlaken\"},\"image\":{\"@id\":\"https:\/\/www.skydiveinterlaken.ch\/#\/schema\/logo\/image\/\"}}]}<\/script>\n<!-- \/ Yoast SEO plugin. -->","yoast_head_json":{"title":"Vuelos Panor\u00e1micos en Helic\u00f3ptero | Skydive Interlaken","description":"Descubre los Alpes Suizos con nuestros vuelos panor\u00e1micos en helic\u00f3ptero. Reserva tu aventura y contempla Suiza desde nuevas alturas.","robots":{"index":"index","follow":"follow","max-snippet":"max-snippet:-1","max-image-preview":"max-image-preview:large","max-video-preview":"max-video-preview:-1"},"canonical":"https:\/\/www.skydiveinterlaken.ch\/es\/vuelos-panoramicos-suiza\/","og_locale":"es_ES","og_type":"article","og_title":"Vuelos Panor\u00e1micos en Helic\u00f3ptero | Skydive Interlaken","og_description":"Descubre los Alpes Suizos con nuestros vuelos panor\u00e1micos en helic\u00f3ptero. Reserva tu aventura y contempla Suiza desde nuevas alturas.","og_url":"https:\/\/www.skydiveinterlaken.ch\/es\/vuelos-panoramicos-suiza\/","og_site_name":"Skydive Interlaken","article_modified_time":"2026-03-23T19:09:34+00:00","og_image":[{"width":1920,"height":1280,"url":"https:\/\/www.skydiveinterlaken.ch\/wp-content\/uploads\/2023\/12\/Scenic-Flight-Interlaken-in-Winter-SDI.webp","type":"image\/webp"}],"twitter_card":"summary_large_image","twitter_misc":{"Tiempo de lectura":"1 minuto"},"schema":{"@context":"https:\/\/schema.org","@graph":[{"@type":"WebPage","@id":"https:\/\/www.skydiveinterlaken.ch\/es\/vuelos-panoramicos-suiza\/","url":"https:\/\/www.skydiveinterlaken.ch\/es\/vuelos-panoramicos-suiza\/","name":"Vuelos Panor\u00e1micos en Helic\u00f3ptero | Skydive Interlaken","isPartOf":{"@id":"https:\/\/www.skydiveinterlaken.ch\/#website"},"primaryImageOfPage":{"@id":"https:\/\/www.skydiveinterlaken.ch\/es\/vuelos-panoramicos-suiza\/#primaryimage"},"image":{"@id":"https:\/\/www.skydiveinterlaken.ch\/es\/vuelos-panoramicos-suiza\/#primaryimage"},"thumbnailUrl":"https:\/\/www.skydiveinterlaken.ch\/wp-content\/uploads\/2023\/12\/Scenic-Flight-Interlaken-in-Winter-SDI.webp","datePublished":"2023-11-27T22:57:51+00:00","dateModified":"2026-03-23T19:09:34+00:00","description":"Descubre los Alpes Suizos con nuestros vuelos panor\u00e1micos en helic\u00f3ptero. Reserva tu aventura y contempla Suiza desde nuevas alturas.","breadcrumb":{"@id":"https:\/\/www.skydiveinterlaken.ch\/es\/vuelos-panoramicos-suiza\/#breadcrumb"},"inLanguage":"es","potentialAction":[{"@type":"ReadAction","target":["https:\/\/www.skydiveinterlaken.ch\/es\/vuelos-panoramicos-suiza\/"]}]},{"@type":"ImageObject","inLanguage":"es","@id":"https:\/\/www.skydiveinterlaken.ch\/es\/vuelos-panoramicos-suiza\/#primaryimage","url":"https:\/\/www.skydiveinterlaken.ch\/wp-content\/uploads\/2023\/12\/Scenic-Flight-Interlaken-in-Winter-SDI.webp","contentUrl":"https:\/\/www.skydiveinterlaken.ch\/wp-content\/uploads\/2023\/12\/Scenic-Flight-Interlaken-in-Winter-SDI.webp","width":1920,"height":1280,"caption":"Scenic Flight Interlaken in Winter with Skydive Interlaken"},{"@type":"BreadcrumbList","@id":"https:\/\/www.skydiveinterlaken.ch\/es\/vuelos-panoramicos-suiza\/#breadcrumb","itemListElement":[{"@type":"ListItem","position":1,"name":"Home","item":"https:\/\/www.skydiveinterlaken.ch\/es\/"},{"@type":"ListItem","position":2,"name":"Vuelos Panor\u00e1micos en Suiza"}]},{"@type":"WebSite","@id":"https:\/\/www.skydiveinterlaken.ch\/#website","url":"https:\/\/www.skydiveinterlaken.ch\/","name":"Skydive Interlaken","description":"","publisher":{"@id":"https:\/\/www.skydiveinterlaken.ch\/#organization"},"potentialAction":[{"@type":"SearchAction","target":{"@type":"EntryPoint","urlTemplate":"https:\/\/www.skydiveinterlaken.ch\/?s={search_term_string}"},"query-input":{"@type":"PropertyValueSpecification","valueRequired":true,"valueName":"search_term_string"}}],"inLanguage":"es"},{"@type":"Organization","@id":"https:\/\/www.skydiveinterlaken.ch\/#organization","name":"Skydive Interlaken","url":"https:\/\/www.skydiveinterlaken.ch\/","logo":{"@type":"ImageObject","inLanguage":"es","@id":"https:\/\/www.skydiveinterlaken.ch\/#\/schema\/logo\/image\/","url":"https:\/\/www.skydiveinterlaken.ch\/wp-content\/uploads\/2025\/07\/google-icon.png","contentUrl":"https:\/\/www.skydiveinterlaken.ch\/wp-content\/uploads\/2025\/07\/google-icon.png","width":512,"height":512,"caption":"Skydive Interlaken"},"image":{"@id":"https:\/\/www.skydiveinterlaken.ch\/#\/schema\/logo\/image\/"}}]}},"_links":{"self":[{"href":"https:\/\/www.skydiveinterlaken.ch\/es\/wp-json\/wp\/v2\/pages\/16641","targetHints":{"allow":["GET"]}}],"collection":[{"href":"https:\/\/www.skydiveinterlaken.ch\/es\/wp-json\/wp\/v2\/pages"}],"about":[{"href":"https:\/\/www.skydiveinterlaken.ch\/es\/wp-json\/wp\/v2\/types\/page"}],"author":[{"embeddable":true,"href":"https:\/\/www.skydiveinterlaken.ch\/es\/wp-json\/wp\/v2\/users\/2"}],"replies":[{"embeddable":true,"href":"https:\/\/www.skydiveinterlaken.ch\/es\/wp-json\/wp\/v2\/comments?post=16641"}],"version-history":[{"count":2,"href":"https:\/\/www.skydiveinterlaken.ch\/es\/wp-json\/wp\/v2\/pages\/16641\/revisions"}],"predecessor-version":[{"id":23415,"href":"https:\/\/www.skydiveinterlaken.ch\/es\/wp-json\/wp\/v2\/pages\/16641\/revisions\/23415"}],"wp:featuredmedia":[{"embeddable":true,"href":"https:\/\/www.skydiveinterlaken.ch\/es\/wp-json\/wp\/v2\/media\/16812"}],"wp:attachment":[{"href":"https:\/\/www.skydiveinterlaken.ch\/es\/wp-json\/wp\/v2\/media?parent=16641"}],"curies":[{"name":"wp","href":"https:\/\/api.w.org\/{rel}","templated":true}]}}