{"id":16627,"date":"2024-07-10T05:37:18","date_gmt":"2024-07-10T03:37:18","guid":{"rendered":"https:\/\/www.skydiveinterlaken.ch\/destinations-jungfrau-region-switzerland\/"},"modified":"2025-10-29T14:11:13","modified_gmt":"2025-10-29T13:11:13","slug":"destinos-region-jungfrau-suiza","status":"publish","type":"page","link":"https:\/\/www.skydiveinterlaken.ch\/es\/destinos-region-jungfrau-suiza\/","title":{"rendered":"La Regi\u00f3n de Jungfrau"},"content":{"rendered":"","protected":false},"excerpt":{"rendered":"<p>Explora la Regi\u00f3n de Jungfrau con Skydive Interlaken. Disfruta vuelos panor\u00e1micos en helic\u00f3ptero, saltos en paraca\u00eddas y paisajes inolvidables en Interlaken, Lauterbrunnen y Grindelwald, el coraz\u00f3n de los Alpes Suizos.<\/p>\n","protected":false},"author":2,"featured_media":17079,"parent":0,"menu_order":0,"comment_status":"closed","ping_status":"closed","template":"page-templates\/page-destination-main.php","meta":{"_acf_changed":false,"inline_featured_image":false,"footnotes":""},"class_list":["post-16627","page","type-page","status-publish","has-post-thumbnail","hentry"],"acf":[],"yoast_head":"<!-- This site is optimized with the Yoast SEO plugin v26.0 - https:\/\/yoast.com\/wordpress\/plugins\/seo\/ -->\n<title>La Regi\u00f3n Jungfrau, Suiza | Vuelos panor\u00e1micos y paracaidismo<\/title>\n<meta name=\"description\" content=\"Descubre Interlaken, Lauterbrunnen y Grindelwald en la Regi\u00f3n de Jungfrau. Vive vuelos panor\u00e1micos y saltos en paraca\u00eddas.\" \/>\n<meta name=\"robots\" content=\"index, follow, max-snippet:-1, max-image-preview:large, max-video-preview:-1\" \/>\n<link rel=\"canonical\" href=\"https:\/\/www.skydiveinterlaken.ch\/es\/destinos-region-jungfrau-suiza\/\" \/>\n<meta property=\"og:locale\" content=\"es_ES\" \/>\n<meta property=\"og:type\" content=\"article\" \/>\n<meta property=\"og:title\" content=\"La Regi\u00f3n Jungfrau, Suiza | Vuelos panor\u00e1micos y paracaidismo\" \/>\n<meta property=\"og:description\" content=\"Descubre Interlaken, Lauterbrunnen y Grindelwald en la Regi\u00f3n de Jungfrau. Vive vuelos panor\u00e1micos y saltos en paraca\u00eddas.\" \/>\n<meta property=\"og:url\" content=\"https:\/\/www.skydiveinterlaken.ch\/es\/destinos-region-jungfrau-suiza\/\" \/>\n<meta property=\"og:site_name\" content=\"Skydive Interlaken\" \/>\n<meta property=\"article:modified_time\" content=\"2025-10-29T13:11:13+00:00\" \/>\n<meta property=\"og:image\" content=\"https:\/\/www.skydiveinterlaken.ch\/wp-content\/uploads\/2025\/03\/Mountain-Swoop-Eiger-Skydive-Interlaken.webp\" \/>\n\t<meta property=\"og:image:width\" content=\"1920\" \/>\n\t<meta property=\"og:image:height\" content=\"1280\" \/>\n\t<meta property=\"og:image:type\" content=\"image\/webp\" \/>\n<meta name=\"twitter:card\" content=\"summary_large_image\" \/>\n<meta name=\"twitter:label1\" content=\"Tiempo de lectura\" \/>\n\t<meta name=\"twitter:data1\" content=\"1 minuto\" \/>\n<script type=\"application\/ld+json\" class=\"yoast-schema-graph\">{\"@context\":\"https:\/\/schema.org\",\"@graph\":[{\"@type\":\"WebPage\",\"@id\":\"https:\/\/www.skydiveinterlaken.ch\/es\/destinos-region-jungfrau-suiza\/\",\"url\":\"https:\/\/www.skydiveinterlaken.ch\/es\/destinos-region-jungfrau-suiza\/\",\"name\":\"La Regi\u00f3n Jungfrau, Suiza | Vuelos panor\u00e1micos y paracaidismo\",\"isPartOf\":{\"@id\":\"https:\/\/www.skydiveinterlaken.ch\/#website\"},\"primaryImageOfPage\":{\"@id\":\"https:\/\/www.skydiveinterlaken.ch\/es\/destinos-region-jungfrau-suiza\/#primaryimage\"},\"image\":{\"@id\":\"https:\/\/www.skydiveinterlaken.ch\/es\/destinos-region-jungfrau-suiza\/#primaryimage\"},\"thumbnailUrl\":\"https:\/\/www.skydiveinterlaken.ch\/wp-content\/uploads\/2025\/03\/Mountain-Swoop-Eiger-Skydive-Interlaken.webp\",\"datePublished\":\"2024-07-10T03:37:18+00:00\",\"dateModified\":\"2025-10-29T13:11:13+00:00\",\"description\":\"Descubre Interlaken, Lauterbrunnen y Grindelwald en la Regi\u00f3n de Jungfrau. Vive vuelos panor\u00e1micos y saltos en paraca\u00eddas.\",\"breadcrumb\":{\"@id\":\"https:\/\/www.skydiveinterlaken.ch\/es\/destinos-region-jungfrau-suiza\/#breadcrumb\"},\"inLanguage\":\"es\",\"potentialAction\":[{\"@type\":\"ReadAction\",\"target\":[\"https:\/\/www.skydiveinterlaken.ch\/es\/destinos-region-jungfrau-suiza\/\"]}]},{\"@type\":\"ImageObject\",\"inLanguage\":\"es\",\"@id\":\"https:\/\/www.skydiveinterlaken.ch\/es\/destinos-region-jungfrau-suiza\/#primaryimage\",\"url\":\"https:\/\/www.skydiveinterlaken.ch\/wp-content\/uploads\/2025\/03\/Mountain-Swoop-Eiger-Skydive-Interlaken.webp\",\"contentUrl\":\"https:\/\/www.skydiveinterlaken.ch\/wp-content\/uploads\/2025\/03\/Mountain-Swoop-Eiger-Skydive-Interlaken.webp\",\"width\":1920,\"height\":1280,\"caption\":\"Exclusive Mountain Swoop Jump with Skydive Interlaken\"},{\"@type\":\"BreadcrumbList\",\"@id\":\"https:\/\/www.skydiveinterlaken.ch\/es\/destinos-region-jungfrau-suiza\/#breadcrumb\",\"itemListElement\":[{\"@type\":\"ListItem\",\"position\":1,\"name\":\"Home\",\"item\":\"https:\/\/www.skydiveinterlaken.ch\/es\/\"},{\"@type\":\"ListItem\",\"position\":2,\"name\":\"La Regi\u00f3n de Jungfrau\"}]},{\"@type\":\"WebSite\",\"@id\":\"https:\/\/www.skydiveinterlaken.ch\/#website\",\"url\":\"https:\/\/www.skydiveinterlaken.ch\/\",\"name\":\"Skydive Interlaken\",\"description\":\"\",\"publisher\":{\"@id\":\"https:\/\/www.skydiveinterlaken.ch\/#organization\"},\"potentialAction\":[{\"@type\":\"SearchAction\",\"target\":{\"@type\":\"EntryPoint\",\"urlTemplate\":\"https:\/\/www.skydiveinterlaken.ch\/?s={search_term_string}\"},\"query-input\":{\"@type\":\"PropertyValueSpecification\",\"valueRequired\":true,\"valueName\":\"search_term_string\"}}],\"inLanguage\":\"es\"},{\"@type\":\"Organization\",\"@id\":\"https:\/\/www.skydiveinterlaken.ch\/#organization\",\"name\":\"Skydive Interlaken\",\"url\":\"https:\/\/www.skydiveinterlaken.ch\/\",\"logo\":{\"@type\":\"ImageObject\",\"inLanguage\":\"es\",\"@id\":\"https:\/\/www.skydiveinterlaken.ch\/#\/schema\/logo\/image\/\",\"url\":\"https:\/\/www.skydiveinterlaken.ch\/wp-content\/uploads\/2025\/07\/google-icon.png\",\"contentUrl\":\"https:\/\/www.skydiveinterlaken.ch\/wp-content\/uploads\/2025\/07\/google-icon.png\",\"width\":512,\"height\":512,\"caption\":\"Skydive Interlaken\"},\"image\":{\"@id\":\"https:\/\/www.skydiveinterlaken.ch\/#\/schema\/logo\/image\/\"}}]}<\/script>\n<!-- \/ Yoast SEO plugin. -->","yoast_head_json":{"title":"La Regi\u00f3n Jungfrau, Suiza | Vuelos panor\u00e1micos y paracaidismo","description":"Descubre Interlaken, Lauterbrunnen y Grindelwald en la Regi\u00f3n de Jungfrau. Vive vuelos panor\u00e1micos y saltos en paraca\u00eddas.","robots":{"index":"index","follow":"follow","max-snippet":"max-snippet:-1","max-image-preview":"max-image-preview:large","max-video-preview":"max-video-preview:-1"},"canonical":"https:\/\/www.skydiveinterlaken.ch\/es\/destinos-region-jungfrau-suiza\/","og_locale":"es_ES","og_type":"article","og_title":"La Regi\u00f3n Jungfrau, Suiza | Vuelos panor\u00e1micos y paracaidismo","og_description":"Descubre Interlaken, Lauterbrunnen y Grindelwald en la Regi\u00f3n de Jungfrau. Vive vuelos panor\u00e1micos y saltos en paraca\u00eddas.","og_url":"https:\/\/www.skydiveinterlaken.ch\/es\/destinos-region-jungfrau-suiza\/","og_site_name":"Skydive Interlaken","article_modified_time":"2025-10-29T13:11:13+00:00","og_image":[{"width":1920,"height":1280,"url":"https:\/\/www.skydiveinterlaken.ch\/wp-content\/uploads\/2025\/03\/Mountain-Swoop-Eiger-Skydive-Interlaken.webp","type":"image\/webp"}],"twitter_card":"summary_large_image","twitter_misc":{"Tiempo de lectura":"1 minuto"},"schema":{"@context":"https:\/\/schema.org","@graph":[{"@type":"WebPage","@id":"https:\/\/www.skydiveinterlaken.ch\/es\/destinos-region-jungfrau-suiza\/","url":"https:\/\/www.skydiveinterlaken.ch\/es\/destinos-region-jungfrau-suiza\/","name":"La Regi\u00f3n Jungfrau, Suiza | Vuelos panor\u00e1micos y paracaidismo","isPartOf":{"@id":"https:\/\/www.skydiveinterlaken.ch\/#website"},"primaryImageOfPage":{"@id":"https:\/\/www.skydiveinterlaken.ch\/es\/destinos-region-jungfrau-suiza\/#primaryimage"},"image":{"@id":"https:\/\/www.skydiveinterlaken.ch\/es\/destinos-region-jungfrau-suiza\/#primaryimage"},"thumbnailUrl":"https:\/\/www.skydiveinterlaken.ch\/wp-content\/uploads\/2025\/03\/Mountain-Swoop-Eiger-Skydive-Interlaken.webp","datePublished":"2024-07-10T03:37:18+00:00","dateModified":"2025-10-29T13:11:13+00:00","description":"Descubre Interlaken, Lauterbrunnen y Grindelwald en la Regi\u00f3n de Jungfrau. Vive vuelos panor\u00e1micos y saltos en paraca\u00eddas.","breadcrumb":{"@id":"https:\/\/www.skydiveinterlaken.ch\/es\/destinos-region-jungfrau-suiza\/#breadcrumb"},"inLanguage":"es","potentialAction":[{"@type":"ReadAction","target":["https:\/\/www.skydiveinterlaken.ch\/es\/destinos-region-jungfrau-suiza\/"]}]},{"@type":"ImageObject","inLanguage":"es","@id":"https:\/\/www.skydiveinterlaken.ch\/es\/destinos-region-jungfrau-suiza\/#primaryimage","url":"https:\/\/www.skydiveinterlaken.ch\/wp-content\/uploads\/2025\/03\/Mountain-Swoop-Eiger-Skydive-Interlaken.webp","contentUrl":"https:\/\/www.skydiveinterlaken.ch\/wp-content\/uploads\/2025\/03\/Mountain-Swoop-Eiger-Skydive-Interlaken.webp","width":1920,"height":1280,"caption":"Exclusive Mountain Swoop Jump with Skydive Interlaken"},{"@type":"BreadcrumbList","@id":"https:\/\/www.skydiveinterlaken.ch\/es\/destinos-region-jungfrau-suiza\/#breadcrumb","itemListElement":[{"@type":"ListItem","position":1,"name":"Home","item":"https:\/\/www.skydiveinterlaken.ch\/es\/"},{"@type":"ListItem","position":2,"name":"La Regi\u00f3n de Jungfrau"}]},{"@type":"WebSite","@id":"https:\/\/www.skydiveinterlaken.ch\/#website","url":"https:\/\/www.skydiveinterlaken.ch\/","name":"Skydive Interlaken","description":"","publisher":{"@id":"https:\/\/www.skydiveinterlaken.ch\/#organization"},"potentialAction":[{"@type":"SearchAction","target":{"@type":"EntryPoint","urlTemplate":"https:\/\/www.skydiveinterlaken.ch\/?s={search_term_string}"},"query-input":{"@type":"PropertyValueSpecification","valueRequired":true,"valueName":"search_term_string"}}],"inLanguage":"es"},{"@type":"Organization","@id":"https:\/\/www.skydiveinterlaken.ch\/#organization","name":"Skydive Interlaken","url":"https:\/\/www.skydiveinterlaken.ch\/","logo":{"@type":"ImageObject","inLanguage":"es","@id":"https:\/\/www.skydiveinterlaken.ch\/#\/schema\/logo\/image\/","url":"https:\/\/www.skydiveinterlaken.ch\/wp-content\/uploads\/2025\/07\/google-icon.png","contentUrl":"https:\/\/www.skydiveinterlaken.ch\/wp-content\/uploads\/2025\/07\/google-icon.png","width":512,"height":512,"caption":"Skydive Interlaken"},"image":{"@id":"https:\/\/www.skydiveinterlaken.ch\/#\/schema\/logo\/image\/"}}]}},"_links":{"self":[{"href":"https:\/\/www.skydiveinterlaken.ch\/es\/wp-json\/wp\/v2\/pages\/16627","targetHints":{"allow":["GET"]}}],"collection":[{"href":"https:\/\/www.skydiveinterlaken.ch\/es\/wp-json\/wp\/v2\/pages"}],"about":[{"href":"https:\/\/www.skydiveinterlaken.ch\/es\/wp-json\/wp\/v2\/types\/page"}],"author":[{"embeddable":true,"href":"https:\/\/www.skydiveinterlaken.ch\/es\/wp-json\/wp\/v2\/users\/2"}],"replies":[{"embeddable":true,"href":"https:\/\/www.skydiveinterlaken.ch\/es\/wp-json\/wp\/v2\/comments?post=16627"}],"version-history":[{"count":2,"href":"https:\/\/www.skydiveinterlaken.ch\/es\/wp-json\/wp\/v2\/pages\/16627\/revisions"}],"predecessor-version":[{"id":17246,"href":"https:\/\/www.skydiveinterlaken.ch\/es\/wp-json\/wp\/v2\/pages\/16627\/revisions\/17246"}],"wp:featuredmedia":[{"embeddable":true,"href":"https:\/\/www.skydiveinterlaken.ch\/es\/wp-json\/wp\/v2\/media\/17079"}],"wp:attachment":[{"href":"https:\/\/www.skydiveinterlaken.ch\/es\/wp-json\/wp\/v2\/media?parent=16627"}],"curies":[{"name":"wp","href":"https:\/\/api.w.org\/{rel}","templated":true}]}}