{"id":3482,"date":"2019-07-08T17:11:35","date_gmt":"2019-07-08T15:11:35","guid":{"rendered":"https:\/\/www.skydiveinterlaken.ch\/terms-and-conditions\/"},"modified":"2021-07-29T00:57:47","modified_gmt":"2021-07-28T22:57:47","slug":"allgemeine-geschaeftbedingungen","status":"publish","type":"page","link":"https:\/\/www.skydiveinterlaken.ch\/de\/allgemeine-geschaeftbedingungen\/","title":{"rendered":"Allgemeine Bedingungen"},"content":{"rendered":"<p><strong>1. Vertragsabschluss<\/strong><\/p>\n<p>Mit der m\u00fcndlichen oder schriftlichen Anmeldung bzw. Buchung durch den Kunden, welche bei skydiveinterlaken.ch oder einer ihrer Verkaufsstellen get\u00e4tigt werden kann, kommt zwischen dem Kunden und skydiveinterlaken.ch ein verbindlicher Vertrag zustande. Der Kunde anerkennt durch seine Buchung diese allgemeinen Gesch\u00e4ftsbedingungen als Bestandteil des Vertrages zwischen ihm und skydiveinterlaken.ch.<\/p>\n<p>&nbsp;<\/p>\n<p><strong>2. Vertragsgegenstand<\/strong><\/p>\n<p>Die Veranstalterin verpflichtet sich, die vom Kunden gew\u00fcnschte Leistung im Rahmen der Ausschreibungen und\/oder der Auftragsbest\u00e4tigung zu erbringen. Leistungserweiterungen k\u00f6nnen nach Absprache mit der Veranstalterin ber\u00fccksichtigt werden. Allf\u00e4llige Mehrkosten werden vom Kunden getragen.<\/p>\n<p>&nbsp;<\/p>\n<p><strong>3. Preise<\/strong><\/p>\n<p>Die Preise auf der Website sind inkl. die gesetzlichen Mehrwertsteuer. Preis\u00e4nderungen bleiben ausdr\u00fccklich vorbehalten. Preise in Fremdw\u00e4hrungen werden jeweils dem aktuellen Tageskurs angepasst.<\/p>\n<p>&nbsp;<\/p>\n<p><strong>4. Annullierung oder Vertrags\u00e4nderung durch den Kunden<\/strong><\/p>\n<p>Annullierungen von Vertr\u00e4gen haben schriftlich zu erfolgen. Diese sind nur nach R\u00fccksprache mit der Veranstalterin und deren Einverst\u00e4ndnis g\u00fcltig. Dabei sind s\u00e4mtliche bereits erhaltenen Dokumente (Best\u00e4tigungen, Tickets, etc.) beizulegen. Im Falle einer vollst\u00e4ndigen Stornierung werden die folgenden Kosten dem Kunden verrechnet:<\/p>\n<p>1. 0% &#8211; Stornierung mit mehr als 48 Stunden im Voraus<br \/>\n2. 50% &#8211; Stornierung 24 Stunden im Voraus<br \/>\n3. 100% &#8211; Stornierung weniger als 24 Stunden im Voraus oder bei Nichterscheinen<\/p>\n<p>Bei sp\u00e4terem Antritt oder verfr\u00fchtem Verlassen der Veranstaltung durch den Kunden entsteht kein Anspruch auf R\u00fcckerstattung. Mehrkosten, entstanden durch sp\u00e4teren Antritt, verfr\u00fchtem Verlassen oder Verschiebung der Veranstaltung, sind durch den Kunden zu tragen.<\/p>\n<p>&nbsp;<\/p>\n<p><strong>5. Annullierung oder Vertrags\u00e4nderungen durch die Veranstalterin<\/strong><\/p>\n<p>F\u00fcr verschiedene Veranstaltungen gilt eine Mindestteilnehmerzahl. Die Veranstalterin beh\u00e4lt sich das Recht vor, auch kurzfristig vom Vertrag zur\u00fcckzutreten. Ist die Vertragserf\u00fcllung zu einem anderen Zeitpunkt nicht m\u00f6glich oder kann der Kunde nicht auf die ihm angebotenen Ersatzleistungen eintreten, werden die bereits geleisteten Zahlungen, unter Abzug der bereits beanspruchten Leistungen, zur\u00fcckerstattet. Weitergehende Ersatzforderungen sind ausgeschlossen. Die Veranstaltung kann von der Veranstalterin auch kurzfristig abgesagt werden, wenn Teilnehmer durch ihr Verhalten, ihre Unterlassungen oder anderer Handlungen dazu Anlass geben, dass die Vertragserf\u00fcllung gef\u00e4hrdet oder verunm\u00f6glicht wird. In diesem Falle gelten bez\u00fcglich Annullierungskosten die Bestimmungen gem\u00e4ss Ziffer 5. Kann eine Veranstaltung oder Teile davon infolge h\u00f6herer Gewalt, Sicherheitsbedenken der Veranstalterin, beh\u00f6rdlicher Massnahmen, Streik oder unsicherer Wetter- und Naturverh\u00e4ltnissen nicht durchgef\u00fchrt werden, ist die Veranstalterin berechtigt, auch kurzfristig die Veranstaltung abzusagen oder abzubrechen. Geleistete Zahlungen werden, unter Abzug der bereits beanspruchten Leistungen, Aufwendungen und der Bearbeitungsgeb\u00fchr, zur\u00fcckerstattet. Zu beachten ist, dass eine gefahrenfreie Abwicklung im Interesse aller liegt. Entscheidungen der Aktivit\u00e4tsleiter sind endg\u00fcltig. Veranstaltungs\u00e4nderungen bleiben ausdr\u00fccklich vorbehalten. Die Veranstalterin bem\u00fcht sich um gleichwertige Ersatzleistung.<\/p>\n<p>&nbsp;<\/p>\n<p><strong>6. Teilnahmebedingungen, Mitwirkungspflichten der Teilnehmer<\/strong><\/p>\n<p>Bei allen Aktivit\u00e4ten wird eine gute Gesundheit vorausgesetzt. Die Teilnehmer verpflichten sich, den Veranstalter \u00fcber allf\u00e4llige gesundheitliche Probleme aufzukl\u00e4ren. Teilnehmer d\u00fcrfen unter keinen Umst\u00e4nden unter Drogen-, Alkoholeinfluss oder unter Psychopharmaka und dergleichen stehen. Der Teilnehmer verpflichtet sich, die Teilnahmebedingungen zu erf\u00fcllen und den Weisungen des Veranstalters, der Piloten, Tandem Instruktoren und Hilfspersonen strikte Folge zu leisten. Bei Nichterf\u00fcllen der Teilnahmebedingungen oder Nichtbefolgen der Weisungen kann der Veranstalter den Teilnehmer von der Aktivit\u00e4t ausschliessen.<\/p>\n<p>&nbsp;<\/p>\n<p><strong>7. Gutscheine<\/strong><\/p>\n<p>Die Gutscheine haben f\u00fcr zwei (2) Jahr lang nach der Bestellung eine Preisgarantie. Die Gutscheine k\u00f6nnen erst ab der Zahlung des Gesamtbetrages eingel\u00f6st werden. Die Differenz einer allf\u00e4lligen Preiserh\u00f6hung des Angebotes wird allenfalls bei der geschuldet. Aktionsgutscheine k\u00f6nnen nicht verl\u00e4ngert werden oder falls beim Angebot vermerkt, nur gegen den Aufpreis zum aktuellen Angebotspreis. Eine Barauszahlung des Gutscheinbetrages ist nicht m\u00f6glich. Die Gutscheine sind nicht \u00fcbertragbar. Bei Verlust oder Diebstahl eines Gutscheines \u00fcbernimmt skydiveinterlaken.ch keine Haftung f\u00fcr unrechtm\u00e4ssige Einl\u00f6sungen des Gutscheines.<\/p>\n<p>&nbsp;<\/p>\n<p><strong>8. Versicherung allgemein<\/strong><\/p>\n<p>Die Teilnehmer sind durch die Veranstalterin nicht versichert. Jeder Teilnehmer ist f\u00fcr einen gen\u00fcgenden Kranken- und Unfallversicherungsschutz (einschliesslich Sportunf\u00e4lle) selbst verantwortlich.<\/p>\n<p>&nbsp;<\/p>\n<p><strong>8.1 Versicherung Paragliding<\/strong><\/p>\n<p>Die Haftung des Piloten bzw. des Vertragspartners gegen\u00fcber dem Passagier betr\u00e4gt CHF max. 5 Mio.<\/p>\n<p>&nbsp;<\/p>\n<p><strong>8.2 Versicherung Skydiving<\/strong><\/p>\n<p>Skydive Interlaken verlangt, als Voraussetzung f\u00fcr die Teilnahme einer Aktivit\u00e4t, dass Sie eine Verzichtserkl\u00e4rung unterschreiben m\u00fcssen (Medizinischer Fragebogen, Risiko &amp; Enthaftungserkl\u00e4rung). Dieses Dokument soll ein rechtsverbindlicher Vertrag sein, dass der K\u00e4ufer bei bestimmten Ereignissen, einschlie\u00dflich Verluste, Verletzungen, Sch\u00e4den oder Tod Skydive Interlaken\u00a0nicht haftbar machen kann. Das Dokument fordert zudem die Angabe von bestimmten medizinischen Bedingungen, um die Eignung einer Teilnahme f\u00fcr bestimmte T\u00e4tigkeiten zu bestimmen. Die Teilnehmer sind durch die Veranstalterin nicht versichert. Jeder Teilnehmer ist f\u00fcr einen gen\u00fcgenden Kranken- und Unfallversicherungsschutz (einschliesslich Sportunf\u00e4lle) selbst verantwortlich.<\/p>\n<p>&nbsp;<\/p>\n<p><strong>9. Beanstandungen<\/strong><\/p>\n<p>Sollte der Kunde Anlass zu Beanstandungen haben oder einen Schaden erleiden, sind diese sofort dem Aktivit\u00e4tsleiter bzw. Leistungstr\u00e4ger schriftlich bekannt zu geben und best\u00e4tigen zu lassen. Der Aktivit\u00e4tsleiter bzw. Leistungstr\u00e4ger ist jedoch nicht zur Anerkennung von Anspr\u00fcchen berechtigt, weshalb einer solchen Best\u00e4tigung nicht die Wirkung einer Schuldanerkennung zukommt. Der Aktivit\u00e4tsleiter bzw. Leistungstr\u00e4ger wird bem\u00fcht sein, im Rahmen der Veranstaltung und der M\u00f6glichkeiten Abhilfe zu schaffen. Erfolgt keine oder ungen\u00fcgende Abhilfe oder will der Kunde Schadenersatzanspr\u00fcche geltend machen, m\u00fcssen die Forderungen schriftlich innert 4 Wochen nach vertraglichem Ende der Aktivit\u00e4t bei der Buchungsstelle, zuhanden der Veranstalterin, eingereicht werden. Der Beanstandung sind die Best\u00e4tigung des Aktivit\u00e4tsleiters bzw. Leistungstr\u00e4gers und allf\u00e4llige Beweismittel beizulegen. Bei versp\u00e4teter oder unterlassener Beanstandung w\u00e4hrend der Aktivit\u00e4t oder versp\u00e4teter Einreichung der Forderung bei der Buchungsstelle verwirken s\u00e4mtliche Anspr\u00fcche.<\/p>\n<p>&nbsp;<\/p>\n<p><strong>10. Haftung allgemein<\/strong><\/p>\n<p>Schadenersatzanspr\u00fcche gegen skydiveinterlaken.ch\u00a0oder die Veranstalterin oder deren Hilfspersonen sind ausgeschlossen, soweit der Schaden nicht durch Vorsatz oder grobe Fahrl\u00e4ssigkeit verursacht wurde. Skydiveinterlaken.ch\u00a0und die Veranstalterin ist berechtigt Hilfspersonen \/ Dritte zur Leistungserbringung beizuziehen. \u00dcbertr\u00e4gt skydiveinterlaken.ch\u00a0berechtigterweise die Ausf\u00fchrung auf einen Dritten, so haftet skydiveinterlaken.ch\u00a0f\u00fcr dessen Handlung und Unterlassung nicht. Die Veranstalterin haftet insbesondere nicht f\u00fcr Sch\u00e4den, welche auf Handlungen und Unterlassungen des Aktivit\u00e4tsleiters, welche nicht im Zusammenhang mit der Erbringung vertraglich vereinbarter Leistungen stehen, aufgrund von Handlungen Dritter, anderer Teilnehmer, des Teilnehmers (insbesondere Ziffer 1), h\u00f6herer Gewalt, Naturereignissen, beh\u00f6rdlichen Anordnungen usw. oder aufgrund versp\u00e4teter Heimkehr entstanden sind. Befolgt ein Teilnehmer die Weisung der Veranstalterin, Aktivit\u00e4tsleiters usw. nicht, entf\u00e4llt jegliche Haftung seitens der Veranstalterin.<\/p>\n<p>&nbsp;<\/p>\n<p><strong>11. Anwendbares Recht und Gerichtsstand<\/strong><\/p>\n<p>Auf das Vertragsverh\u00e4ltnis ist ausschliesslich Schweizerisches Recht, unter Ausschluss internationaler Abkommen, anwendbar. Als ausschliesslichen Gerichtsstand vereinbaren die Parteien Interlaken. Die Veranstalterin ist jedoch berechtigt, ihre Anspr\u00fcche nach eigener Wahl auch am Wohnsitz bzw. Sitz des Kunden geltend zu machen. Sollten eine oder mehrere Bestimmung dieser AGB unwirksam und\/oder unvollst\u00e4ndig sein oder werden, so tritt anstelle der unwirksamen und\/oder unvollst\u00e4ndigen Bestimmung eine, in ihrer Wirksamkeit der unwirksamen und\/oder unvollst\u00e4ndigen Bestimmung am n\u00e4chsten kommende, rechtsg\u00fcltige Regelung. Die Unwirksamkeit und\/oder Unvollst\u00e4ndigkeit einer Bestimmung l\u00e4sst die Wirksamkeit der anderen Bestimmungen unber\u00fchrt.<\/p>\n","protected":false},"excerpt":{"rendered":"<p>1. Vertragsabschluss Mit der m\u00fcndlichen oder schriftlichen Anmeldung bzw. Buchung durch den Kunden, welche bei skydiveinterlaken.ch oder einer ihrer Verkaufsstellen get\u00e4tigt werden kann, kommt zwischen dem Kunden und skydiveinterlaken.ch ein verbindlicher Vertrag zustande. Der Kunde anerkennt durch seine Buchung diese allgemeinen Gesch\u00e4ftsbedingungen als Bestandteil des Vertrages zwischen ihm und skydiveinterlaken.ch. &nbsp; 2. Vertragsgegenstand Die Veranstalterin [&hellip;]<\/p>\n","protected":false},"author":1,"featured_media":0,"parent":0,"menu_order":9,"comment_status":"closed","ping_status":"closed","template":"page-templates\/privacy-policy.php","meta":{"_acf_changed":false,"inline_featured_image":false,"footnotes":""},"class_list":["post-3482","page","type-page","status-publish","hentry"],"acf":[],"yoast_head":"<!-- This site is optimized with the Yoast SEO plugin v27.4 - https:\/\/yoast.com\/product\/yoast-seo-wordpress\/ -->\n<title>Skydive Interlaken \/ Allgemeine Gesch\u00e4ftsbedingungen<\/title>\n<meta name=\"description\" content=\"Die Gesch\u00e4ftsbedingunen von Skydive Interlaken und weitere relevante Infos findest du hier.\" \/>\n<meta name=\"robots\" content=\"index, follow, max-snippet:-1, max-image-preview:large, max-video-preview:-1\" \/>\n<link rel=\"canonical\" href=\"https:\/\/www.skydiveinterlaken.ch\/de\/allgemeine-geschaeftbedingungen\/\" \/>\n<meta property=\"og:locale\" content=\"de_DE\" \/>\n<meta property=\"og:type\" content=\"article\" \/>\n<meta property=\"og:title\" content=\"Skydive Interlaken \/ Allgemeine Gesch\u00e4ftsbedingungen\" \/>\n<meta property=\"og:description\" content=\"Die Gesch\u00e4ftsbedingunen von Skydive Interlaken und weitere relevante Infos findest du hier.\" \/>\n<meta property=\"og:url\" content=\"https:\/\/www.skydiveinterlaken.ch\/de\/allgemeine-geschaeftbedingungen\/\" \/>\n<meta property=\"og:site_name\" content=\"Skydive Interlaken\" \/>\n<meta property=\"article:modified_time\" content=\"2021-07-28T22:57:47+00:00\" \/>\n<meta name=\"twitter:card\" content=\"summary_large_image\" \/>\n<meta name=\"twitter:label1\" content=\"Gesch\u00e4tzte Lesezeit\" \/>\n\t<meta name=\"twitter:data1\" content=\"6\u00a0Minuten\" \/>\n<script type=\"application\/ld+json\" class=\"yoast-schema-graph\">{\"@context\":\"https:\\\/\\\/schema.org\",\"@graph\":[{\"@type\":\"WebPage\",\"@id\":\"https:\\\/\\\/www.skydiveinterlaken.ch\\\/de\\\/allgemeine-geschaeftbedingungen\\\/\",\"url\":\"https:\\\/\\\/www.skydiveinterlaken.ch\\\/de\\\/allgemeine-geschaeftbedingungen\\\/\",\"name\":\"Skydive Interlaken \\\/ Allgemeine Gesch\u00e4ftsbedingungen\",\"isPartOf\":{\"@id\":\"https:\\\/\\\/www.skydiveinterlaken.ch\\\/#website\"},\"datePublished\":\"2019-07-08T15:11:35+00:00\",\"dateModified\":\"2021-07-28T22:57:47+00:00\",\"description\":\"Die Gesch\u00e4ftsbedingunen von Skydive Interlaken und weitere relevante Infos findest du hier.\",\"breadcrumb\":{\"@id\":\"https:\\\/\\\/www.skydiveinterlaken.ch\\\/de\\\/allgemeine-geschaeftbedingungen\\\/#breadcrumb\"},\"inLanguage\":\"de\",\"potentialAction\":[{\"@type\":\"ReadAction\",\"target\":[\"https:\\\/\\\/www.skydiveinterlaken.ch\\\/de\\\/allgemeine-geschaeftbedingungen\\\/\"]}]},{\"@type\":\"BreadcrumbList\",\"@id\":\"https:\\\/\\\/www.skydiveinterlaken.ch\\\/de\\\/allgemeine-geschaeftbedingungen\\\/#breadcrumb\",\"itemListElement\":[{\"@type\":\"ListItem\",\"position\":1,\"name\":\"Home\",\"item\":\"https:\\\/\\\/www.skydiveinterlaken.ch\\\/de\\\/\"},{\"@type\":\"ListItem\",\"position\":2,\"name\":\"Allgemeine Bedingungen\"}]},{\"@type\":\"WebSite\",\"@id\":\"https:\\\/\\\/www.skydiveinterlaken.ch\\\/#website\",\"url\":\"https:\\\/\\\/www.skydiveinterlaken.ch\\\/\",\"name\":\"Skydive Interlaken\",\"description\":\"\",\"publisher\":{\"@id\":\"https:\\\/\\\/www.skydiveinterlaken.ch\\\/#organization\"},\"potentialAction\":[{\"@type\":\"SearchAction\",\"target\":{\"@type\":\"EntryPoint\",\"urlTemplate\":\"https:\\\/\\\/www.skydiveinterlaken.ch\\\/?s={search_term_string}\"},\"query-input\":{\"@type\":\"PropertyValueSpecification\",\"valueRequired\":true,\"valueName\":\"search_term_string\"}}],\"inLanguage\":\"de\"},{\"@type\":\"Organization\",\"@id\":\"https:\\\/\\\/www.skydiveinterlaken.ch\\\/#organization\",\"name\":\"Skydive Interlaken\",\"url\":\"https:\\\/\\\/www.skydiveinterlaken.ch\\\/\",\"logo\":{\"@type\":\"ImageObject\",\"inLanguage\":\"de\",\"@id\":\"https:\\\/\\\/www.skydiveinterlaken.ch\\\/#\\\/schema\\\/logo\\\/image\\\/\",\"url\":\"https:\\\/\\\/www.skydiveinterlaken.ch\\\/wp-content\\\/uploads\\\/2025\\\/07\\\/google-icon.png\",\"contentUrl\":\"https:\\\/\\\/www.skydiveinterlaken.ch\\\/wp-content\\\/uploads\\\/2025\\\/07\\\/google-icon.png\",\"width\":512,\"height\":512,\"caption\":\"Skydive Interlaken\"},\"image\":{\"@id\":\"https:\\\/\\\/www.skydiveinterlaken.ch\\\/#\\\/schema\\\/logo\\\/image\\\/\"}}]}<\/script>\n<!-- \/ Yoast SEO plugin. -->","yoast_head_json":{"title":"Skydive Interlaken \/ Allgemeine Gesch\u00e4ftsbedingungen","description":"Die Gesch\u00e4ftsbedingunen von Skydive Interlaken und weitere relevante Infos findest du hier.","robots":{"index":"index","follow":"follow","max-snippet":"max-snippet:-1","max-image-preview":"max-image-preview:large","max-video-preview":"max-video-preview:-1"},"canonical":"https:\/\/www.skydiveinterlaken.ch\/de\/allgemeine-geschaeftbedingungen\/","og_locale":"de_DE","og_type":"article","og_title":"Skydive Interlaken \/ Allgemeine Gesch\u00e4ftsbedingungen","og_description":"Die Gesch\u00e4ftsbedingunen von Skydive Interlaken und weitere relevante Infos findest du hier.","og_url":"https:\/\/www.skydiveinterlaken.ch\/de\/allgemeine-geschaeftbedingungen\/","og_site_name":"Skydive Interlaken","article_modified_time":"2021-07-28T22:57:47+00:00","twitter_card":"summary_large_image","twitter_misc":{"Gesch\u00e4tzte Lesezeit":"6\u00a0Minuten"},"schema":{"@context":"https:\/\/schema.org","@graph":[{"@type":"WebPage","@id":"https:\/\/www.skydiveinterlaken.ch\/de\/allgemeine-geschaeftbedingungen\/","url":"https:\/\/www.skydiveinterlaken.ch\/de\/allgemeine-geschaeftbedingungen\/","name":"Skydive Interlaken \/ Allgemeine Gesch\u00e4ftsbedingungen","isPartOf":{"@id":"https:\/\/www.skydiveinterlaken.ch\/#website"},"datePublished":"2019-07-08T15:11:35+00:00","dateModified":"2021-07-28T22:57:47+00:00","description":"Die Gesch\u00e4ftsbedingunen von Skydive Interlaken und weitere relevante Infos findest du hier.","breadcrumb":{"@id":"https:\/\/www.skydiveinterlaken.ch\/de\/allgemeine-geschaeftbedingungen\/#breadcrumb"},"inLanguage":"de","potentialAction":[{"@type":"ReadAction","target":["https:\/\/www.skydiveinterlaken.ch\/de\/allgemeine-geschaeftbedingungen\/"]}]},{"@type":"BreadcrumbList","@id":"https:\/\/www.skydiveinterlaken.ch\/de\/allgemeine-geschaeftbedingungen\/#breadcrumb","itemListElement":[{"@type":"ListItem","position":1,"name":"Home","item":"https:\/\/www.skydiveinterlaken.ch\/de\/"},{"@type":"ListItem","position":2,"name":"Allgemeine Bedingungen"}]},{"@type":"WebSite","@id":"https:\/\/www.skydiveinterlaken.ch\/#website","url":"https:\/\/www.skydiveinterlaken.ch\/","name":"Skydive Interlaken","description":"","publisher":{"@id":"https:\/\/www.skydiveinterlaken.ch\/#organization"},"potentialAction":[{"@type":"SearchAction","target":{"@type":"EntryPoint","urlTemplate":"https:\/\/www.skydiveinterlaken.ch\/?s={search_term_string}"},"query-input":{"@type":"PropertyValueSpecification","valueRequired":true,"valueName":"search_term_string"}}],"inLanguage":"de"},{"@type":"Organization","@id":"https:\/\/www.skydiveinterlaken.ch\/#organization","name":"Skydive Interlaken","url":"https:\/\/www.skydiveinterlaken.ch\/","logo":{"@type":"ImageObject","inLanguage":"de","@id":"https:\/\/www.skydiveinterlaken.ch\/#\/schema\/logo\/image\/","url":"https:\/\/www.skydiveinterlaken.ch\/wp-content\/uploads\/2025\/07\/google-icon.png","contentUrl":"https:\/\/www.skydiveinterlaken.ch\/wp-content\/uploads\/2025\/07\/google-icon.png","width":512,"height":512,"caption":"Skydive Interlaken"},"image":{"@id":"https:\/\/www.skydiveinterlaken.ch\/#\/schema\/logo\/image\/"}}]}},"_links":{"self":[{"href":"https:\/\/www.skydiveinterlaken.ch\/de\/wp-json\/wp\/v2\/pages\/3482","targetHints":{"allow":["GET"]}}],"collection":[{"href":"https:\/\/www.skydiveinterlaken.ch\/de\/wp-json\/wp\/v2\/pages"}],"about":[{"href":"https:\/\/www.skydiveinterlaken.ch\/de\/wp-json\/wp\/v2\/types\/page"}],"author":[{"embeddable":true,"href":"https:\/\/www.skydiveinterlaken.ch\/de\/wp-json\/wp\/v2\/users\/1"}],"replies":[{"embeddable":true,"href":"https:\/\/www.skydiveinterlaken.ch\/de\/wp-json\/wp\/v2\/comments?post=3482"}],"version-history":[{"count":1,"href":"https:\/\/www.skydiveinterlaken.ch\/de\/wp-json\/wp\/v2\/pages\/3482\/revisions"}],"predecessor-version":[{"id":6892,"href":"https:\/\/www.skydiveinterlaken.ch\/de\/wp-json\/wp\/v2\/pages\/3482\/revisions\/6892"}],"wp:attachment":[{"href":"https:\/\/www.skydiveinterlaken.ch\/de\/wp-json\/wp\/v2\/media?parent=3482"}],"curies":[{"name":"wp","href":"https:\/\/api.w.org\/{rel}","templated":true}]}}