{"id":3466,"date":"2019-01-20T17:10:38","date_gmt":"2019-01-20T19:10:38","guid":{"rendered":"https:\/\/www.skydiveinterlaken.ch\/info\/"},"modified":"2021-12-01T23:28:44","modified_gmt":"2021-12-01T22:28:44","slug":"info","status":"publish","type":"page","link":"https:\/\/www.skydiveinterlaken.ch\/de\/info\/","title":{"rendered":"Info"},"content":{"rendered":"","protected":false},"excerpt":{"rendered":"","protected":false},"author":1,"featured_media":0,"parent":0,"menu_order":20,"comment_status":"closed","ping_status":"closed","template":"page-templates\/info.php","meta":{"_acf_changed":false,"inline_featured_image":false,"footnotes":""},"class_list":["post-3466","page","type-page","status-publish","hentry"],"acf":[],"yoast_head":"<!-- This site is optimized with the Yoast SEO plugin v27.4 - https:\/\/yoast.com\/product\/yoast-seo-wordpress\/ -->\n<title>Bester Tandem Fallschirmspung | Info Skydive Interlaken<\/title>\n<meta name=\"description\" content=\"Professionelles sehr erfahrenes und gut ausgebildetes Team bei dem du dich stets sicher und willkommen f\u00fchlst. Wir nehmen uns Zeit f\u00fcr dich und freuen uns dieses einmalige Erlebnis mit dir Teilen zu k\u00f6nnen\" \/>\n<meta name=\"robots\" content=\"index, follow, max-snippet:-1, max-image-preview:large, max-video-preview:-1\" \/>\n<link rel=\"canonical\" href=\"https:\/\/www.skydiveinterlaken.ch\/de\/info\/\" \/>\n<meta property=\"og:locale\" content=\"de_DE\" \/>\n<meta property=\"og:type\" content=\"article\" \/>\n<meta property=\"og:title\" content=\"Bester Tandem Fallschirmspung | Info Skydive Interlaken\" \/>\n<meta property=\"og:description\" content=\"Professionelles sehr erfahrenes und gut ausgebildetes Team bei dem du dich stets sicher und willkommen f\u00fchlst. Wir nehmen uns Zeit f\u00fcr dich und freuen uns dieses einmalige Erlebnis mit dir Teilen zu k\u00f6nnen\" \/>\n<meta property=\"og:url\" content=\"https:\/\/www.skydiveinterlaken.ch\/de\/info\/\" \/>\n<meta property=\"og:site_name\" content=\"Skydive Interlaken\" \/>\n<meta property=\"article:modified_time\" content=\"2021-12-01T22:28:44+00:00\" \/>\n<meta name=\"twitter:card\" content=\"summary_large_image\" \/>\n<script type=\"application\/ld+json\" class=\"yoast-schema-graph\">{\"@context\":\"https:\\\/\\\/schema.org\",\"@graph\":[{\"@type\":\"WebPage\",\"@id\":\"https:\\\/\\\/www.skydiveinterlaken.ch\\\/de\\\/info\\\/\",\"url\":\"https:\\\/\\\/www.skydiveinterlaken.ch\\\/de\\\/info\\\/\",\"name\":\"Bester Tandem Fallschirmspung | Info Skydive Interlaken\",\"isPartOf\":{\"@id\":\"https:\\\/\\\/www.skydiveinterlaken.ch\\\/#website\"},\"datePublished\":\"2019-01-20T19:10:38+00:00\",\"dateModified\":\"2021-12-01T22:28:44+00:00\",\"description\":\"Professionelles sehr erfahrenes und gut ausgebildetes Team bei dem du dich stets sicher und willkommen f\u00fchlst. Wir nehmen uns Zeit f\u00fcr dich und freuen uns dieses einmalige Erlebnis mit dir Teilen zu k\u00f6nnen\",\"breadcrumb\":{\"@id\":\"https:\\\/\\\/www.skydiveinterlaken.ch\\\/de\\\/info\\\/#breadcrumb\"},\"inLanguage\":\"de\",\"potentialAction\":[{\"@type\":\"ReadAction\",\"target\":[\"https:\\\/\\\/www.skydiveinterlaken.ch\\\/de\\\/info\\\/\"]}]},{\"@type\":\"BreadcrumbList\",\"@id\":\"https:\\\/\\\/www.skydiveinterlaken.ch\\\/de\\\/info\\\/#breadcrumb\",\"itemListElement\":[{\"@type\":\"ListItem\",\"position\":1,\"name\":\"Home\",\"item\":\"https:\\\/\\\/www.skydiveinterlaken.ch\\\/de\\\/\"},{\"@type\":\"ListItem\",\"position\":2,\"name\":\"Info\"}]},{\"@type\":\"WebSite\",\"@id\":\"https:\\\/\\\/www.skydiveinterlaken.ch\\\/#website\",\"url\":\"https:\\\/\\\/www.skydiveinterlaken.ch\\\/\",\"name\":\"Skydive Interlaken\",\"description\":\"\",\"publisher\":{\"@id\":\"https:\\\/\\\/www.skydiveinterlaken.ch\\\/#organization\"},\"potentialAction\":[{\"@type\":\"SearchAction\",\"target\":{\"@type\":\"EntryPoint\",\"urlTemplate\":\"https:\\\/\\\/www.skydiveinterlaken.ch\\\/?s={search_term_string}\"},\"query-input\":{\"@type\":\"PropertyValueSpecification\",\"valueRequired\":true,\"valueName\":\"search_term_string\"}}],\"inLanguage\":\"de\"},{\"@type\":\"Organization\",\"@id\":\"https:\\\/\\\/www.skydiveinterlaken.ch\\\/#organization\",\"name\":\"Skydive Interlaken\",\"url\":\"https:\\\/\\\/www.skydiveinterlaken.ch\\\/\",\"logo\":{\"@type\":\"ImageObject\",\"inLanguage\":\"de\",\"@id\":\"https:\\\/\\\/www.skydiveinterlaken.ch\\\/#\\\/schema\\\/logo\\\/image\\\/\",\"url\":\"https:\\\/\\\/www.skydiveinterlaken.ch\\\/wp-content\\\/uploads\\\/2025\\\/07\\\/google-icon.png\",\"contentUrl\":\"https:\\\/\\\/www.skydiveinterlaken.ch\\\/wp-content\\\/uploads\\\/2025\\\/07\\\/google-icon.png\",\"width\":512,\"height\":512,\"caption\":\"Skydive Interlaken\"},\"image\":{\"@id\":\"https:\\\/\\\/www.skydiveinterlaken.ch\\\/#\\\/schema\\\/logo\\\/image\\\/\"}}]}<\/script>\n<!-- \/ Yoast SEO plugin. -->","yoast_head_json":{"title":"Bester Tandem Fallschirmspung | Info Skydive Interlaken","description":"Professionelles sehr erfahrenes und gut ausgebildetes Team bei dem du dich stets sicher und willkommen f\u00fchlst. Wir nehmen uns Zeit f\u00fcr dich und freuen uns dieses einmalige Erlebnis mit dir Teilen zu k\u00f6nnen","robots":{"index":"index","follow":"follow","max-snippet":"max-snippet:-1","max-image-preview":"max-image-preview:large","max-video-preview":"max-video-preview:-1"},"canonical":"https:\/\/www.skydiveinterlaken.ch\/de\/info\/","og_locale":"de_DE","og_type":"article","og_title":"Bester Tandem Fallschirmspung | Info Skydive Interlaken","og_description":"Professionelles sehr erfahrenes und gut ausgebildetes Team bei dem du dich stets sicher und willkommen f\u00fchlst. Wir nehmen uns Zeit f\u00fcr dich und freuen uns dieses einmalige Erlebnis mit dir Teilen zu k\u00f6nnen","og_url":"https:\/\/www.skydiveinterlaken.ch\/de\/info\/","og_site_name":"Skydive Interlaken","article_modified_time":"2021-12-01T22:28:44+00:00","twitter_card":"summary_large_image","schema":{"@context":"https:\/\/schema.org","@graph":[{"@type":"WebPage","@id":"https:\/\/www.skydiveinterlaken.ch\/de\/info\/","url":"https:\/\/www.skydiveinterlaken.ch\/de\/info\/","name":"Bester Tandem Fallschirmspung | Info Skydive Interlaken","isPartOf":{"@id":"https:\/\/www.skydiveinterlaken.ch\/#website"},"datePublished":"2019-01-20T19:10:38+00:00","dateModified":"2021-12-01T22:28:44+00:00","description":"Professionelles sehr erfahrenes und gut ausgebildetes Team bei dem du dich stets sicher und willkommen f\u00fchlst. Wir nehmen uns Zeit f\u00fcr dich und freuen uns dieses einmalige Erlebnis mit dir Teilen zu k\u00f6nnen","breadcrumb":{"@id":"https:\/\/www.skydiveinterlaken.ch\/de\/info\/#breadcrumb"},"inLanguage":"de","potentialAction":[{"@type":"ReadAction","target":["https:\/\/www.skydiveinterlaken.ch\/de\/info\/"]}]},{"@type":"BreadcrumbList","@id":"https:\/\/www.skydiveinterlaken.ch\/de\/info\/#breadcrumb","itemListElement":[{"@type":"ListItem","position":1,"name":"Home","item":"https:\/\/www.skydiveinterlaken.ch\/de\/"},{"@type":"ListItem","position":2,"name":"Info"}]},{"@type":"WebSite","@id":"https:\/\/www.skydiveinterlaken.ch\/#website","url":"https:\/\/www.skydiveinterlaken.ch\/","name":"Skydive Interlaken","description":"","publisher":{"@id":"https:\/\/www.skydiveinterlaken.ch\/#organization"},"potentialAction":[{"@type":"SearchAction","target":{"@type":"EntryPoint","urlTemplate":"https:\/\/www.skydiveinterlaken.ch\/?s={search_term_string}"},"query-input":{"@type":"PropertyValueSpecification","valueRequired":true,"valueName":"search_term_string"}}],"inLanguage":"de"},{"@type":"Organization","@id":"https:\/\/www.skydiveinterlaken.ch\/#organization","name":"Skydive Interlaken","url":"https:\/\/www.skydiveinterlaken.ch\/","logo":{"@type":"ImageObject","inLanguage":"de","@id":"https:\/\/www.skydiveinterlaken.ch\/#\/schema\/logo\/image\/","url":"https:\/\/www.skydiveinterlaken.ch\/wp-content\/uploads\/2025\/07\/google-icon.png","contentUrl":"https:\/\/www.skydiveinterlaken.ch\/wp-content\/uploads\/2025\/07\/google-icon.png","width":512,"height":512,"caption":"Skydive Interlaken"},"image":{"@id":"https:\/\/www.skydiveinterlaken.ch\/#\/schema\/logo\/image\/"}}]}},"_links":{"self":[{"href":"https:\/\/www.skydiveinterlaken.ch\/de\/wp-json\/wp\/v2\/pages\/3466","targetHints":{"allow":["GET"]}}],"collection":[{"href":"https:\/\/www.skydiveinterlaken.ch\/de\/wp-json\/wp\/v2\/pages"}],"about":[{"href":"https:\/\/www.skydiveinterlaken.ch\/de\/wp-json\/wp\/v2\/types\/page"}],"author":[{"embeddable":true,"href":"https:\/\/www.skydiveinterlaken.ch\/de\/wp-json\/wp\/v2\/users\/1"}],"replies":[{"embeddable":true,"href":"https:\/\/www.skydiveinterlaken.ch\/de\/wp-json\/wp\/v2\/comments?post=3466"}],"version-history":[{"count":2,"href":"https:\/\/www.skydiveinterlaken.ch\/de\/wp-json\/wp\/v2\/pages\/3466\/revisions"}],"predecessor-version":[{"id":7097,"href":"https:\/\/www.skydiveinterlaken.ch\/de\/wp-json\/wp\/v2\/pages\/3466\/revisions\/7097"}],"wp:attachment":[{"href":"https:\/\/www.skydiveinterlaken.ch\/de\/wp-json\/wp\/v2\/media?parent=3466"}],"curies":[{"name":"wp","href":"https:\/\/api.w.org\/{rel}","templated":true}]}}