{"id":11363,"date":"2024-05-22T05:11:20","date_gmt":"2024-05-22T03:11:20","guid":{"rendered":"https:\/\/www.skydiveinterlaken.ch\/?page_id=11363"},"modified":"2025-10-23T14:47:08","modified_gmt":"2025-10-23T12:47:08","slug":"erlebnisse-in-grindelwald","status":"publish","type":"page","link":"https:\/\/www.skydiveinterlaken.ch\/de\/erlebnisse-in-grindelwald\/","title":{"rendered":"Erlebnisse in Grindelwald"},"content":{"rendered":"","protected":false},"excerpt":{"rendered":"<p>Erlebe Grindelwald aus der Luft \u2013 mit Fallschirmspr\u00fcngen, Helikopterfl\u00fcgen und spektakul\u00e4ren Aussichten auf Eiger, M\u00f6nch und Jungfrau. Abenteuer, Natur und Adrenalin \u2013 alles an einem Ort!<\/p>\n","protected":false},"author":12,"featured_media":12989,"parent":0,"menu_order":0,"comment_status":"closed","ping_status":"closed","template":"page-templates\/page-destination.php","meta":{"_acf_changed":false,"inline_featured_image":false,"footnotes":""},"class_list":["post-11363","page","type-page","status-publish","has-post-thumbnail","hentry"],"acf":[],"yoast_head":"<!-- This site is optimized with the Yoast SEO plugin v27.4 - https:\/\/yoast.com\/product\/yoast-seo-wordpress\/ -->\n<title>Aktivit\u00e4ten in Grindelwald - Skydiving, Helikopterrundfl\u00fcge &amp; Mehr!<\/title>\n<meta name=\"description\" content=\"Erkunde Grindelwald: Wandern, Skydiving und weitere Aktivit\u00e4ten im Schweizer Alpenjuwel. Ein perfekter Urlaub f\u00fcr die ganze Familie!\" \/>\n<meta name=\"robots\" content=\"index, follow, max-snippet:-1, max-image-preview:large, max-video-preview:-1\" \/>\n<link rel=\"canonical\" href=\"https:\/\/www.skydiveinterlaken.ch\/de\/erlebnisse-in-grindelwald\/\" \/>\n<meta property=\"og:locale\" content=\"de_DE\" \/>\n<meta property=\"og:type\" content=\"article\" \/>\n<meta property=\"og:title\" content=\"Aktivit\u00e4ten in Grindelwald - Skydiving, Helikopterrundfl\u00fcge &amp; Mehr!\" \/>\n<meta property=\"og:description\" content=\"Erkunde Grindelwald: Wandern, Skydiving und weitere Aktivit\u00e4ten im Schweizer Alpenjuwel. Ein perfekter Urlaub f\u00fcr die ganze Familie!\" \/>\n<meta property=\"og:url\" content=\"https:\/\/www.skydiveinterlaken.ch\/de\/erlebnisse-in-grindelwald\/\" \/>\n<meta property=\"og:site_name\" content=\"Skydive Interlaken\" \/>\n<meta property=\"article:modified_time\" content=\"2025-10-23T12:47:08+00:00\" \/>\n<meta property=\"og:image\" content=\"https:\/\/www.skydiveinterlaken.ch\/wp-content\/uploads\/2024\/10\/Header-Banner-Grindelwald-in-Winter.webp\" \/>\n\t<meta property=\"og:image:width\" content=\"1920\" \/>\n\t<meta property=\"og:image:height\" content=\"882\" \/>\n\t<meta property=\"og:image:type\" content=\"image\/webp\" \/>\n<meta name=\"twitter:card\" content=\"summary_large_image\" \/>\n<meta name=\"twitter:label1\" content=\"Gesch\u00e4tzte Lesezeit\" \/>\n\t<meta name=\"twitter:data1\" content=\"1\u00a0Minute\" \/>\n<script type=\"application\/ld+json\" class=\"yoast-schema-graph\">{\"@context\":\"https:\\\/\\\/schema.org\",\"@graph\":[{\"@type\":\"WebPage\",\"@id\":\"https:\\\/\\\/www.skydiveinterlaken.ch\\\/de\\\/erlebnisse-in-grindelwald\\\/\",\"url\":\"https:\\\/\\\/www.skydiveinterlaken.ch\\\/de\\\/erlebnisse-in-grindelwald\\\/\",\"name\":\"Aktivit\u00e4ten in Grindelwald - Skydiving, Helikopterrundfl\u00fcge & Mehr!\",\"isPartOf\":{\"@id\":\"https:\\\/\\\/www.skydiveinterlaken.ch\\\/#website\"},\"primaryImageOfPage\":{\"@id\":\"https:\\\/\\\/www.skydiveinterlaken.ch\\\/de\\\/erlebnisse-in-grindelwald\\\/#primaryimage\"},\"image\":{\"@id\":\"https:\\\/\\\/www.skydiveinterlaken.ch\\\/de\\\/erlebnisse-in-grindelwald\\\/#primaryimage\"},\"thumbnailUrl\":\"https:\\\/\\\/www.skydiveinterlaken.ch\\\/wp-content\\\/uploads\\\/2024\\\/10\\\/Header-Banner-Grindelwald-in-Winter.webp\",\"datePublished\":\"2024-05-22T03:11:20+00:00\",\"dateModified\":\"2025-10-23T12:47:08+00:00\",\"description\":\"Erkunde Grindelwald: Wandern, Skydiving und weitere Aktivit\u00e4ten im Schweizer Alpenjuwel. Ein perfekter Urlaub f\u00fcr die ganze Familie!\",\"breadcrumb\":{\"@id\":\"https:\\\/\\\/www.skydiveinterlaken.ch\\\/de\\\/erlebnisse-in-grindelwald\\\/#breadcrumb\"},\"inLanguage\":\"de\",\"potentialAction\":[{\"@type\":\"ReadAction\",\"target\":[\"https:\\\/\\\/www.skydiveinterlaken.ch\\\/de\\\/erlebnisse-in-grindelwald\\\/\"]}]},{\"@type\":\"ImageObject\",\"inLanguage\":\"de\",\"@id\":\"https:\\\/\\\/www.skydiveinterlaken.ch\\\/de\\\/erlebnisse-in-grindelwald\\\/#primaryimage\",\"url\":\"https:\\\/\\\/www.skydiveinterlaken.ch\\\/wp-content\\\/uploads\\\/2024\\\/10\\\/Header-Banner-Grindelwald-in-Winter.webp\",\"contentUrl\":\"https:\\\/\\\/www.skydiveinterlaken.ch\\\/wp-content\\\/uploads\\\/2024\\\/10\\\/Header-Banner-Grindelwald-in-Winter.webp\",\"width\":1920,\"height\":882,\"caption\":\"Grindelwald, Winter at night\"},{\"@type\":\"BreadcrumbList\",\"@id\":\"https:\\\/\\\/www.skydiveinterlaken.ch\\\/de\\\/erlebnisse-in-grindelwald\\\/#breadcrumb\",\"itemListElement\":[{\"@type\":\"ListItem\",\"position\":1,\"name\":\"Home\",\"item\":\"https:\\\/\\\/www.skydiveinterlaken.ch\\\/de\\\/\"},{\"@type\":\"ListItem\",\"position\":2,\"name\":\"Erlebnisse in Grindelwald\"}]},{\"@type\":\"WebSite\",\"@id\":\"https:\\\/\\\/www.skydiveinterlaken.ch\\\/#website\",\"url\":\"https:\\\/\\\/www.skydiveinterlaken.ch\\\/\",\"name\":\"Skydive Interlaken\",\"description\":\"\",\"publisher\":{\"@id\":\"https:\\\/\\\/www.skydiveinterlaken.ch\\\/#organization\"},\"potentialAction\":[{\"@type\":\"SearchAction\",\"target\":{\"@type\":\"EntryPoint\",\"urlTemplate\":\"https:\\\/\\\/www.skydiveinterlaken.ch\\\/?s={search_term_string}\"},\"query-input\":{\"@type\":\"PropertyValueSpecification\",\"valueRequired\":true,\"valueName\":\"search_term_string\"}}],\"inLanguage\":\"de\"},{\"@type\":\"Organization\",\"@id\":\"https:\\\/\\\/www.skydiveinterlaken.ch\\\/#organization\",\"name\":\"Skydive Interlaken\",\"url\":\"https:\\\/\\\/www.skydiveinterlaken.ch\\\/\",\"logo\":{\"@type\":\"ImageObject\",\"inLanguage\":\"de\",\"@id\":\"https:\\\/\\\/www.skydiveinterlaken.ch\\\/#\\\/schema\\\/logo\\\/image\\\/\",\"url\":\"https:\\\/\\\/www.skydiveinterlaken.ch\\\/wp-content\\\/uploads\\\/2025\\\/07\\\/google-icon.png\",\"contentUrl\":\"https:\\\/\\\/www.skydiveinterlaken.ch\\\/wp-content\\\/uploads\\\/2025\\\/07\\\/google-icon.png\",\"width\":512,\"height\":512,\"caption\":\"Skydive Interlaken\"},\"image\":{\"@id\":\"https:\\\/\\\/www.skydiveinterlaken.ch\\\/#\\\/schema\\\/logo\\\/image\\\/\"}}]}<\/script>\n<!-- \/ Yoast SEO plugin. -->","yoast_head_json":{"title":"Aktivit\u00e4ten in Grindelwald - Skydiving, Helikopterrundfl\u00fcge & Mehr!","description":"Erkunde Grindelwald: Wandern, Skydiving und weitere Aktivit\u00e4ten im Schweizer Alpenjuwel. Ein perfekter Urlaub f\u00fcr die ganze Familie!","robots":{"index":"index","follow":"follow","max-snippet":"max-snippet:-1","max-image-preview":"max-image-preview:large","max-video-preview":"max-video-preview:-1"},"canonical":"https:\/\/www.skydiveinterlaken.ch\/de\/erlebnisse-in-grindelwald\/","og_locale":"de_DE","og_type":"article","og_title":"Aktivit\u00e4ten in Grindelwald - Skydiving, Helikopterrundfl\u00fcge & Mehr!","og_description":"Erkunde Grindelwald: Wandern, Skydiving und weitere Aktivit\u00e4ten im Schweizer Alpenjuwel. Ein perfekter Urlaub f\u00fcr die ganze Familie!","og_url":"https:\/\/www.skydiveinterlaken.ch\/de\/erlebnisse-in-grindelwald\/","og_site_name":"Skydive Interlaken","article_modified_time":"2025-10-23T12:47:08+00:00","og_image":[{"width":1920,"height":882,"url":"https:\/\/www.skydiveinterlaken.ch\/wp-content\/uploads\/2024\/10\/Header-Banner-Grindelwald-in-Winter.webp","type":"image\/webp"}],"twitter_card":"summary_large_image","twitter_misc":{"Gesch\u00e4tzte Lesezeit":"1\u00a0Minute"},"schema":{"@context":"https:\/\/schema.org","@graph":[{"@type":"WebPage","@id":"https:\/\/www.skydiveinterlaken.ch\/de\/erlebnisse-in-grindelwald\/","url":"https:\/\/www.skydiveinterlaken.ch\/de\/erlebnisse-in-grindelwald\/","name":"Aktivit\u00e4ten in Grindelwald - Skydiving, Helikopterrundfl\u00fcge & Mehr!","isPartOf":{"@id":"https:\/\/www.skydiveinterlaken.ch\/#website"},"primaryImageOfPage":{"@id":"https:\/\/www.skydiveinterlaken.ch\/de\/erlebnisse-in-grindelwald\/#primaryimage"},"image":{"@id":"https:\/\/www.skydiveinterlaken.ch\/de\/erlebnisse-in-grindelwald\/#primaryimage"},"thumbnailUrl":"https:\/\/www.skydiveinterlaken.ch\/wp-content\/uploads\/2024\/10\/Header-Banner-Grindelwald-in-Winter.webp","datePublished":"2024-05-22T03:11:20+00:00","dateModified":"2025-10-23T12:47:08+00:00","description":"Erkunde Grindelwald: Wandern, Skydiving und weitere Aktivit\u00e4ten im Schweizer Alpenjuwel. Ein perfekter Urlaub f\u00fcr die ganze Familie!","breadcrumb":{"@id":"https:\/\/www.skydiveinterlaken.ch\/de\/erlebnisse-in-grindelwald\/#breadcrumb"},"inLanguage":"de","potentialAction":[{"@type":"ReadAction","target":["https:\/\/www.skydiveinterlaken.ch\/de\/erlebnisse-in-grindelwald\/"]}]},{"@type":"ImageObject","inLanguage":"de","@id":"https:\/\/www.skydiveinterlaken.ch\/de\/erlebnisse-in-grindelwald\/#primaryimage","url":"https:\/\/www.skydiveinterlaken.ch\/wp-content\/uploads\/2024\/10\/Header-Banner-Grindelwald-in-Winter.webp","contentUrl":"https:\/\/www.skydiveinterlaken.ch\/wp-content\/uploads\/2024\/10\/Header-Banner-Grindelwald-in-Winter.webp","width":1920,"height":882,"caption":"Grindelwald, Winter at night"},{"@type":"BreadcrumbList","@id":"https:\/\/www.skydiveinterlaken.ch\/de\/erlebnisse-in-grindelwald\/#breadcrumb","itemListElement":[{"@type":"ListItem","position":1,"name":"Home","item":"https:\/\/www.skydiveinterlaken.ch\/de\/"},{"@type":"ListItem","position":2,"name":"Erlebnisse in Grindelwald"}]},{"@type":"WebSite","@id":"https:\/\/www.skydiveinterlaken.ch\/#website","url":"https:\/\/www.skydiveinterlaken.ch\/","name":"Skydive Interlaken","description":"","publisher":{"@id":"https:\/\/www.skydiveinterlaken.ch\/#organization"},"potentialAction":[{"@type":"SearchAction","target":{"@type":"EntryPoint","urlTemplate":"https:\/\/www.skydiveinterlaken.ch\/?s={search_term_string}"},"query-input":{"@type":"PropertyValueSpecification","valueRequired":true,"valueName":"search_term_string"}}],"inLanguage":"de"},{"@type":"Organization","@id":"https:\/\/www.skydiveinterlaken.ch\/#organization","name":"Skydive Interlaken","url":"https:\/\/www.skydiveinterlaken.ch\/","logo":{"@type":"ImageObject","inLanguage":"de","@id":"https:\/\/www.skydiveinterlaken.ch\/#\/schema\/logo\/image\/","url":"https:\/\/www.skydiveinterlaken.ch\/wp-content\/uploads\/2025\/07\/google-icon.png","contentUrl":"https:\/\/www.skydiveinterlaken.ch\/wp-content\/uploads\/2025\/07\/google-icon.png","width":512,"height":512,"caption":"Skydive Interlaken"},"image":{"@id":"https:\/\/www.skydiveinterlaken.ch\/#\/schema\/logo\/image\/"}}]}},"_links":{"self":[{"href":"https:\/\/www.skydiveinterlaken.ch\/de\/wp-json\/wp\/v2\/pages\/11363","targetHints":{"allow":["GET"]}}],"collection":[{"href":"https:\/\/www.skydiveinterlaken.ch\/de\/wp-json\/wp\/v2\/pages"}],"about":[{"href":"https:\/\/www.skydiveinterlaken.ch\/de\/wp-json\/wp\/v2\/types\/page"}],"author":[{"embeddable":true,"href":"https:\/\/www.skydiveinterlaken.ch\/de\/wp-json\/wp\/v2\/users\/12"}],"replies":[{"embeddable":true,"href":"https:\/\/www.skydiveinterlaken.ch\/de\/wp-json\/wp\/v2\/comments?post=11363"}],"version-history":[{"count":6,"href":"https:\/\/www.skydiveinterlaken.ch\/de\/wp-json\/wp\/v2\/pages\/11363\/revisions"}],"predecessor-version":[{"id":17122,"href":"https:\/\/www.skydiveinterlaken.ch\/de\/wp-json\/wp\/v2\/pages\/11363\/revisions\/17122"}],"wp:featuredmedia":[{"embeddable":true,"href":"https:\/\/www.skydiveinterlaken.ch\/de\/wp-json\/wp\/v2\/media\/12989"}],"wp:attachment":[{"href":"https:\/\/www.skydiveinterlaken.ch\/de\/wp-json\/wp\/v2\/media?parent=11363"}],"curies":[{"name":"wp","href":"https:\/\/api.w.org\/{rel}","templated":true}]}}