{"id":10606,"date":"2024-01-25T17:15:58","date_gmt":"2024-01-25T16:15:58","guid":{"rendered":"https:\/\/www.skydiveinterlaken.ch\/?page_id=10606"},"modified":"2026-04-22T19:13:14","modified_gmt":"2026-04-22T17:13:14","slug":"skydive-interlaken-homepage","status":"publish","type":"page","link":"https:\/\/www.skydiveinterlaken.ch\/de\/","title":{"rendered":"Skydive Interlaken | HOMEPAGE DE"},"content":{"rendered":"","protected":false},"excerpt":{"rendered":"<p>Erleben Sie den Nervenkitzel von Helikopter-Fallschirmspr\u00fcngen und Rundfl\u00fcgen \u00fcber die majest\u00e4tischen Schweizer Alpen mit Skydive Interlaken. Unser erfahrenes Team sorgt f\u00fcr ein sicheres und aufregendes Erlebnis f\u00fcr alle Abenteuerlustigen. Entdecken Sie die Sch\u00f6nheit der Schweiz aus einer unvergleichlichen Perspektive.<\/p>\n","protected":false},"author":10,"featured_media":24432,"parent":0,"menu_order":0,"comment_status":"closed","ping_status":"closed","template":"page-templates\/homepage2.php","meta":{"_acf_changed":false,"inline_featured_image":false,"footnotes":""},"class_list":["post-10606","page","type-page","status-publish","has-post-thumbnail","hentry"],"acf":[],"yoast_head":"<!-- This site is optimized with the Yoast SEO plugin v27.4 - https:\/\/yoast.com\/product\/yoast-seo-wordpress\/ -->\n<title>Helikopter Fallschirmsprung - Schweizer Alpen | Skydive Interlaken<\/title>\n<meta name=\"description\" content=\"Einzigartiger Fallschirmsprung \u00fcber Interlaken. Springen Sie hoch hinaus mit Blick auf den Brienzer- und Thunersee sowie die Berge Eiger, M\u00f6nch und Jungfrau.\" \/>\n<meta name=\"robots\" content=\"index, follow, max-snippet:-1, max-image-preview:large, max-video-preview:-1\" \/>\n<link rel=\"canonical\" href=\"https:\/\/www.skydiveinterlaken.ch\/de\/\" \/>\n<meta property=\"og:locale\" content=\"de_DE\" \/>\n<meta property=\"og:type\" content=\"article\" \/>\n<meta property=\"og:title\" content=\"Helikopter Fallschirmsprung - Schweizer Alpen | Skydive Interlaken\" \/>\n<meta property=\"og:description\" content=\"Einzigartiger Fallschirmsprung \u00fcber Interlaken. Springen Sie hoch hinaus mit Blick auf den Brienzer- und Thunersee sowie die Berge Eiger, M\u00f6nch und Jungfrau.\" \/>\n<meta property=\"og:url\" content=\"https:\/\/www.skydiveinterlaken.ch\/de\/\" \/>\n<meta property=\"og:site_name\" content=\"Skydive Interlaken\" \/>\n<meta property=\"article:modified_time\" content=\"2026-04-22T17:13:14+00:00\" \/>\n<meta property=\"og:image\" content=\"https:\/\/www.skydiveinterlaken.ch\/wp-content\/uploads\/2026\/04\/Home-Banner-Summer.webp\" \/>\n\t<meta property=\"og:image:width\" content=\"1920\" \/>\n\t<meta property=\"og:image:height\" content=\"1280\" \/>\n\t<meta property=\"og:image:type\" content=\"image\/webp\" \/>\n<meta name=\"twitter:card\" content=\"summary_large_image\" \/>\n<meta name=\"twitter:label1\" content=\"Gesch\u00e4tzte Lesezeit\" \/>\n\t<meta name=\"twitter:data1\" content=\"1\u00a0Minute\" \/>\n<script type=\"application\/ld+json\" class=\"yoast-schema-graph\">{\"@context\":\"https:\\\/\\\/schema.org\",\"@graph\":[{\"@type\":\"WebPage\",\"@id\":\"https:\\\/\\\/www.skydiveinterlaken.ch\\\/de\\\/\",\"url\":\"https:\\\/\\\/www.skydiveinterlaken.ch\\\/de\\\/\",\"name\":\"Helikopter Fallschirmsprung - Schweizer Alpen | Skydive Interlaken\",\"isPartOf\":{\"@id\":\"https:\\\/\\\/www.skydiveinterlaken.ch\\\/#website\"},\"primaryImageOfPage\":{\"@id\":\"https:\\\/\\\/www.skydiveinterlaken.ch\\\/de\\\/#primaryimage\"},\"image\":{\"@id\":\"https:\\\/\\\/www.skydiveinterlaken.ch\\\/de\\\/#primaryimage\"},\"thumbnailUrl\":\"https:\\\/\\\/www.skydiveinterlaken.ch\\\/wp-content\\\/uploads\\\/2026\\\/04\\\/Home-Banner-Summer.webp\",\"datePublished\":\"2024-01-25T16:15:58+00:00\",\"dateModified\":\"2026-04-22T17:13:14+00:00\",\"description\":\"Einzigartiger Fallschirmsprung \u00fcber Interlaken. Springen Sie hoch hinaus mit Blick auf den Brienzer- und Thunersee sowie die Berge Eiger, M\u00f6nch und Jungfrau.\",\"breadcrumb\":{\"@id\":\"https:\\\/\\\/www.skydiveinterlaken.ch\\\/de\\\/#breadcrumb\"},\"inLanguage\":\"de\",\"potentialAction\":[{\"@type\":\"ReadAction\",\"target\":[\"https:\\\/\\\/www.skydiveinterlaken.ch\\\/de\\\/\"]}]},{\"@type\":\"ImageObject\",\"inLanguage\":\"de\",\"@id\":\"https:\\\/\\\/www.skydiveinterlaken.ch\\\/de\\\/#primaryimage\",\"url\":\"https:\\\/\\\/www.skydiveinterlaken.ch\\\/wp-content\\\/uploads\\\/2026\\\/04\\\/Home-Banner-Summer.webp\",\"contentUrl\":\"https:\\\/\\\/www.skydiveinterlaken.ch\\\/wp-content\\\/uploads\\\/2026\\\/04\\\/Home-Banner-Summer.webp\",\"width\":1920,\"height\":1280,\"caption\":\"Skydiving jump in Interlaken during the summer season\"},{\"@type\":\"BreadcrumbList\",\"@id\":\"https:\\\/\\\/www.skydiveinterlaken.ch\\\/de\\\/#breadcrumb\",\"itemListElement\":[{\"@type\":\"ListItem\",\"position\":1,\"name\":\"Home\",\"item\":\"https:\\\/\\\/www.skydiveinterlaken.ch\\\/de\\\/\"},{\"@type\":\"ListItem\",\"position\":2,\"name\":\"Skydive Interlaken | HOMEPAGE DE\"}]},{\"@type\":\"WebSite\",\"@id\":\"https:\\\/\\\/www.skydiveinterlaken.ch\\\/#website\",\"url\":\"https:\\\/\\\/www.skydiveinterlaken.ch\\\/\",\"name\":\"Skydive Interlaken\",\"description\":\"\",\"publisher\":{\"@id\":\"https:\\\/\\\/www.skydiveinterlaken.ch\\\/#organization\"},\"potentialAction\":[{\"@type\":\"SearchAction\",\"target\":{\"@type\":\"EntryPoint\",\"urlTemplate\":\"https:\\\/\\\/www.skydiveinterlaken.ch\\\/?s={search_term_string}\"},\"query-input\":{\"@type\":\"PropertyValueSpecification\",\"valueRequired\":true,\"valueName\":\"search_term_string\"}}],\"inLanguage\":\"de\"},{\"@type\":\"Organization\",\"@id\":\"https:\\\/\\\/www.skydiveinterlaken.ch\\\/#organization\",\"name\":\"Skydive Interlaken\",\"url\":\"https:\\\/\\\/www.skydiveinterlaken.ch\\\/\",\"logo\":{\"@type\":\"ImageObject\",\"inLanguage\":\"de\",\"@id\":\"https:\\\/\\\/www.skydiveinterlaken.ch\\\/#\\\/schema\\\/logo\\\/image\\\/\",\"url\":\"https:\\\/\\\/www.skydiveinterlaken.ch\\\/wp-content\\\/uploads\\\/2025\\\/07\\\/google-icon.png\",\"contentUrl\":\"https:\\\/\\\/www.skydiveinterlaken.ch\\\/wp-content\\\/uploads\\\/2025\\\/07\\\/google-icon.png\",\"width\":512,\"height\":512,\"caption\":\"Skydive Interlaken\"},\"image\":{\"@id\":\"https:\\\/\\\/www.skydiveinterlaken.ch\\\/#\\\/schema\\\/logo\\\/image\\\/\"}}]}<\/script>\n<!-- \/ Yoast SEO plugin. -->","yoast_head_json":{"title":"Helikopter Fallschirmsprung - Schweizer Alpen | Skydive Interlaken","description":"Einzigartiger Fallschirmsprung \u00fcber Interlaken. Springen Sie hoch hinaus mit Blick auf den Brienzer- und Thunersee sowie die Berge Eiger, M\u00f6nch und Jungfrau.","robots":{"index":"index","follow":"follow","max-snippet":"max-snippet:-1","max-image-preview":"max-image-preview:large","max-video-preview":"max-video-preview:-1"},"canonical":"https:\/\/www.skydiveinterlaken.ch\/de\/","og_locale":"de_DE","og_type":"article","og_title":"Helikopter Fallschirmsprung - Schweizer Alpen | Skydive Interlaken","og_description":"Einzigartiger Fallschirmsprung \u00fcber Interlaken. Springen Sie hoch hinaus mit Blick auf den Brienzer- und Thunersee sowie die Berge Eiger, M\u00f6nch und Jungfrau.","og_url":"https:\/\/www.skydiveinterlaken.ch\/de\/","og_site_name":"Skydive Interlaken","article_modified_time":"2026-04-22T17:13:14+00:00","og_image":[{"width":1920,"height":1280,"url":"https:\/\/www.skydiveinterlaken.ch\/wp-content\/uploads\/2026\/04\/Home-Banner-Summer.webp","type":"image\/webp"}],"twitter_card":"summary_large_image","twitter_misc":{"Gesch\u00e4tzte Lesezeit":"1\u00a0Minute"},"schema":{"@context":"https:\/\/schema.org","@graph":[{"@type":"WebPage","@id":"https:\/\/www.skydiveinterlaken.ch\/de\/","url":"https:\/\/www.skydiveinterlaken.ch\/de\/","name":"Helikopter Fallschirmsprung - Schweizer Alpen | Skydive Interlaken","isPartOf":{"@id":"https:\/\/www.skydiveinterlaken.ch\/#website"},"primaryImageOfPage":{"@id":"https:\/\/www.skydiveinterlaken.ch\/de\/#primaryimage"},"image":{"@id":"https:\/\/www.skydiveinterlaken.ch\/de\/#primaryimage"},"thumbnailUrl":"https:\/\/www.skydiveinterlaken.ch\/wp-content\/uploads\/2026\/04\/Home-Banner-Summer.webp","datePublished":"2024-01-25T16:15:58+00:00","dateModified":"2026-04-22T17:13:14+00:00","description":"Einzigartiger Fallschirmsprung \u00fcber Interlaken. Springen Sie hoch hinaus mit Blick auf den Brienzer- und Thunersee sowie die Berge Eiger, M\u00f6nch und Jungfrau.","breadcrumb":{"@id":"https:\/\/www.skydiveinterlaken.ch\/de\/#breadcrumb"},"inLanguage":"de","potentialAction":[{"@type":"ReadAction","target":["https:\/\/www.skydiveinterlaken.ch\/de\/"]}]},{"@type":"ImageObject","inLanguage":"de","@id":"https:\/\/www.skydiveinterlaken.ch\/de\/#primaryimage","url":"https:\/\/www.skydiveinterlaken.ch\/wp-content\/uploads\/2026\/04\/Home-Banner-Summer.webp","contentUrl":"https:\/\/www.skydiveinterlaken.ch\/wp-content\/uploads\/2026\/04\/Home-Banner-Summer.webp","width":1920,"height":1280,"caption":"Skydiving jump in Interlaken during the summer season"},{"@type":"BreadcrumbList","@id":"https:\/\/www.skydiveinterlaken.ch\/de\/#breadcrumb","itemListElement":[{"@type":"ListItem","position":1,"name":"Home","item":"https:\/\/www.skydiveinterlaken.ch\/de\/"},{"@type":"ListItem","position":2,"name":"Skydive Interlaken | HOMEPAGE DE"}]},{"@type":"WebSite","@id":"https:\/\/www.skydiveinterlaken.ch\/#website","url":"https:\/\/www.skydiveinterlaken.ch\/","name":"Skydive Interlaken","description":"","publisher":{"@id":"https:\/\/www.skydiveinterlaken.ch\/#organization"},"potentialAction":[{"@type":"SearchAction","target":{"@type":"EntryPoint","urlTemplate":"https:\/\/www.skydiveinterlaken.ch\/?s={search_term_string}"},"query-input":{"@type":"PropertyValueSpecification","valueRequired":true,"valueName":"search_term_string"}}],"inLanguage":"de"},{"@type":"Organization","@id":"https:\/\/www.skydiveinterlaken.ch\/#organization","name":"Skydive Interlaken","url":"https:\/\/www.skydiveinterlaken.ch\/","logo":{"@type":"ImageObject","inLanguage":"de","@id":"https:\/\/www.skydiveinterlaken.ch\/#\/schema\/logo\/image\/","url":"https:\/\/www.skydiveinterlaken.ch\/wp-content\/uploads\/2025\/07\/google-icon.png","contentUrl":"https:\/\/www.skydiveinterlaken.ch\/wp-content\/uploads\/2025\/07\/google-icon.png","width":512,"height":512,"caption":"Skydive Interlaken"},"image":{"@id":"https:\/\/www.skydiveinterlaken.ch\/#\/schema\/logo\/image\/"}}]}},"_links":{"self":[{"href":"https:\/\/www.skydiveinterlaken.ch\/de\/wp-json\/wp\/v2\/pages\/10606","targetHints":{"allow":["GET"]}}],"collection":[{"href":"https:\/\/www.skydiveinterlaken.ch\/de\/wp-json\/wp\/v2\/pages"}],"about":[{"href":"https:\/\/www.skydiveinterlaken.ch\/de\/wp-json\/wp\/v2\/types\/page"}],"author":[{"embeddable":true,"href":"https:\/\/www.skydiveinterlaken.ch\/de\/wp-json\/wp\/v2\/users\/10"}],"replies":[{"embeddable":true,"href":"https:\/\/www.skydiveinterlaken.ch\/de\/wp-json\/wp\/v2\/comments?post=10606"}],"version-history":[{"count":8,"href":"https:\/\/www.skydiveinterlaken.ch\/de\/wp-json\/wp\/v2\/pages\/10606\/revisions"}],"predecessor-version":[{"id":24446,"href":"https:\/\/www.skydiveinterlaken.ch\/de\/wp-json\/wp\/v2\/pages\/10606\/revisions\/24446"}],"wp:featuredmedia":[{"embeddable":true,"href":"https:\/\/www.skydiveinterlaken.ch\/de\/wp-json\/wp\/v2\/media\/24432"}],"wp:attachment":[{"href":"https:\/\/www.skydiveinterlaken.ch\/de\/wp-json\/wp\/v2\/media?parent=10606"}],"curies":[{"name":"wp","href":"https:\/\/api.w.org\/{rel}","templated":true}]}}