{"id":10600,"date":"2024-02-21T04:01:17","date_gmt":"2024-02-21T03:01:17","guid":{"rendered":"https:\/\/www.skydiveinterlaken.ch\/?page_id=10600"},"modified":"2026-04-15T16:59:15","modified_gmt":"2026-04-15T14:59:15","slug":"fallschirmspringen-schweiz","status":"publish","type":"page","link":"https:\/\/www.skydiveinterlaken.ch\/de\/fallschirmspringen-schweiz\/","title":{"rendered":"Fallschirmspringen-Schweiz"},"content":{"rendered":"","protected":false},"excerpt":{"rendered":"<p>Erlebe den ultimativen Adrenalinkick mit Skydive Interlaken. Springe \u00fcber Interlaken, Lauterbrunnen oder Grindelwald und genie\u00dfe atemberaubende Helikopter-Fallschirmspr\u00fcnge inmitten der Schweizer Alpen. Jeder Sprung ist eine einmalige Kombination aus Nervenkitzel und unvergesslicher Bergkulisse.<\/p>\n","protected":false},"author":10,"featured_media":14734,"parent":0,"menu_order":0,"comment_status":"closed","ping_status":"closed","template":"page-templates\/page-skydive-and-scenic-flight-page.php","meta":{"_acf_changed":false,"inline_featured_image":false,"footnotes":""},"class_list":["post-10600","page","type-page","status-publish","has-post-thumbnail","hentry"],"acf":[],"yoast_head":"<!-- This site is optimized with the Yoast SEO plugin v27.4 - https:\/\/yoast.com\/product\/yoast-seo-wordpress\/ -->\n<title>Fallschirmspringen Schweiz: Interlaken &amp; Lauterbrunnen Skydives<\/title>\n<meta name=\"description\" content=\"Erlebe einzigartiges Tandem-Fallschirmspringen mit dem Helikopter in Interlaken &amp; Lauterbrunnen, Schweiz. Unvergessliche Skydive-Abenteuer.\" \/>\n<meta name=\"robots\" content=\"index, follow, max-snippet:-1, max-image-preview:large, max-video-preview:-1\" \/>\n<link rel=\"canonical\" href=\"https:\/\/www.skydiveinterlaken.ch\/de\/fallschirmspringen-schweiz\/\" \/>\n<meta property=\"og:locale\" content=\"de_DE\" \/>\n<meta property=\"og:type\" content=\"article\" \/>\n<meta property=\"og:title\" content=\"Fallschirmspringen Schweiz: Interlaken &amp; Lauterbrunnen Skydives\" \/>\n<meta property=\"og:description\" content=\"Erlebe einzigartiges Tandem-Fallschirmspringen mit dem Helikopter in Interlaken &amp; Lauterbrunnen, Schweiz. Unvergessliche Skydive-Abenteuer.\" \/>\n<meta property=\"og:url\" content=\"https:\/\/www.skydiveinterlaken.ch\/de\/fallschirmspringen-schweiz\/\" \/>\n<meta property=\"og:site_name\" content=\"Skydive Interlaken\" \/>\n<meta property=\"article:modified_time\" content=\"2026-04-15T14:59:15+00:00\" \/>\n<meta property=\"og:image\" content=\"https:\/\/www.skydiveinterlaken.ch\/wp-content\/uploads\/2025\/06\/SDI_Addons.jpg\" \/>\n\t<meta property=\"og:image:width\" content=\"1920\" \/>\n\t<meta property=\"og:image:height\" content=\"1280\" \/>\n\t<meta property=\"og:image:type\" content=\"image\/jpeg\" \/>\n<meta name=\"twitter:card\" content=\"summary_large_image\" \/>\n<meta name=\"twitter:label1\" content=\"Gesch\u00e4tzte Lesezeit\" \/>\n\t<meta name=\"twitter:data1\" content=\"1\u00a0Minute\" \/>\n<script type=\"application\/ld+json\" class=\"yoast-schema-graph\">{\"@context\":\"https:\\\/\\\/schema.org\",\"@graph\":[{\"@type\":\"WebPage\",\"@id\":\"https:\\\/\\\/www.skydiveinterlaken.ch\\\/de\\\/fallschirmspringen-schweiz\\\/\",\"url\":\"https:\\\/\\\/www.skydiveinterlaken.ch\\\/de\\\/fallschirmspringen-schweiz\\\/\",\"name\":\"Fallschirmspringen Schweiz: Interlaken & Lauterbrunnen Skydives\",\"isPartOf\":{\"@id\":\"https:\\\/\\\/www.skydiveinterlaken.ch\\\/#website\"},\"primaryImageOfPage\":{\"@id\":\"https:\\\/\\\/www.skydiveinterlaken.ch\\\/de\\\/fallschirmspringen-schweiz\\\/#primaryimage\"},\"image\":{\"@id\":\"https:\\\/\\\/www.skydiveinterlaken.ch\\\/de\\\/fallschirmspringen-schweiz\\\/#primaryimage\"},\"thumbnailUrl\":\"https:\\\/\\\/www.skydiveinterlaken.ch\\\/wp-content\\\/uploads\\\/2025\\\/06\\\/SDI_Addons.jpg\",\"datePublished\":\"2024-02-21T03:01:17+00:00\",\"dateModified\":\"2026-04-15T14:59:15+00:00\",\"description\":\"Erlebe einzigartiges Tandem-Fallschirmspringen mit dem Helikopter in Interlaken & Lauterbrunnen, Schweiz. Unvergessliche Skydive-Abenteuer.\",\"breadcrumb\":{\"@id\":\"https:\\\/\\\/www.skydiveinterlaken.ch\\\/de\\\/fallschirmspringen-schweiz\\\/#breadcrumb\"},\"inLanguage\":\"de\",\"potentialAction\":[{\"@type\":\"ReadAction\",\"target\":[\"https:\\\/\\\/www.skydiveinterlaken.ch\\\/de\\\/fallschirmspringen-schweiz\\\/\"]}]},{\"@type\":\"ImageObject\",\"inLanguage\":\"de\",\"@id\":\"https:\\\/\\\/www.skydiveinterlaken.ch\\\/de\\\/fallschirmspringen-schweiz\\\/#primaryimage\",\"url\":\"https:\\\/\\\/www.skydiveinterlaken.ch\\\/wp-content\\\/uploads\\\/2025\\\/06\\\/SDI_Addons.jpg\",\"contentUrl\":\"https:\\\/\\\/www.skydiveinterlaken.ch\\\/wp-content\\\/uploads\\\/2025\\\/06\\\/SDI_Addons.jpg\",\"width\":1920,\"height\":1280},{\"@type\":\"BreadcrumbList\",\"@id\":\"https:\\\/\\\/www.skydiveinterlaken.ch\\\/de\\\/fallschirmspringen-schweiz\\\/#breadcrumb\",\"itemListElement\":[{\"@type\":\"ListItem\",\"position\":1,\"name\":\"Home\",\"item\":\"https:\\\/\\\/www.skydiveinterlaken.ch\\\/de\\\/\"},{\"@type\":\"ListItem\",\"position\":2,\"name\":\"Fallschirmspringen-Schweiz\"}]},{\"@type\":\"WebSite\",\"@id\":\"https:\\\/\\\/www.skydiveinterlaken.ch\\\/#website\",\"url\":\"https:\\\/\\\/www.skydiveinterlaken.ch\\\/\",\"name\":\"Skydive Interlaken\",\"description\":\"\",\"publisher\":{\"@id\":\"https:\\\/\\\/www.skydiveinterlaken.ch\\\/#organization\"},\"potentialAction\":[{\"@type\":\"SearchAction\",\"target\":{\"@type\":\"EntryPoint\",\"urlTemplate\":\"https:\\\/\\\/www.skydiveinterlaken.ch\\\/?s={search_term_string}\"},\"query-input\":{\"@type\":\"PropertyValueSpecification\",\"valueRequired\":true,\"valueName\":\"search_term_string\"}}],\"inLanguage\":\"de\"},{\"@type\":\"Organization\",\"@id\":\"https:\\\/\\\/www.skydiveinterlaken.ch\\\/#organization\",\"name\":\"Skydive Interlaken\",\"url\":\"https:\\\/\\\/www.skydiveinterlaken.ch\\\/\",\"logo\":{\"@type\":\"ImageObject\",\"inLanguage\":\"de\",\"@id\":\"https:\\\/\\\/www.skydiveinterlaken.ch\\\/#\\\/schema\\\/logo\\\/image\\\/\",\"url\":\"https:\\\/\\\/www.skydiveinterlaken.ch\\\/wp-content\\\/uploads\\\/2025\\\/07\\\/google-icon.png\",\"contentUrl\":\"https:\\\/\\\/www.skydiveinterlaken.ch\\\/wp-content\\\/uploads\\\/2025\\\/07\\\/google-icon.png\",\"width\":512,\"height\":512,\"caption\":\"Skydive Interlaken\"},\"image\":{\"@id\":\"https:\\\/\\\/www.skydiveinterlaken.ch\\\/#\\\/schema\\\/logo\\\/image\\\/\"}}]}<\/script>\n<!-- \/ Yoast SEO plugin. -->","yoast_head_json":{"title":"Fallschirmspringen Schweiz: Interlaken & Lauterbrunnen Skydives","description":"Erlebe einzigartiges Tandem-Fallschirmspringen mit dem Helikopter in Interlaken & Lauterbrunnen, Schweiz. Unvergessliche Skydive-Abenteuer.","robots":{"index":"index","follow":"follow","max-snippet":"max-snippet:-1","max-image-preview":"max-image-preview:large","max-video-preview":"max-video-preview:-1"},"canonical":"https:\/\/www.skydiveinterlaken.ch\/de\/fallschirmspringen-schweiz\/","og_locale":"de_DE","og_type":"article","og_title":"Fallschirmspringen Schweiz: Interlaken & Lauterbrunnen Skydives","og_description":"Erlebe einzigartiges Tandem-Fallschirmspringen mit dem Helikopter in Interlaken & Lauterbrunnen, Schweiz. Unvergessliche Skydive-Abenteuer.","og_url":"https:\/\/www.skydiveinterlaken.ch\/de\/fallschirmspringen-schweiz\/","og_site_name":"Skydive Interlaken","article_modified_time":"2026-04-15T14:59:15+00:00","og_image":[{"width":1920,"height":1280,"url":"https:\/\/www.skydiveinterlaken.ch\/wp-content\/uploads\/2025\/06\/SDI_Addons.jpg","type":"image\/jpeg"}],"twitter_card":"summary_large_image","twitter_misc":{"Gesch\u00e4tzte Lesezeit":"1\u00a0Minute"},"schema":{"@context":"https:\/\/schema.org","@graph":[{"@type":"WebPage","@id":"https:\/\/www.skydiveinterlaken.ch\/de\/fallschirmspringen-schweiz\/","url":"https:\/\/www.skydiveinterlaken.ch\/de\/fallschirmspringen-schweiz\/","name":"Fallschirmspringen Schweiz: Interlaken & Lauterbrunnen Skydives","isPartOf":{"@id":"https:\/\/www.skydiveinterlaken.ch\/#website"},"primaryImageOfPage":{"@id":"https:\/\/www.skydiveinterlaken.ch\/de\/fallschirmspringen-schweiz\/#primaryimage"},"image":{"@id":"https:\/\/www.skydiveinterlaken.ch\/de\/fallschirmspringen-schweiz\/#primaryimage"},"thumbnailUrl":"https:\/\/www.skydiveinterlaken.ch\/wp-content\/uploads\/2025\/06\/SDI_Addons.jpg","datePublished":"2024-02-21T03:01:17+00:00","dateModified":"2026-04-15T14:59:15+00:00","description":"Erlebe einzigartiges Tandem-Fallschirmspringen mit dem Helikopter in Interlaken & Lauterbrunnen, Schweiz. Unvergessliche Skydive-Abenteuer.","breadcrumb":{"@id":"https:\/\/www.skydiveinterlaken.ch\/de\/fallschirmspringen-schweiz\/#breadcrumb"},"inLanguage":"de","potentialAction":[{"@type":"ReadAction","target":["https:\/\/www.skydiveinterlaken.ch\/de\/fallschirmspringen-schweiz\/"]}]},{"@type":"ImageObject","inLanguage":"de","@id":"https:\/\/www.skydiveinterlaken.ch\/de\/fallschirmspringen-schweiz\/#primaryimage","url":"https:\/\/www.skydiveinterlaken.ch\/wp-content\/uploads\/2025\/06\/SDI_Addons.jpg","contentUrl":"https:\/\/www.skydiveinterlaken.ch\/wp-content\/uploads\/2025\/06\/SDI_Addons.jpg","width":1920,"height":1280},{"@type":"BreadcrumbList","@id":"https:\/\/www.skydiveinterlaken.ch\/de\/fallschirmspringen-schweiz\/#breadcrumb","itemListElement":[{"@type":"ListItem","position":1,"name":"Home","item":"https:\/\/www.skydiveinterlaken.ch\/de\/"},{"@type":"ListItem","position":2,"name":"Fallschirmspringen-Schweiz"}]},{"@type":"WebSite","@id":"https:\/\/www.skydiveinterlaken.ch\/#website","url":"https:\/\/www.skydiveinterlaken.ch\/","name":"Skydive Interlaken","description":"","publisher":{"@id":"https:\/\/www.skydiveinterlaken.ch\/#organization"},"potentialAction":[{"@type":"SearchAction","target":{"@type":"EntryPoint","urlTemplate":"https:\/\/www.skydiveinterlaken.ch\/?s={search_term_string}"},"query-input":{"@type":"PropertyValueSpecification","valueRequired":true,"valueName":"search_term_string"}}],"inLanguage":"de"},{"@type":"Organization","@id":"https:\/\/www.skydiveinterlaken.ch\/#organization","name":"Skydive Interlaken","url":"https:\/\/www.skydiveinterlaken.ch\/","logo":{"@type":"ImageObject","inLanguage":"de","@id":"https:\/\/www.skydiveinterlaken.ch\/#\/schema\/logo\/image\/","url":"https:\/\/www.skydiveinterlaken.ch\/wp-content\/uploads\/2025\/07\/google-icon.png","contentUrl":"https:\/\/www.skydiveinterlaken.ch\/wp-content\/uploads\/2025\/07\/google-icon.png","width":512,"height":512,"caption":"Skydive Interlaken"},"image":{"@id":"https:\/\/www.skydiveinterlaken.ch\/#\/schema\/logo\/image\/"}}]}},"_links":{"self":[{"href":"https:\/\/www.skydiveinterlaken.ch\/de\/wp-json\/wp\/v2\/pages\/10600","targetHints":{"allow":["GET"]}}],"collection":[{"href":"https:\/\/www.skydiveinterlaken.ch\/de\/wp-json\/wp\/v2\/pages"}],"about":[{"href":"https:\/\/www.skydiveinterlaken.ch\/de\/wp-json\/wp\/v2\/types\/page"}],"author":[{"embeddable":true,"href":"https:\/\/www.skydiveinterlaken.ch\/de\/wp-json\/wp\/v2\/users\/10"}],"replies":[{"embeddable":true,"href":"https:\/\/www.skydiveinterlaken.ch\/de\/wp-json\/wp\/v2\/comments?post=10600"}],"version-history":[{"count":8,"href":"https:\/\/www.skydiveinterlaken.ch\/de\/wp-json\/wp\/v2\/pages\/10600\/revisions"}],"predecessor-version":[{"id":24379,"href":"https:\/\/www.skydiveinterlaken.ch\/de\/wp-json\/wp\/v2\/pages\/10600\/revisions\/24379"}],"wp:featuredmedia":[{"embeddable":true,"href":"https:\/\/www.skydiveinterlaken.ch\/de\/wp-json\/wp\/v2\/media\/14734"}],"wp:attachment":[{"href":"https:\/\/www.skydiveinterlaken.ch\/de\/wp-json\/wp\/v2\/media?parent=10600"}],"curies":[{"name":"wp","href":"https:\/\/api.w.org\/{rel}","templated":true}]}}