{"id":10593,"date":"2024-02-23T06:37:05","date_gmt":"2024-02-23T05:37:05","guid":{"rendered":"https:\/\/www.skydiveinterlaken.ch\/?page_id=10593"},"modified":"2025-10-21T15:35:45","modified_gmt":"2025-10-21T13:35:45","slug":"erlebnisse-lauterbrunnen","status":"publish","type":"page","link":"https:\/\/www.skydiveinterlaken.ch\/de\/erlebnisse-lauterbrunnen\/","title":{"rendered":"Erlebnisse in Lauterbrunnen"},"content":{"rendered":"","protected":false},"excerpt":{"rendered":"<p>Entdecken Sie das bezaubernde Schweizer Dorf Lauterbrunnen, eingebettet im Herzen der majest\u00e4tischen Alpen. Von Fallschirmspringen und Panoramafl\u00fcgen bis hin zu charmanten Festen und atemberaubenden Naturwundern \u2013 Lauterbrunnen bietet eine Welt voller Abenteuer und Entdeckungen. Tauchen Sie ein in adrenalingeladene Aktivit\u00e4ten, erkunden Sie nahegelegene Sehensw\u00fcrdigkeiten und finden Sie die perfekte Unterkunft f\u00fcr Ihre Auszeit in den Alpen. Beginnen Sie Ihre Reise nach Lauterbrunnen noch heute und erleben Sie das Schweizer Alpengef\u00fchl wie nie zuvor.<\/p>\n","protected":false},"author":10,"featured_media":12981,"parent":0,"menu_order":0,"comment_status":"closed","ping_status":"closed","template":"page-templates\/page-destination.php","meta":{"_acf_changed":false,"inline_featured_image":false,"footnotes":""},"class_list":["post-10593","page","type-page","status-publish","has-post-thumbnail","hentry"],"acf":[],"yoast_head":"<!-- This site is optimized with the Yoast SEO plugin v27.4 - https:\/\/yoast.com\/product\/yoast-seo-wordpress\/ -->\n<title>Aktivit\u00e4ten in Lauterbrunnen - Skydiving, Panoramafl\u00fcge &amp; Mehr!<\/title>\n<meta name=\"description\" content=\"Erkunden Sie Lauterbrunnen: Wandern, Skydiving und Tourismus-Abenteuer im Schweizer Alpenjuwel. Ihr perfekter Urlaub wartet!\" \/>\n<meta name=\"robots\" content=\"index, follow, max-snippet:-1, max-image-preview:large, max-video-preview:-1\" \/>\n<link rel=\"canonical\" href=\"https:\/\/www.skydiveinterlaken.ch\/de\/erlebnisse-lauterbrunnen\/\" \/>\n<meta property=\"og:locale\" content=\"de_DE\" \/>\n<meta property=\"og:type\" content=\"article\" \/>\n<meta property=\"og:title\" content=\"Aktivit\u00e4ten in Lauterbrunnen - Skydiving, Panoramafl\u00fcge &amp; Mehr!\" \/>\n<meta property=\"og:description\" content=\"Erkunden Sie Lauterbrunnen: Wandern, Skydiving und Tourismus-Abenteuer im Schweizer Alpenjuwel. Ihr perfekter Urlaub wartet!\" \/>\n<meta property=\"og:url\" content=\"https:\/\/www.skydiveinterlaken.ch\/de\/erlebnisse-lauterbrunnen\/\" \/>\n<meta property=\"og:site_name\" content=\"Skydive Interlaken\" \/>\n<meta property=\"article:modified_time\" content=\"2025-10-21T13:35:45+00:00\" \/>\n<meta property=\"og:image\" content=\"https:\/\/www.skydiveinterlaken.ch\/wp-content\/uploads\/2024\/10\/Header-Banner-Lauterbrunnen-Winter.webp\" \/>\n\t<meta property=\"og:image:width\" content=\"1920\" \/>\n\t<meta property=\"og:image:height\" content=\"882\" \/>\n\t<meta property=\"og:image:type\" content=\"image\/webp\" \/>\n<meta name=\"twitter:card\" content=\"summary_large_image\" \/>\n<meta name=\"twitter:label1\" content=\"Gesch\u00e4tzte Lesezeit\" \/>\n\t<meta name=\"twitter:data1\" content=\"1\u00a0Minute\" \/>\n<script type=\"application\/ld+json\" class=\"yoast-schema-graph\">{\"@context\":\"https:\\\/\\\/schema.org\",\"@graph\":[{\"@type\":\"WebPage\",\"@id\":\"https:\\\/\\\/www.skydiveinterlaken.ch\\\/de\\\/erlebnisse-lauterbrunnen\\\/\",\"url\":\"https:\\\/\\\/www.skydiveinterlaken.ch\\\/de\\\/erlebnisse-lauterbrunnen\\\/\",\"name\":\"Aktivit\u00e4ten in Lauterbrunnen - Skydiving, Panoramafl\u00fcge & Mehr!\",\"isPartOf\":{\"@id\":\"https:\\\/\\\/www.skydiveinterlaken.ch\\\/#website\"},\"primaryImageOfPage\":{\"@id\":\"https:\\\/\\\/www.skydiveinterlaken.ch\\\/de\\\/erlebnisse-lauterbrunnen\\\/#primaryimage\"},\"image\":{\"@id\":\"https:\\\/\\\/www.skydiveinterlaken.ch\\\/de\\\/erlebnisse-lauterbrunnen\\\/#primaryimage\"},\"thumbnailUrl\":\"https:\\\/\\\/www.skydiveinterlaken.ch\\\/wp-content\\\/uploads\\\/2024\\\/10\\\/Header-Banner-Lauterbrunnen-Winter.webp\",\"datePublished\":\"2024-02-23T05:37:05+00:00\",\"dateModified\":\"2025-10-21T13:35:45+00:00\",\"description\":\"Erkunden Sie Lauterbrunnen: Wandern, Skydiving und Tourismus-Abenteuer im Schweizer Alpenjuwel. Ihr perfekter Urlaub wartet!\",\"breadcrumb\":{\"@id\":\"https:\\\/\\\/www.skydiveinterlaken.ch\\\/de\\\/erlebnisse-lauterbrunnen\\\/#breadcrumb\"},\"inLanguage\":\"de\",\"potentialAction\":[{\"@type\":\"ReadAction\",\"target\":[\"https:\\\/\\\/www.skydiveinterlaken.ch\\\/de\\\/erlebnisse-lauterbrunnen\\\/\"]}]},{\"@type\":\"ImageObject\",\"inLanguage\":\"de\",\"@id\":\"https:\\\/\\\/www.skydiveinterlaken.ch\\\/de\\\/erlebnisse-lauterbrunnen\\\/#primaryimage\",\"url\":\"https:\\\/\\\/www.skydiveinterlaken.ch\\\/wp-content\\\/uploads\\\/2024\\\/10\\\/Header-Banner-Lauterbrunnen-Winter.webp\",\"contentUrl\":\"https:\\\/\\\/www.skydiveinterlaken.ch\\\/wp-content\\\/uploads\\\/2024\\\/10\\\/Header-Banner-Lauterbrunnen-Winter.webp\",\"width\":1920,\"height\":882,\"caption\":\"Lauterbrunnen, Switzerland - Winter\"},{\"@type\":\"BreadcrumbList\",\"@id\":\"https:\\\/\\\/www.skydiveinterlaken.ch\\\/de\\\/erlebnisse-lauterbrunnen\\\/#breadcrumb\",\"itemListElement\":[{\"@type\":\"ListItem\",\"position\":1,\"name\":\"Home\",\"item\":\"https:\\\/\\\/www.skydiveinterlaken.ch\\\/de\\\/\"},{\"@type\":\"ListItem\",\"position\":2,\"name\":\"Erlebnisse in Lauterbrunnen\"}]},{\"@type\":\"WebSite\",\"@id\":\"https:\\\/\\\/www.skydiveinterlaken.ch\\\/#website\",\"url\":\"https:\\\/\\\/www.skydiveinterlaken.ch\\\/\",\"name\":\"Skydive Interlaken\",\"description\":\"\",\"publisher\":{\"@id\":\"https:\\\/\\\/www.skydiveinterlaken.ch\\\/#organization\"},\"potentialAction\":[{\"@type\":\"SearchAction\",\"target\":{\"@type\":\"EntryPoint\",\"urlTemplate\":\"https:\\\/\\\/www.skydiveinterlaken.ch\\\/?s={search_term_string}\"},\"query-input\":{\"@type\":\"PropertyValueSpecification\",\"valueRequired\":true,\"valueName\":\"search_term_string\"}}],\"inLanguage\":\"de\"},{\"@type\":\"Organization\",\"@id\":\"https:\\\/\\\/www.skydiveinterlaken.ch\\\/#organization\",\"name\":\"Skydive Interlaken\",\"url\":\"https:\\\/\\\/www.skydiveinterlaken.ch\\\/\",\"logo\":{\"@type\":\"ImageObject\",\"inLanguage\":\"de\",\"@id\":\"https:\\\/\\\/www.skydiveinterlaken.ch\\\/#\\\/schema\\\/logo\\\/image\\\/\",\"url\":\"https:\\\/\\\/www.skydiveinterlaken.ch\\\/wp-content\\\/uploads\\\/2025\\\/07\\\/google-icon.png\",\"contentUrl\":\"https:\\\/\\\/www.skydiveinterlaken.ch\\\/wp-content\\\/uploads\\\/2025\\\/07\\\/google-icon.png\",\"width\":512,\"height\":512,\"caption\":\"Skydive Interlaken\"},\"image\":{\"@id\":\"https:\\\/\\\/www.skydiveinterlaken.ch\\\/#\\\/schema\\\/logo\\\/image\\\/\"}}]}<\/script>\n<!-- \/ Yoast SEO plugin. -->","yoast_head_json":{"title":"Aktivit\u00e4ten in Lauterbrunnen - Skydiving, Panoramafl\u00fcge & Mehr!","description":"Erkunden Sie Lauterbrunnen: Wandern, Skydiving und Tourismus-Abenteuer im Schweizer Alpenjuwel. Ihr perfekter Urlaub wartet!","robots":{"index":"index","follow":"follow","max-snippet":"max-snippet:-1","max-image-preview":"max-image-preview:large","max-video-preview":"max-video-preview:-1"},"canonical":"https:\/\/www.skydiveinterlaken.ch\/de\/erlebnisse-lauterbrunnen\/","og_locale":"de_DE","og_type":"article","og_title":"Aktivit\u00e4ten in Lauterbrunnen - Skydiving, Panoramafl\u00fcge & Mehr!","og_description":"Erkunden Sie Lauterbrunnen: Wandern, Skydiving und Tourismus-Abenteuer im Schweizer Alpenjuwel. Ihr perfekter Urlaub wartet!","og_url":"https:\/\/www.skydiveinterlaken.ch\/de\/erlebnisse-lauterbrunnen\/","og_site_name":"Skydive Interlaken","article_modified_time":"2025-10-21T13:35:45+00:00","og_image":[{"width":1920,"height":882,"url":"https:\/\/www.skydiveinterlaken.ch\/wp-content\/uploads\/2024\/10\/Header-Banner-Lauterbrunnen-Winter.webp","type":"image\/webp"}],"twitter_card":"summary_large_image","twitter_misc":{"Gesch\u00e4tzte Lesezeit":"1\u00a0Minute"},"schema":{"@context":"https:\/\/schema.org","@graph":[{"@type":"WebPage","@id":"https:\/\/www.skydiveinterlaken.ch\/de\/erlebnisse-lauterbrunnen\/","url":"https:\/\/www.skydiveinterlaken.ch\/de\/erlebnisse-lauterbrunnen\/","name":"Aktivit\u00e4ten in Lauterbrunnen - Skydiving, Panoramafl\u00fcge & Mehr!","isPartOf":{"@id":"https:\/\/www.skydiveinterlaken.ch\/#website"},"primaryImageOfPage":{"@id":"https:\/\/www.skydiveinterlaken.ch\/de\/erlebnisse-lauterbrunnen\/#primaryimage"},"image":{"@id":"https:\/\/www.skydiveinterlaken.ch\/de\/erlebnisse-lauterbrunnen\/#primaryimage"},"thumbnailUrl":"https:\/\/www.skydiveinterlaken.ch\/wp-content\/uploads\/2024\/10\/Header-Banner-Lauterbrunnen-Winter.webp","datePublished":"2024-02-23T05:37:05+00:00","dateModified":"2025-10-21T13:35:45+00:00","description":"Erkunden Sie Lauterbrunnen: Wandern, Skydiving und Tourismus-Abenteuer im Schweizer Alpenjuwel. Ihr perfekter Urlaub wartet!","breadcrumb":{"@id":"https:\/\/www.skydiveinterlaken.ch\/de\/erlebnisse-lauterbrunnen\/#breadcrumb"},"inLanguage":"de","potentialAction":[{"@type":"ReadAction","target":["https:\/\/www.skydiveinterlaken.ch\/de\/erlebnisse-lauterbrunnen\/"]}]},{"@type":"ImageObject","inLanguage":"de","@id":"https:\/\/www.skydiveinterlaken.ch\/de\/erlebnisse-lauterbrunnen\/#primaryimage","url":"https:\/\/www.skydiveinterlaken.ch\/wp-content\/uploads\/2024\/10\/Header-Banner-Lauterbrunnen-Winter.webp","contentUrl":"https:\/\/www.skydiveinterlaken.ch\/wp-content\/uploads\/2024\/10\/Header-Banner-Lauterbrunnen-Winter.webp","width":1920,"height":882,"caption":"Lauterbrunnen, Switzerland - Winter"},{"@type":"BreadcrumbList","@id":"https:\/\/www.skydiveinterlaken.ch\/de\/erlebnisse-lauterbrunnen\/#breadcrumb","itemListElement":[{"@type":"ListItem","position":1,"name":"Home","item":"https:\/\/www.skydiveinterlaken.ch\/de\/"},{"@type":"ListItem","position":2,"name":"Erlebnisse in Lauterbrunnen"}]},{"@type":"WebSite","@id":"https:\/\/www.skydiveinterlaken.ch\/#website","url":"https:\/\/www.skydiveinterlaken.ch\/","name":"Skydive Interlaken","description":"","publisher":{"@id":"https:\/\/www.skydiveinterlaken.ch\/#organization"},"potentialAction":[{"@type":"SearchAction","target":{"@type":"EntryPoint","urlTemplate":"https:\/\/www.skydiveinterlaken.ch\/?s={search_term_string}"},"query-input":{"@type":"PropertyValueSpecification","valueRequired":true,"valueName":"search_term_string"}}],"inLanguage":"de"},{"@type":"Organization","@id":"https:\/\/www.skydiveinterlaken.ch\/#organization","name":"Skydive Interlaken","url":"https:\/\/www.skydiveinterlaken.ch\/","logo":{"@type":"ImageObject","inLanguage":"de","@id":"https:\/\/www.skydiveinterlaken.ch\/#\/schema\/logo\/image\/","url":"https:\/\/www.skydiveinterlaken.ch\/wp-content\/uploads\/2025\/07\/google-icon.png","contentUrl":"https:\/\/www.skydiveinterlaken.ch\/wp-content\/uploads\/2025\/07\/google-icon.png","width":512,"height":512,"caption":"Skydive Interlaken"},"image":{"@id":"https:\/\/www.skydiveinterlaken.ch\/#\/schema\/logo\/image\/"}}]}},"_links":{"self":[{"href":"https:\/\/www.skydiveinterlaken.ch\/de\/wp-json\/wp\/v2\/pages\/10593","targetHints":{"allow":["GET"]}}],"collection":[{"href":"https:\/\/www.skydiveinterlaken.ch\/de\/wp-json\/wp\/v2\/pages"}],"about":[{"href":"https:\/\/www.skydiveinterlaken.ch\/de\/wp-json\/wp\/v2\/types\/page"}],"author":[{"embeddable":true,"href":"https:\/\/www.skydiveinterlaken.ch\/de\/wp-json\/wp\/v2\/users\/10"}],"replies":[{"embeddable":true,"href":"https:\/\/www.skydiveinterlaken.ch\/de\/wp-json\/wp\/v2\/comments?post=10593"}],"version-history":[{"count":7,"href":"https:\/\/www.skydiveinterlaken.ch\/de\/wp-json\/wp\/v2\/pages\/10593\/revisions"}],"predecessor-version":[{"id":17114,"href":"https:\/\/www.skydiveinterlaken.ch\/de\/wp-json\/wp\/v2\/pages\/10593\/revisions\/17114"}],"wp:featuredmedia":[{"embeddable":true,"href":"https:\/\/www.skydiveinterlaken.ch\/de\/wp-json\/wp\/v2\/media\/12981"}],"wp:attachment":[{"href":"https:\/\/www.skydiveinterlaken.ch\/de\/wp-json\/wp\/v2\/media?parent=10593"}],"curies":[{"name":"wp","href":"https:\/\/api.w.org\/{rel}","templated":true}]}}